{"id":36929,"date":"2022-09-27T16:15:46","date_gmt":"2022-09-27T16:15:46","guid":{"rendered":"https:\/\/topgetestet.de\/?product=paul-green-damen-sneaker-gymnastikschuh"},"modified":"2022-09-27T16:15:46","modified_gmt":"2022-09-27T16:15:46","slug":"paul-green-damen-sneaker-gymnastikschuh","status":"publish","type":"product","link":"https:\/\/topgetestet.de\/?product=paul-green-damen-sneaker-gymnastikschuh","title":{"rendered":"Paul Green Damen Sneaker Gymnastikschuh"},"content":{"rendered":"<p>Price: <span style=\"color:#b12704\">[price_with_discount]<\/span><br \/><i><small>(as of [price_update_date] &#8211; <span class=\"wp_automatic_amazon_disclaimer\" title=\"Product prices and availability are accurate as of the date\/time indicated and are subject to change. Any price and availability information displayed on [relevant Amazon Site(s), as applicable] at the time of purchase will apply to the purchase of this product.\">Details<\/span>)<\/small><\/i><\/p>\n<p><a href=\"https:\/\/amazon.de\/dp\/B08223Y5TJ?tag=topgetestet09-21\"><img decoding=\"async\" src=\"https:\/\/i.imgur.com\/ISRHEWs.png\"><\/a><br \/>\n[ad_1]<br \/>\n Um die Gesamtbewertung der Sterne und die prozentuale Aufschl\u00fcsselung nach Sternen zu berechnen, verwenden wir keinen einfachen Durchschnitt. Stattdessen ber\u00fccksichtigt unser System beispielsweise, wie aktuell eine Bewertung ist und ob der Pr\u00fcfer den Artikel bei Amazon gekauft hat. Es wurden auch Bewertungen analysiert, um die Vertrauensw\u00fcrdigkeit zu \u00fcberpr\u00fcfen. <br \/> Auslaufartikel (Produktion durch Hersteller eingestellt) \u200f : \u200e  Nein <br \/> Sprache \u200f : \u200e  Italienisch <br \/> Verpackungsabmessungen \u200f : \u200e  34.79 x 19.3 x 10.4 cm; 690 Gramm <br \/> Im Angebot von Amazon.de seit \u200f : \u200e  27. November 2019 <br \/> Hersteller \u200f : \u200e  Paul Green <br \/> ASIN \u200f : \u200e  B08224TMQ1 <br \/> Modellnummer \u200f : \u200e  4704-281 <br \/> Kategorie \u200f : \u200e  Damen <\/p>\n<p>Innenmaterial: Segeltuch<br \/>Sohle: EVA-Sohle (geringes Gewicht) mit gef\u00e4rbtem Streifen \/ Innensohle: Leder \/ Wechselfu\u00dfbett: Nein<br \/>Verschluss: Schn\u00fcrung<br \/>Absatzh\u00f6he: 1.5 cm<br \/>Absatzform: Flach<br \/>Materialzusammensetzung: Obermaterial: 100% Glattleder Leder<br \/>\n<br \/>[ad_2]<\/p>\n","protected":false},"excerpt":{"rendered":"<p>Price: [price_with_discount](as of [price_update_date] &#8211; Details) [ad_1] Um die Gesamtbewertung der Sterne und die prozentuale Aufschl\u00fcsselung nach Sternen zu berechnen, verwenden wir keinen einfachen Durchschnitt. Stattdessen ber\u00fccksichtigt unser System beispielsweise,<\/p>\n","protected":false},"featured_media":36930,"comment_status":"open","ping_status":"closed","template":"","meta":[],"product_cat":[230],"product_tag":[266],"class_list":{"0":"post-36929","1":"product","2":"type-product","3":"status-publish","4":"has-post-thumbnail","6":"product_cat-fashion","7":"product_tag-womens-fashion-sneakers","9":"first","10":"instock","11":"shipping-taxable","12":"product-type-external"},"aioseo_notices":[],"_links":{"self":[{"href":"https:\/\/topgetestet.de\/index.php?rest_route=\/wp\/v2\/product\/36929","targetHints":{"allow":["GET"]}}],"collection":[{"href":"https:\/\/topgetestet.de\/index.php?rest_route=\/wp\/v2\/product"}],"about":[{"href":"https:\/\/topgetestet.de\/index.php?rest_route=\/wp\/v2\/types\/product"}],"replies":[{"embeddable":true,"href":"https:\/\/topgetestet.de\/index.php?rest_route=%2Fwp%2Fv2%2Fcomments&post=36929"}],"wp:featuredmedia":[{"embeddable":true,"href":"https:\/\/topgetestet.de\/index.php?rest_route=\/wp\/v2\/media\/36930"}],"wp:attachment":[{"href":"https:\/\/topgetestet.de\/index.php?rest_route=%2Fwp%2Fv2%2Fmedia&parent=36929"}],"wp:term":[{"taxonomy":"product_cat","embeddable":true,"href":"https:\/\/topgetestet.de\/index.php?rest_route=%2Fwp%2Fv2%2Fproduct_cat&post=36929"},{"taxonomy":"product_tag","embeddable":true,"href":"https:\/\/topgetestet.de\/index.php?rest_route=%2Fwp%2Fv2%2Fproduct_tag&post=36929"}],"curies":[{"name":"wp","href":"https:\/\/api.w.org\/{rel}","templated":true}]}}