{"id":36050,"date":"2022-09-27T10:02:43","date_gmt":"2022-09-27T10:02:43","guid":{"rendered":"https:\/\/topgetestet.de\/?post_type=product&#038;p=36050"},"modified":"2022-09-27T10:02:43","modified_gmt":"2022-09-27T10:02:43","slug":"agfa-photo-realishot-dc5500-kompakt-digitalkamera-schwarz","status":"publish","type":"product","link":"https:\/\/topgetestet.de\/?product=agfa-photo-realishot-dc5500-kompakt-digitalkamera-schwarz","title":{"rendered":"Agfa Photo Realishot DC5500 Kompakt-Digitalkamera, Schwarz"},"content":{"rendered":"<p>Price: <span style=\"color:#b12704\">[price_with_discount]<\/span><br \/><i><small>(as of [price_update_date] &#8211; <span class=\"wp_automatic_amazon_disclaimer\" title=\"Product prices and availability are accurate as of the date\/time indicated and are subject to change. Any price and availability information displayed on [relevant Amazon Site(s), as applicable] at the time of purchase will apply to the purchase of this product.\">Details<\/span>)<\/small><\/i><\/p>\n<p><a href=\"https:\/\/amazon.de\/dp\/B08ZKSWXHR?tag=topgetestet09-21\"><img decoding=\"async\" src=\"https:\/\/i.imgur.com\/ISRHEWs.png\"><\/a><br \/>\n[ad_1]<br \/>\n <span>Mit ihrem kompakten Design wird die Agfa Photo Realishot DC5500 Compact Digitalkamera Sie mit ihrer Einfachheit in der Anwendung verf\u00fchren. <\/p>\n<p>Der 5-MP-CMOS-Sensor nimmt interpolierte Fotos mit bis zu 24 MP und HD-Videos auf. <\/p>\n<p>Der 6,1 cm (2,4 Zoll) LCD-Bildschirm erm\u00f6glicht Ihnen das Einrahmen und Betrachten mit Leichtigkeit. <\/p>\n<p>Es ist mit 8-fachem Digitalzoom ausgestattet und Fotos werden auf SD-Karte (nicht im Lieferumfang enthalten) gespeichert, bis zu 32 GB. <\/p>\n<p>Angetrieben durch eine Lithium-Batterie, verf\u00fcgt es auch \u00fcber einen eingebauten Blitz und eine Selbstausl\u00f6ser-Funktion (2s, 5s oder 10s). <br \/><\/span> <br \/>5 Megapixel CMOS-Sensor<br \/>HD-Videoaufnahme<br \/>Digitaler Zoom: 8-fach<br \/>2,4 Zoll LCD-Bildschirm<br \/>Verwackelt nicht<br \/>\n<br \/>[ad_2]<\/p>\n","protected":false},"excerpt":{"rendered":"<p>Price: [price_with_discount](as of [price_update_date] &#8211; Details) [ad_1] Mit ihrem kompakten Design wird die Agfa Photo Realishot DC5500 Compact Digitalkamera Sie mit ihrer Einfachheit in der Anwendung verf\u00fchren. Der 5-MP-CMOS-Sensor nimmt<\/p>\n","protected":false},"featured_media":36051,"comment_status":"open","ping_status":"closed","template":"","meta":[],"product_cat":[226],"product_tag":[242],"class_list":{"0":"post-36050","1":"product","2":"type-product","3":"status-publish","4":"has-post-thumbnail","6":"product_cat-cameras","7":"product_tag-digital-point-shoot-cameras","9":"first","10":"instock","11":"shipping-taxable","12":"product-type-external"},"aioseo_notices":[],"_links":{"self":[{"href":"https:\/\/topgetestet.de\/index.php?rest_route=\/wp\/v2\/product\/36050","targetHints":{"allow":["GET"]}}],"collection":[{"href":"https:\/\/topgetestet.de\/index.php?rest_route=\/wp\/v2\/product"}],"about":[{"href":"https:\/\/topgetestet.de\/index.php?rest_route=\/wp\/v2\/types\/product"}],"replies":[{"embeddable":true,"href":"https:\/\/topgetestet.de\/index.php?rest_route=%2Fwp%2Fv2%2Fcomments&post=36050"}],"wp:featuredmedia":[{"embeddable":true,"href":"https:\/\/topgetestet.de\/index.php?rest_route=\/wp\/v2\/media\/36051"}],"wp:attachment":[{"href":"https:\/\/topgetestet.de\/index.php?rest_route=%2Fwp%2Fv2%2Fmedia&parent=36050"}],"wp:term":[{"taxonomy":"product_cat","embeddable":true,"href":"https:\/\/topgetestet.de\/index.php?rest_route=%2Fwp%2Fv2%2Fproduct_cat&post=36050"},{"taxonomy":"product_tag","embeddable":true,"href":"https:\/\/topgetestet.de\/index.php?rest_route=%2Fwp%2Fv2%2Fproduct_tag&post=36050"}],"curies":[{"name":"wp","href":"https:\/\/api.w.org\/{rel}","templated":true}]}}