{"id":35975,"date":"2022-09-27T09:36:05","date_gmt":"2022-09-27T09:36:05","guid":{"rendered":"https:\/\/topgetestet.de\/?post_type=product&#038;p=35975"},"modified":"2022-09-27T09:36:05","modified_gmt":"2022-09-27T09:36:05","slug":"peak-design-small-camera-cube-bcc-s-bk-1","status":"publish","type":"product","link":"https:\/\/topgetestet.de\/?product=peak-design-small-camera-cube-bcc-s-bk-1","title":{"rendered":"Peak Design Small Camera Cube (BCC-S-BK-1)"},"content":{"rendered":"<p>Price: <span style=\"color:#b12704\">[price_with_discount]<\/span><br \/><i><small>(as of [price_update_date] &#8211; <span class=\"wp_automatic_amazon_disclaimer\" title=\"Product prices and availability are accurate as of the date\/time indicated and are subject to change. Any price and availability information displayed on [relevant Amazon Site(s), as applicable] at the time of purchase will apply to the purchase of this product.\">Details<\/span>)<\/small><\/i><\/p>\n<p><a href=\"https:\/\/amazon.de\/dp\/B07GH3928D?tag=topgetestet09-21\"><img decoding=\"async\" src=\"https:\/\/i.imgur.com\/ISRHEWs.png\"><\/a><br \/>\n[ad_1]<br \/>\n <span>Peak Design BCC-S-BK-1 Kamera-Packw\u00fcrfel klein<\/span> <br \/>Der Camera Cube Small ist ein Packw\u00fcrfel f\u00fcr eine kleinere Kameraausr\u00fcstung und Teil der Travel-Line-Serie.<br \/>Der W\u00fcrfel fasst zum Beispiel eine spiegellose Systemkamera und vier Objektive. Volumen 6 L<br \/>Oder eine Vollformat-DSLR-Kamera und zwei Objektive. Alternativ w\u00e4re auch Platz f\u00fcr eine Mavic-Pro-Drohnen-Kit.<br \/>Deckelklappe mit Schnell\u00f6ffner-Rei\u00dfverschluss f\u00fcr ein schnelles Zugreifen auf den Inhalt und recyceltes Nylongewebe mit 400 D Gewebest\u00e4rke und wasserabweisender Impr\u00e4gnierung.<br \/>Inklusive zwei regalartigen Falteineilern. Damit passt sich das Innenfach f\u00fcr deine individuellen Bed\u00fcrfnisse und Ausr\u00fcstungsgegenst\u00e4nde an.<br \/>\n<br \/>[ad_2]<\/p>\n","protected":false},"excerpt":{"rendered":"<p>Price: [price_with_discount](as of [price_update_date] &#8211; Details) [ad_1] Peak Design BCC-S-BK-1 Kamera-Packw\u00fcrfel klein Der Camera Cube Small ist ein Packw\u00fcrfel f\u00fcr eine kleinere Kameraausr\u00fcstung und Teil der Travel-Line-Serie.Der W\u00fcrfel fasst zum<\/p>\n","protected":false},"featured_media":35976,"comment_status":"open","ping_status":"closed","template":"","meta":[],"product_cat":[226],"product_tag":[240],"class_list":{"0":"post-35975","1":"product","2":"type-product","3":"status-publish","4":"has-post-thumbnail","6":"product_cat-cameras","7":"product_tag-camera-photo","9":"first","10":"instock","11":"shipping-taxable","12":"product-type-external"},"aioseo_notices":[],"_links":{"self":[{"href":"https:\/\/topgetestet.de\/index.php?rest_route=\/wp\/v2\/product\/35975","targetHints":{"allow":["GET"]}}],"collection":[{"href":"https:\/\/topgetestet.de\/index.php?rest_route=\/wp\/v2\/product"}],"about":[{"href":"https:\/\/topgetestet.de\/index.php?rest_route=\/wp\/v2\/types\/product"}],"replies":[{"embeddable":true,"href":"https:\/\/topgetestet.de\/index.php?rest_route=%2Fwp%2Fv2%2Fcomments&post=35975"}],"wp:featuredmedia":[{"embeddable":true,"href":"https:\/\/topgetestet.de\/index.php?rest_route=\/wp\/v2\/media\/35976"}],"wp:attachment":[{"href":"https:\/\/topgetestet.de\/index.php?rest_route=%2Fwp%2Fv2%2Fmedia&parent=35975"}],"wp:term":[{"taxonomy":"product_cat","embeddable":true,"href":"https:\/\/topgetestet.de\/index.php?rest_route=%2Fwp%2Fv2%2Fproduct_cat&post=35975"},{"taxonomy":"product_tag","embeddable":true,"href":"https:\/\/topgetestet.de\/index.php?rest_route=%2Fwp%2Fv2%2Fproduct_tag&post=35975"}],"curies":[{"name":"wp","href":"https:\/\/api.w.org\/{rel}","templated":true}]}}