{"id":35869,"date":"2022-09-27T09:02:58","date_gmt":"2022-09-27T09:02:58","guid":{"rendered":"https:\/\/topgetestet.de\/?product=mammut-herren-mountain-t-shirt-men-moench-wander"},"modified":"2022-09-27T09:02:58","modified_gmt":"2022-09-27T09:02:58","slug":"mammut-herren-mountain-t-shirt-men-moench-wander","status":"publish","type":"product","link":"https:\/\/topgetestet.de\/?product=mammut-herren-mountain-t-shirt-men-moench-wander","title":{"rendered":"Mammut Herren Mountain T-Shirt Men Moench Wander"},"content":{"rendered":"<p>Price: <span style=\"color:#b12704\">[price_with_discount]<\/span><br \/><i><small>(as of [price_update_date] &#8211; <span class=\"wp_automatic_amazon_disclaimer\" title=\"Product prices and availability are accurate as of the date\/time indicated and are subject to change. Any price and availability information displayed on [relevant Amazon Site(s), as applicable] at the time of purchase will apply to the purchase of this product.\">Details<\/span>)<\/small><\/i><\/p>\n<p><a href=\"https:\/\/amazon.de\/dp\/B0B8J8P85F?tag=topgetestet09-21\"><img decoding=\"async\" src=\"https:\/\/i.imgur.com\/ISRHEWs.png\"><\/a><br \/>\n[ad_1]<br \/>\n <span>Das Mountain T-Shirt liegt dank drirelease\u00ae-Material angenehm weich auf der Haut. Durch seine besondere Fasermischung transportiert der pflegeleichte Stoff die Feuchtigkeit optimal ab und trocknet schnell. Raglan\u00e4rmel verhindern Druckstellen im Schulterbereich, ideal unter den Schultertr\u00e4gern eines Rucksacks. F\u00fcr mehr Komfort beim Wandern und bei anderen sportlichen Aktivit\u00e4ten. In Europa produziert.<\/span><br \/>\n<br \/>[ad_2]<\/p>\n","protected":false},"excerpt":{"rendered":"<p>Price: [price_with_discount](as of [price_update_date] &#8211; Details) [ad_1] Das Mountain T-Shirt liegt dank drirelease\u00ae-Material angenehm weich auf der Haut. Durch seine besondere Fasermischung transportiert der pflegeleichte Stoff die Feuchtigkeit optimal ab<\/p>\n","protected":false},"featured_media":35870,"comment_status":"open","ping_status":"closed","template":"","meta":[],"product_cat":[231],"product_tag":[],"class_list":{"0":"post-35869","1":"product","2":"type-product","3":"status-publish","4":"has-post-thumbnail","6":"product_cat-mens-fashion","8":"first","9":"instock","10":"shipping-taxable","11":"product-type-external"},"aioseo_notices":[],"_links":{"self":[{"href":"https:\/\/topgetestet.de\/index.php?rest_route=\/wp\/v2\/product\/35869","targetHints":{"allow":["GET"]}}],"collection":[{"href":"https:\/\/topgetestet.de\/index.php?rest_route=\/wp\/v2\/product"}],"about":[{"href":"https:\/\/topgetestet.de\/index.php?rest_route=\/wp\/v2\/types\/product"}],"replies":[{"embeddable":true,"href":"https:\/\/topgetestet.de\/index.php?rest_route=%2Fwp%2Fv2%2Fcomments&post=35869"}],"wp:featuredmedia":[{"embeddable":true,"href":"https:\/\/topgetestet.de\/index.php?rest_route=\/wp\/v2\/media\/35870"}],"wp:attachment":[{"href":"https:\/\/topgetestet.de\/index.php?rest_route=%2Fwp%2Fv2%2Fmedia&parent=35869"}],"wp:term":[{"taxonomy":"product_cat","embeddable":true,"href":"https:\/\/topgetestet.de\/index.php?rest_route=%2Fwp%2Fv2%2Fproduct_cat&post=35869"},{"taxonomy":"product_tag","embeddable":true,"href":"https:\/\/topgetestet.de\/index.php?rest_route=%2Fwp%2Fv2%2Fproduct_tag&post=35869"}],"curies":[{"name":"wp","href":"https:\/\/api.w.org\/{rel}","templated":true}]}}