{"id":35657,"date":"2022-09-27T07:38:56","date_gmt":"2022-09-27T07:38:56","guid":{"rendered":"https:\/\/topgetestet.de\/?product=ring-fit-adventure-nintendo-switch-just-dance-2022-nintendo-switch"},"modified":"2022-09-27T07:38:56","modified_gmt":"2022-09-27T07:38:56","slug":"ring-fit-adventure-nintendo-switch-just-dance-2022-nintendo-switch","status":"publish","type":"product","link":"https:\/\/topgetestet.de\/?product=ring-fit-adventure-nintendo-switch-just-dance-2022-nintendo-switch","title":{"rendered":"Ring Fit Adventure &#8211; [Nintendo Switch] + Just Dance 2022 &#8211; [Nintendo Switch]"},"content":{"rendered":"<p>Price: <span style=\"color:#b12704\">[price_with_discount]<\/span><br \/><i><small>(as of [price_update_date] &#8211; <span class=\"wp_automatic_amazon_disclaimer\" title=\"Product prices and availability are accurate as of the date\/time indicated and are subject to change. Any price and availability information displayed on [relevant Amazon Site(s), as applicable] at the time of purchase will apply to the purchase of this product.\">Details<\/span>)<\/small><\/i><\/p>\n<p><a href=\"https:\/\/amazon.de\/dp\/B09XN1FLFS?tag=topgetestet09-21\"><img decoding=\"async\" src=\"https:\/\/i.imgur.com\/ISRHEWs.png\"><\/a><br \/>\n[ad_1]<br \/>\n Mit dem neuen Ring-Con und dem Beingurt begibst du dich in Ring Fit Adventure auf eine spannende Fitness-Abenteuerreise. K\u00e4mpfe in vielen verschiedenen \u00dcbungen gegen zahlreiche Gegner und befreie die Welt aus den F\u00e4ngen des b\u00f6sen Bodybuilder-Drachen. <br \/> Alterseinstufung \u200f : \u200e  Nicht gepr\u00fcft <br \/> ASIN \u200f : \u200e  B09XN1FLFS <\/p>\n<p>Abenteuermodus: Virtuelle Gegner werden mit tats\u00e4chlich ausgef\u00fchrten Fitness-\u00dcbungen besiegt<br \/>Ring-Con und Beingurt: Neues, von Fitnessger\u00e4ten inspiriertes Zubeh\u00f6r, erkennt die Bewegungen der SpielerInnen und \u00fcbertr\u00e4gt sie ins Spiel<br \/>Das neue Just Dance 2022 enth\u00e4lt 40 neue Top-Hits f\u00fcr riesigen Tanzspa\u00df<br \/>Just Dance 2022 ben\u00f6tigt kein zus\u00e4tzliches Zubeh\u00f6r, um mitzutanzen. Dein Smartphone ist dein Controller<br \/>Starten Sie mit dem Sweat-Modus Ihr eigenes Workout und lassen Sie sich von Ihren verbrannten Kalorien und der getanzten Zeit motivieren<br \/>\n<br \/>[ad_2]<\/p>\n","protected":false},"excerpt":{"rendered":"<p>Price: [price_with_discount](as of [price_update_date] &#8211; Details) [ad_1] Mit dem neuen Ring-Con und dem Beingurt begibst du dich in Ring Fit Adventure auf eine spannende Fitness-Abenteuerreise. K\u00e4mpfe in vielen verschiedenen \u00dcbungen<\/p>\n","protected":false},"featured_media":35658,"comment_status":"open","ping_status":"closed","template":"","meta":[],"product_cat":[227],"product_tag":[264],"class_list":{"0":"post-35657","1":"product","2":"type-product","3":"status-publish","4":"has-post-thumbnail","6":"product_cat-gaming","7":"product_tag-playstation-4-accessories","9":"first","10":"instock","11":"shipping-taxable","12":"product-type-external"},"aioseo_notices":[],"_links":{"self":[{"href":"https:\/\/topgetestet.de\/index.php?rest_route=\/wp\/v2\/product\/35657","targetHints":{"allow":["GET"]}}],"collection":[{"href":"https:\/\/topgetestet.de\/index.php?rest_route=\/wp\/v2\/product"}],"about":[{"href":"https:\/\/topgetestet.de\/index.php?rest_route=\/wp\/v2\/types\/product"}],"replies":[{"embeddable":true,"href":"https:\/\/topgetestet.de\/index.php?rest_route=%2Fwp%2Fv2%2Fcomments&post=35657"}],"wp:featuredmedia":[{"embeddable":true,"href":"https:\/\/topgetestet.de\/index.php?rest_route=\/wp\/v2\/media\/35658"}],"wp:attachment":[{"href":"https:\/\/topgetestet.de\/index.php?rest_route=%2Fwp%2Fv2%2Fmedia&parent=35657"}],"wp:term":[{"taxonomy":"product_cat","embeddable":true,"href":"https:\/\/topgetestet.de\/index.php?rest_route=%2Fwp%2Fv2%2Fproduct_cat&post=35657"},{"taxonomy":"product_tag","embeddable":true,"href":"https:\/\/topgetestet.de\/index.php?rest_route=%2Fwp%2Fv2%2Fproduct_tag&post=35657"}],"curies":[{"name":"wp","href":"https:\/\/api.w.org\/{rel}","templated":true}]}}