{"id":35547,"date":"2022-09-27T07:00:49","date_gmt":"2022-09-27T07:00:49","guid":{"rendered":"https:\/\/topgetestet.de\/?product=revolution-hautpflege-transparent-quarz-facial-roller"},"modified":"2022-09-27T07:00:49","modified_gmt":"2022-09-27T07:00:49","slug":"revolution-hautpflege-transparent-quarz-facial-roller","status":"publish","type":"product","link":"https:\/\/topgetestet.de\/?product=revolution-hautpflege-transparent-quarz-facial-roller","title":{"rendered":"Revolution Hautpflege Transparent Quarz Facial Roller"},"content":{"rendered":"<p>Price: <span style=\"color:#b12704\">[price_with_discount]<\/span><br \/><i><small>(as of [price_update_date] &#8211; <span class=\"wp_automatic_amazon_disclaimer\" title=\"Product prices and availability are accurate as of the date\/time indicated and are subject to change. Any price and availability information displayed on [relevant Amazon Site(s), as applicable] at the time of purchase will apply to the purchase of this product.\">Details<\/span>)<\/small><\/i><\/p>\n<p><a href=\"https:\/\/amazon.de\/dp\/B0915SQ7ML?tag=topgetestet09-21\"><img decoding=\"async\" src=\"https:\/\/i.imgur.com\/ISRHEWs.png\"><\/a><br \/>\n[ad_1]<br \/>\n <span>Hergestellt aus echtem, klarem Quarz, ist dieser einzigartige Kristall traditionell bekannt f\u00fcr seine F\u00e4higkeit, negative Energie zu heilen und freizusetzen. Rollen Sie einfach in einer Aufw\u00e4rtsbewegung \u00fcber Ihre Haut, um die Durchblutung zu steigern und die Aufnahme von Seren und Masken zu unterst\u00fctzen (und auch gute Stimmung).<\/span><br \/>\n<br \/>[ad_2]<\/p>\n","protected":false},"excerpt":{"rendered":"<p>Price: [price_with_discount](as of [price_update_date] &#8211; Details) [ad_1] Hergestellt aus echtem, klarem Quarz, ist dieser einzigartige Kristall traditionell bekannt f\u00fcr seine F\u00e4higkeit, negative Energie zu heilen und freizusetzen. Rollen Sie einfach<\/p>\n","protected":false},"featured_media":35548,"comment_status":"open","ping_status":"closed","template":"","meta":[],"product_cat":[228],"product_tag":[243],"class_list":{"0":"post-35547","1":"product","2":"type-product","3":"status-publish","4":"has-post-thumbnail","6":"product_cat-beauty","7":"product_tag-facial-rollers","9":"first","10":"instock","11":"shipping-taxable","12":"product-type-external"},"aioseo_notices":[],"_links":{"self":[{"href":"https:\/\/topgetestet.de\/index.php?rest_route=\/wp\/v2\/product\/35547","targetHints":{"allow":["GET"]}}],"collection":[{"href":"https:\/\/topgetestet.de\/index.php?rest_route=\/wp\/v2\/product"}],"about":[{"href":"https:\/\/topgetestet.de\/index.php?rest_route=\/wp\/v2\/types\/product"}],"replies":[{"embeddable":true,"href":"https:\/\/topgetestet.de\/index.php?rest_route=%2Fwp%2Fv2%2Fcomments&post=35547"}],"wp:featuredmedia":[{"embeddable":true,"href":"https:\/\/topgetestet.de\/index.php?rest_route=\/wp\/v2\/media\/35548"}],"wp:attachment":[{"href":"https:\/\/topgetestet.de\/index.php?rest_route=%2Fwp%2Fv2%2Fmedia&parent=35547"}],"wp:term":[{"taxonomy":"product_cat","embeddable":true,"href":"https:\/\/topgetestet.de\/index.php?rest_route=%2Fwp%2Fv2%2Fproduct_cat&post=35547"},{"taxonomy":"product_tag","embeddable":true,"href":"https:\/\/topgetestet.de\/index.php?rest_route=%2Fwp%2Fv2%2Fproduct_tag&post=35547"}],"curies":[{"name":"wp","href":"https:\/\/api.w.org\/{rel}","templated":true}]}}