{"id":35111,"date":"2022-09-27T05:44:58","date_gmt":"2022-09-27T05:44:58","guid":{"rendered":"https:\/\/topgetestet.de\/?product=charles-colby-herren-kurzarm-kurzarmhemd-duke-gresham"},"modified":"2022-09-27T05:44:58","modified_gmt":"2022-09-27T05:44:58","slug":"charles-colby-herren-kurzarm-kurzarmhemd-duke-gresham","status":"publish","type":"product","link":"https:\/\/topgetestet.de\/?product=charles-colby-herren-kurzarm-kurzarmhemd-duke-gresham","title":{"rendered":"Charles Colby Herren Kurzarm Kurzarmhemd Duke Gresham"},"content":{"rendered":"<p>Price: <span style=\"color:#b12704\">[price_with_discount]<\/span><br \/><i><small>(as of [price_update_date] &#8211; <span class=\"wp_automatic_amazon_disclaimer\" title=\"Product prices and availability are accurate as of the date\/time indicated and are subject to change. Any price and availability information displayed on [relevant Amazon Site(s), as applicable] at the time of purchase will apply to the purchase of this product.\">Details<\/span>)<\/small><\/i><\/p>\n<p><a href=\"https:\/\/amazon.de\/dp\/B08T6MNQJH?tag=topgetestet09-21\"><img decoding=\"async\" src=\"https:\/\/i.imgur.com\/ISRHEWs.png\"><\/a><br \/>\n[ad_1]<br \/>\n <span>Charles Colby bietet britischen Chic f\u00fcr Herrenmode in gro\u00dfen Gr\u00f6\u00dfen. Karohemden haben einfach immer Saison! Das Kurzarmhemd DUKE GRESHAM \u00fcberzeugt mit Button-Down-Kragen und klassischem Muster. Die aufgesetzte Brusttasche mit dezentem CC-Logo rundet den Look ab. Zwei R\u00fcckenfalten sorgen f\u00fcr mehr Komfort. 100% Baumwolle. Maschinenw\u00e4sche.<\/span><br \/> Verpackungsabmessungen \u200f : \u200e  38.18 x 28.09 x 5.49 cm; 250 Gramm <br \/> Im Angebot von Amazon.de seit \u200f : \u200e  13. Januar 2021 <br \/> Hersteller \u200f : \u200e  Charles Colby <br \/> ASIN \u200f : \u200e  B08T6MNQJH <br \/> Herstellerreferenz \u200f : \u200e  C29201-0001 <br \/> Kategorie \u200f : \u200e  Herren <\/p>\n<p>Mit Button-Down-Kragen<br \/>Kragenform: Button-Down-Kragen<br \/>Kurzarm<br \/>Verschluss: Knopfleiste<br \/>100% Baumwolle<br \/>Hemd<br \/>\n<br \/>[ad_2]<\/p>\n","protected":false},"excerpt":{"rendered":"<p>Price: [price_with_discount](as of [price_update_date] &#8211; Details) [ad_1] Charles Colby bietet britischen Chic f\u00fcr Herrenmode in gro\u00dfen Gr\u00f6\u00dfen. Karohemden haben einfach immer Saison! Das Kurzarmhemd DUKE GRESHAM \u00fcberzeugt mit Button-Down-Kragen und<\/p>\n","protected":false},"featured_media":35112,"comment_status":"open","ping_status":"closed","template":"","meta":[],"product_cat":[232],"product_tag":[],"class_list":{"0":"post-35111","1":"product","2":"type-product","3":"status-publish","4":"has-post-thumbnail","6":"product_cat-women-fashion","8":"first","9":"instock","10":"shipping-taxable","11":"product-type-external"},"aioseo_notices":[],"_links":{"self":[{"href":"https:\/\/topgetestet.de\/index.php?rest_route=\/wp\/v2\/product\/35111","targetHints":{"allow":["GET"]}}],"collection":[{"href":"https:\/\/topgetestet.de\/index.php?rest_route=\/wp\/v2\/product"}],"about":[{"href":"https:\/\/topgetestet.de\/index.php?rest_route=\/wp\/v2\/types\/product"}],"replies":[{"embeddable":true,"href":"https:\/\/topgetestet.de\/index.php?rest_route=%2Fwp%2Fv2%2Fcomments&post=35111"}],"wp:featuredmedia":[{"embeddable":true,"href":"https:\/\/topgetestet.de\/index.php?rest_route=\/wp\/v2\/media\/35112"}],"wp:attachment":[{"href":"https:\/\/topgetestet.de\/index.php?rest_route=%2Fwp%2Fv2%2Fmedia&parent=35111"}],"wp:term":[{"taxonomy":"product_cat","embeddable":true,"href":"https:\/\/topgetestet.de\/index.php?rest_route=%2Fwp%2Fv2%2Fproduct_cat&post=35111"},{"taxonomy":"product_tag","embeddable":true,"href":"https:\/\/topgetestet.de\/index.php?rest_route=%2Fwp%2Fv2%2Fproduct_tag&post=35111"}],"curies":[{"name":"wp","href":"https:\/\/api.w.org\/{rel}","templated":true}]}}