{"id":35015,"date":"2022-09-27T05:18:28","date_gmt":"2022-09-27T05:18:28","guid":{"rendered":"https:\/\/topgetestet.de\/?product=nike-herren-air-zoom-pegasus-38-laufschuh"},"modified":"2022-09-27T05:18:28","modified_gmt":"2022-09-27T05:18:28","slug":"nike-herren-air-zoom-pegasus-38-laufschuh","status":"publish","type":"product","link":"https:\/\/topgetestet.de\/?product=nike-herren-air-zoom-pegasus-38-laufschuh","title":{"rendered":"Nike Herren Air Zoom Pegasus 38 Laufschuh"},"content":{"rendered":"<p>Price: <span style=\"color:#b12704\">[price_with_discount]<\/span><br \/><i><small>(as of [price_update_date] &#8211; <span class=\"wp_automatic_amazon_disclaimer\" title=\"Product prices and availability are accurate as of the date\/time indicated and are subject to change. Any price and availability information displayed on [relevant Amazon Site(s), as applicable] at the time of purchase will apply to the purchase of this product.\">Details<\/span>)<\/small><\/i><\/p>\n<p><a href=\"https:\/\/amazon.de\/dp\/B098PD7273?tag=topgetestet09-21\"><img decoding=\"async\" src=\"https:\/\/i.imgur.com\/ISRHEWs.png\"><\/a><br \/>\n[ad_1]<br \/>\n <span>Bringen Sie Ihr Training auf das n\u00e4chste Level mit dem Nike Air Zoom Pegasus 38. Die unglaubliche React-D\u00e4mpfung und die neue Air-Einheit im Vorfu\u00df geben Ihrem Laufverhalten. Das leichte Obermaterial ist unglaublich atmungsaktiv. Die reduzierte und perfekt positionierte Polsterung erm\u00f6glicht es Ihnen, hei\u00dfe Stellen zu beseitigen. Und die extrem griffige Sohle? Nun, wir sagen, dass Sie beim Laufen aufrecht stehen m\u00fcssen. Heben Sie den Staub auf und sehen Sie, wie die Stra\u00dfe hinter Ihnen verschwindet. Mit dem Nike React Schaum in der Zwischensohle f\u00fchlt sich an wie eine Feder an deinen F\u00fc\u00dfen. Leichtigkeit, Elastizit\u00e4t und Haltbarkeit: Je mehr Schaumstoff bedeutet mehr D\u00e4mpfung, ohne dass viel Platz f\u00fcr die meisten Gegenst\u00e4nde ist. Der Air Zoom im Vorfu\u00df ist doppelt so gro\u00df wie die Vorg\u00e4ngermodelle, was bei jedem Schritt mehr Elastizit\u00e4t bietet. Sie liegt n\u00e4her am Fu\u00df f\u00fcr eine bessere Reaktionsf\u00e4higkeit, w\u00e4hrend sich die Mittelarme-Bandage an die Gr\u00f6\u00dfe Ihres Fu\u00dfes anpasst, um Komfort und Stabilit\u00e4t bei jedem Schritt zu bieten. Worauf warten Sie noch? F\u00fcr Geschwindigkeit vorbereitet: Das halbtransparente Obermaterial verleiht einen Speed-inspirierten Look und ist so konzipiert, dass der Fu\u00df beim Laufen unterst\u00fctzt. Mesh-Details f\u00f6rdern die Atmungsaktivit\u00e4t.<\/span> <br \/> Verpackungsabmessungen \u200f : \u200e  36.1 x 23.7 x 12.4 cm; 880 Gramm <br \/> Im Angebot von Amazon.de seit \u200f : \u200e  5. Juli 2021 <br \/> Hersteller \u200f : \u200e  Nike <br \/> ASIN \u200f : \u200e  B098PD7273 <br \/> Modellnummer \u200f : \u200e  DJ5397-100 <br \/> Kategorie \u200f : \u200e  Herren <\/p>\n<p>[ad_2]<\/p>\n","protected":false},"excerpt":{"rendered":"<p>Price: [price_with_discount](as of [price_update_date] &#8211; Details) [ad_1] Bringen Sie Ihr Training auf das n\u00e4chste Level mit dem Nike Air Zoom Pegasus 38. Die unglaubliche React-D\u00e4mpfung und die neue Air-Einheit im<\/p>\n","protected":false},"featured_media":35016,"comment_status":"open","ping_status":"closed","template":"","meta":[],"product_cat":[234],"product_tag":[235],"class_list":{"0":"post-35015","1":"product","2":"type-product","3":"status-publish","4":"has-post-thumbnail","6":"product_cat-shoes","7":"product_tag-mens-road-running-shoes","9":"first","10":"instock","11":"shipping-taxable","12":"product-type-external"},"aioseo_notices":[],"_links":{"self":[{"href":"https:\/\/topgetestet.de\/index.php?rest_route=\/wp\/v2\/product\/35015","targetHints":{"allow":["GET"]}}],"collection":[{"href":"https:\/\/topgetestet.de\/index.php?rest_route=\/wp\/v2\/product"}],"about":[{"href":"https:\/\/topgetestet.de\/index.php?rest_route=\/wp\/v2\/types\/product"}],"replies":[{"embeddable":true,"href":"https:\/\/topgetestet.de\/index.php?rest_route=%2Fwp%2Fv2%2Fcomments&post=35015"}],"wp:featuredmedia":[{"embeddable":true,"href":"https:\/\/topgetestet.de\/index.php?rest_route=\/wp\/v2\/media\/35016"}],"wp:attachment":[{"href":"https:\/\/topgetestet.de\/index.php?rest_route=%2Fwp%2Fv2%2Fmedia&parent=35015"}],"wp:term":[{"taxonomy":"product_cat","embeddable":true,"href":"https:\/\/topgetestet.de\/index.php?rest_route=%2Fwp%2Fv2%2Fproduct_cat&post=35015"},{"taxonomy":"product_tag","embeddable":true,"href":"https:\/\/topgetestet.de\/index.php?rest_route=%2Fwp%2Fv2%2Fproduct_tag&post=35015"}],"curies":[{"name":"wp","href":"https:\/\/api.w.org\/{rel}","templated":true}]}}