{"id":34866,"date":"2022-09-27T04:24:44","date_gmt":"2022-09-27T04:24:44","guid":{"rendered":"https:\/\/topgetestet.de\/?product=hush-puppies-damen-cesky-knit-slipon-turnschuh"},"modified":"2022-09-27T04:24:44","modified_gmt":"2022-09-27T04:24:44","slug":"hush-puppies-damen-cesky-knit-slipon-turnschuh","status":"publish","type":"product","link":"https:\/\/topgetestet.de\/?product=hush-puppies-damen-cesky-knit-slipon-turnschuh","title":{"rendered":"Hush Puppies Damen Cesky Knit Slipon Turnschuh"},"content":{"rendered":"<p>Price: <span style=\"color:#b12704\">[price_with_discount]<\/span><br \/><i><small>(as of [price_update_date] &#8211; <span class=\"wp_automatic_amazon_disclaimer\" title=\"Product prices and availability are accurate as of the date\/time indicated and are subject to change. Any price and availability information displayed on [relevant Amazon Site(s), as applicable] at the time of purchase will apply to the purchase of this product.\">Details<\/span>)<\/small><\/i><\/p>\n<p><a href=\"https:\/\/amazon.de\/dp\/B079MBZHXH?tag=topgetestet09-21\"><img decoding=\"async\" src=\"https:\/\/i.imgur.com\/ISRHEWs.png\"><\/a><br \/>\n[ad_1]<br \/>\n Um die Gesamtbewertung der Sterne und die prozentuale Aufschl\u00fcsselung nach Sternen zu berechnen, verwenden wir keinen einfachen Durchschnitt. Stattdessen ber\u00fccksichtigt unser System beispielsweise, wie aktuell eine Bewertung ist und ob der Pr\u00fcfer den Artikel bei Amazon gekauft hat. Es wurden auch Bewertungen analysiert, um die Vertrauensw\u00fcrdigkeit zu \u00fcberpr\u00fcfen. <br \/> Verpackungsabmessungen \u200f : \u200e  29.39 x 18.39 x 9.8 cm; 158.76 Gramm <br \/> Im Angebot von Amazon.de seit \u200f : \u200e  17. September 2018 <br \/> Hersteller \u200f : \u200e  Hush Puppies <br \/> ASIN \u200f : \u200e  B079MJ63N1 <br \/> Modellnummer \u200f : \u200e  HWT6458-020 <br \/> Kategorie \u200f : \u200e  Damen <\/p>\n<p>[ad_2]<\/p>\n","protected":false},"excerpt":{"rendered":"<p>Price: [price_with_discount](as of [price_update_date] &#8211; Details) [ad_1] Um die Gesamtbewertung der Sterne und die prozentuale Aufschl\u00fcsselung nach Sternen zu berechnen, verwenden wir keinen einfachen Durchschnitt. Stattdessen ber\u00fccksichtigt unser System beispielsweise,<\/p>\n","protected":false},"featured_media":34867,"comment_status":"open","ping_status":"closed","template":"","meta":[],"product_cat":[230],"product_tag":[266],"class_list":{"0":"post-34866","1":"product","2":"type-product","3":"status-publish","4":"has-post-thumbnail","6":"product_cat-fashion","7":"product_tag-womens-fashion-sneakers","9":"first","10":"instock","11":"shipping-taxable","12":"product-type-external"},"aioseo_notices":[],"_links":{"self":[{"href":"https:\/\/topgetestet.de\/index.php?rest_route=\/wp\/v2\/product\/34866","targetHints":{"allow":["GET"]}}],"collection":[{"href":"https:\/\/topgetestet.de\/index.php?rest_route=\/wp\/v2\/product"}],"about":[{"href":"https:\/\/topgetestet.de\/index.php?rest_route=\/wp\/v2\/types\/product"}],"replies":[{"embeddable":true,"href":"https:\/\/topgetestet.de\/index.php?rest_route=%2Fwp%2Fv2%2Fcomments&post=34866"}],"wp:featuredmedia":[{"embeddable":true,"href":"https:\/\/topgetestet.de\/index.php?rest_route=\/wp\/v2\/media\/34867"}],"wp:attachment":[{"href":"https:\/\/topgetestet.de\/index.php?rest_route=%2Fwp%2Fv2%2Fmedia&parent=34866"}],"wp:term":[{"taxonomy":"product_cat","embeddable":true,"href":"https:\/\/topgetestet.de\/index.php?rest_route=%2Fwp%2Fv2%2Fproduct_cat&post=34866"},{"taxonomy":"product_tag","embeddable":true,"href":"https:\/\/topgetestet.de\/index.php?rest_route=%2Fwp%2Fv2%2Fproduct_tag&post=34866"}],"curies":[{"name":"wp","href":"https:\/\/api.w.org\/{rel}","templated":true}]}}