{"id":34758,"date":"2022-09-27T03:43:28","date_gmt":"2022-09-27T03:43:28","guid":{"rendered":"https:\/\/topgetestet.de\/?post_type=product&#038;p=34758"},"modified":"2022-09-27T03:43:28","modified_gmt":"2022-09-27T03:43:28","slug":"instax-mini-doppelseitiges-klebeband-12-hj","status":"publish","type":"product","link":"https:\/\/topgetestet.de\/?product=instax-mini-doppelseitiges-klebeband-12-hj","title":{"rendered":"Instax Mini doppelseitiges Klebeband (12 hj.)"},"content":{"rendered":"<p>Price: <span style=\"color:#b12704\">[price_with_discount]<\/span><br \/><i><small>(as of [price_update_date] &#8211; <span class=\"wp_automatic_amazon_disclaimer\" title=\"Product prices and availability are accurate as of the date\/time indicated and are subject to change. Any price and availability information displayed on [relevant Amazon Site(s), as applicable] at the time of purchase will apply to the purchase of this product.\">Details<\/span>)<\/small><\/i><\/p>\n<p><a href=\"https:\/\/amazon.de\/dp\/B07PRY2WVT?tag=topgetestet09-21\"><img decoding=\"async\" src=\"https:\/\/i.imgur.com\/ISRHEWs.png\"><\/a><br \/>\n[ad_1]<br \/>\n <span>Doppelseitiges Aufkleber-Set zum Aufkleben Ihrer Fotos Instax Mini, wo Sie m\u00f6chten, Terminplaner, B\u00fccher, zur Dekoration Ihrer W\u00e4nde, originelle Schreibtisch, Postkarten, Scrapbooking-Kreationen. inkl. 12 Klebeb\u00f6gen<\/span> <br \/>Instax Mini<br \/>Blister<br \/>\n<br \/>[ad_2]<\/p>\n","protected":false},"excerpt":{"rendered":"<p>Price: [price_with_discount](as of [price_update_date] &#8211; Details) [ad_1] Doppelseitiges Aufkleber-Set zum Aufkleben Ihrer Fotos Instax Mini, wo Sie m\u00f6chten, Terminplaner, B\u00fccher, zur Dekoration Ihrer W\u00e4nde, originelle Schreibtisch, Postkarten, Scrapbooking-Kreationen. inkl. 12<\/p>\n","protected":false},"featured_media":34759,"comment_status":"open","ping_status":"closed","template":"","meta":[],"product_cat":[226],"product_tag":[251],"class_list":{"0":"post-34758","1":"product","2":"type-product","3":"status-publish","4":"has-post-thumbnail","6":"product_cat-cameras","7":"product_tag-instant-film-cameras","9":"first","10":"instock","11":"shipping-taxable","12":"product-type-external"},"aioseo_notices":[],"_links":{"self":[{"href":"https:\/\/topgetestet.de\/index.php?rest_route=\/wp\/v2\/product\/34758","targetHints":{"allow":["GET"]}}],"collection":[{"href":"https:\/\/topgetestet.de\/index.php?rest_route=\/wp\/v2\/product"}],"about":[{"href":"https:\/\/topgetestet.de\/index.php?rest_route=\/wp\/v2\/types\/product"}],"replies":[{"embeddable":true,"href":"https:\/\/topgetestet.de\/index.php?rest_route=%2Fwp%2Fv2%2Fcomments&post=34758"}],"wp:featuredmedia":[{"embeddable":true,"href":"https:\/\/topgetestet.de\/index.php?rest_route=\/wp\/v2\/media\/34759"}],"wp:attachment":[{"href":"https:\/\/topgetestet.de\/index.php?rest_route=%2Fwp%2Fv2%2Fmedia&parent=34758"}],"wp:term":[{"taxonomy":"product_cat","embeddable":true,"href":"https:\/\/topgetestet.de\/index.php?rest_route=%2Fwp%2Fv2%2Fproduct_cat&post=34758"},{"taxonomy":"product_tag","embeddable":true,"href":"https:\/\/topgetestet.de\/index.php?rest_route=%2Fwp%2Fv2%2Fproduct_tag&post=34758"}],"curies":[{"name":"wp","href":"https:\/\/api.w.org\/{rel}","templated":true}]}}