{"id":34395,"date":"2022-09-27T01:45:20","date_gmt":"2022-09-27T01:45:20","guid":{"rendered":"https:\/\/topgetestet.de\/?product=max-factor-miracle-glow-universal-highlight-15-g"},"modified":"2022-09-27T01:45:20","modified_gmt":"2022-09-27T01:45:20","slug":"max-factor-miracle-glow-universal-highlight-15-g","status":"publish","type":"product","link":"https:\/\/topgetestet.de\/?product=max-factor-miracle-glow-universal-highlight-15-g","title":{"rendered":"Max Factor Miracle Glow Universal Highlight, 15 g"},"content":{"rendered":"<p>Price: <span style=\"color:#b12704\">[price_with_discount]<\/span><br \/><i><small>(as of [price_update_date] &#8211; <span class=\"wp_automatic_amazon_disclaimer\" title=\"Product prices and availability are accurate as of the date\/time indicated and are subject to change. Any price and availability information displayed on [relevant Amazon Site(s), as applicable] at the time of purchase will apply to the purchase of this product.\">Details<\/span>)<\/small><\/i><\/p>\n<p><a href=\"https:\/\/amazon.de\/dp\/B07F84STC3?tag=topgetestet09-21\"><img decoding=\"async\" src=\"https:\/\/i.imgur.com\/ISRHEWs.png\"><\/a><br \/>\n[ad_1]<br \/>\n <span>Intensiver Schimmer oder lieber eine ganz nat\u00fcrliche Ausstrahlung? Mit dem Miracle Glow Duo von MAX FACTOR kann das jede Frau spontan entscheiden. Denn das Duo verf\u00fcgt \u00fcber zwei leichte, \u00f6lfreie Texturen in unterschiedlichen Nuancen &#8211; einen samtweichen, hautschmeichelnden Ton, und einem Highlighter mit irisierenden Partikeln. Aufgetragen auf Nasenr\u00fccken, Wangenknochen, Lippenherz, unter den Brauen und im inneren Augenwinkel l\u00e4sst er den Teint frisch und gesund strahlen, w\u00e4hrend der samtig-weiche Ton Unregelm\u00e4\u00dfigkeiten auf subtile, nat\u00fcrliche Weise abdeckt. Je nach Anlass und Stimmung k\u00f6nnen die Nuancen einzeln oder zusammen, intensiv oder dezent aufgetragen werden. Und das jederzeit: Die kompakte und handliche Dose passt in jede Clutch oder Handtasche. Erh\u00e4ltlich ist das Miracle Glow Duo in zwei unterschiedlichen Farbkombinationen &#8211; f\u00fcr hellere und dunklere Hauttypen.<\/span> <br \/>Sorgt f\u00fcr gesunden Glanz und konturiert das Gesicht<br \/>f\u00fcr einen frischen und strahlenden Look. F\u00fcr jeden Hautton geeignet<br \/>Mit einem samtweichen, aufhellendem Ton, und einem Highlighter mit irisierenden Partikeln<br \/>Zwei leichte, cremige, \u00f6lfreie Texturen in unterschiedlichen Nuancen<br \/>\n<br \/>[ad_2]<\/p>\n","protected":false},"excerpt":{"rendered":"<p>Price: [price_with_discount](as of [price_update_date] &#8211; Details) [ad_1] Intensiver Schimmer oder lieber eine ganz nat\u00fcrliche Ausstrahlung? Mit dem Miracle Glow Duo von MAX FACTOR kann das jede Frau spontan entscheiden. Denn<\/p>\n","protected":false},"featured_media":34396,"comment_status":"open","ping_status":"closed","template":"","meta":[],"product_cat":[228],"product_tag":[238],"class_list":{"0":"post-34395","1":"product","2":"type-product","3":"status-publish","4":"has-post-thumbnail","6":"product_cat-beauty","7":"product_tag-face-makeup","9":"first","10":"instock","11":"shipping-taxable","12":"product-type-external"},"aioseo_notices":[],"_links":{"self":[{"href":"https:\/\/topgetestet.de\/index.php?rest_route=\/wp\/v2\/product\/34395","targetHints":{"allow":["GET"]}}],"collection":[{"href":"https:\/\/topgetestet.de\/index.php?rest_route=\/wp\/v2\/product"}],"about":[{"href":"https:\/\/topgetestet.de\/index.php?rest_route=\/wp\/v2\/types\/product"}],"replies":[{"embeddable":true,"href":"https:\/\/topgetestet.de\/index.php?rest_route=%2Fwp%2Fv2%2Fcomments&post=34395"}],"wp:featuredmedia":[{"embeddable":true,"href":"https:\/\/topgetestet.de\/index.php?rest_route=\/wp\/v2\/media\/34396"}],"wp:attachment":[{"href":"https:\/\/topgetestet.de\/index.php?rest_route=%2Fwp%2Fv2%2Fmedia&parent=34395"}],"wp:term":[{"taxonomy":"product_cat","embeddable":true,"href":"https:\/\/topgetestet.de\/index.php?rest_route=%2Fwp%2Fv2%2Fproduct_cat&post=34395"},{"taxonomy":"product_tag","embeddable":true,"href":"https:\/\/topgetestet.de\/index.php?rest_route=%2Fwp%2Fv2%2Fproduct_tag&post=34395"}],"curies":[{"name":"wp","href":"https:\/\/api.w.org\/{rel}","templated":true}]}}