{"id":34216,"date":"2022-09-27T00:53:07","date_gmt":"2022-09-27T00:53:07","guid":{"rendered":"https:\/\/topgetestet.de\/?product=rlsoco-tasche-fur-samsung-galaxy-buds-pro-kabellose-ohrhorer"},"modified":"2022-09-27T00:53:07","modified_gmt":"2022-09-27T00:53:07","slug":"rlsoco-tasche-fur-samsung-galaxy-buds-pro-kabellose-ohrhorer","status":"publish","type":"product","link":"https:\/\/topgetestet.de\/?product=rlsoco-tasche-fur-samsung-galaxy-buds-pro-kabellose-ohrhorer","title":{"rendered":"RLSOCO Tasche f\u00fcr Samsung Galaxy Buds Pro Kabellose Ohrh\u00f6rer"},"content":{"rendered":"<p>Price: <span style=\"color:#b12704\">[price_with_discount]<\/span><br \/><i><small>(as of [price_update_date] &#8211; <span class=\"wp_automatic_amazon_disclaimer\" title=\"Product prices and availability are accurate as of the date\/time indicated and are subject to change. Any price and availability information displayed on [relevant Amazon Site(s), as applicable] at the time of purchase will apply to the purchase of this product.\">Details<\/span>)<\/small><\/i><\/p>\n<p><a href=\"https:\/\/amazon.de\/dp\/B08T8XJKYZ?tag=topgetestet09-21\"><img decoding=\"async\" src=\"https:\/\/i.imgur.com\/ISRHEWs.png\"><\/a><br \/>\n[ad_1]<br \/>\n <span>Schutzh\u00fclle f\u00fcr Galaxy Buds Pro True Wireless Earbuds<\/span> <br \/> Verpackungsabmessungen \u200f : \u200e  12.5 x 10.59 x 5.11 cm; 41 Gramm <br \/> Im Angebot von Amazon.de seit \u200f : \u200e  18. Januar 2021 <br \/> Hersteller \u200f : \u200e  RLSOCO <br \/> ASIN \u200f : \u200e  B08T8XJKYZ <br \/> Herstellerreferenz \u200f : \u200e  RLE-898-BPro <br \/> Herkunftsland \u200f : \u200e  China <\/p>\n<p>\u266cPasst perfekt &#8212; Dieser Fall ist speziell f\u00fcr Buds Pro Kopfh\u00f6rer (Zum Verkauf ist nur Fall, Ohrh\u00f6rer und das Zubeh\u00f6r sind nicht enthalten)<br \/>\u266c Feine Materialien &#8211; Das Geh\u00e4use besteht aus EVA- und 1680D-Materialien h\u00f6chster Qualit\u00e4t und ist robust und langlebig.<br \/>\u266c Guter Schutz &#8211; Es ist ein starker Schutz f\u00fcr Ihren Kopfh\u00f6rer und bietet einen hervorragenden Schutz f\u00fcr die Ohrh\u00f6rer und den Ladekoffer.<br \/>\u266c Leicht zu tragen &#8211; es ist ein sehr s\u00fc\u00dfes und kompaktes Design, das in Ihre Handtasche, Tasche, Rucks\u00e4cke, Handtaschen gesteckt werden kann und f\u00fcr t\u00e4gliche Aktivit\u00e4ten n\u00fctzlich ist.<br \/>\u266c Alle unsere Produkte verwenden qualifizierte Materialien, Hartschalen-haltbares EVA<br \/>\n<br \/>[ad_2]<\/p>\n","protected":false},"excerpt":{"rendered":"<p>Price: [price_with_discount](as of [price_update_date] &#8211; Details) [ad_1] Schutzh\u00fclle f\u00fcr Galaxy Buds Pro True Wireless Earbuds Verpackungsabmessungen \u200f : \u200e 12.5 x 10.59 x 5.11 cm; 41 Gramm Im Angebot von<\/p>\n","protected":false},"featured_media":34217,"comment_status":"open","ping_status":"closed","template":"","meta":[],"product_cat":[225],"product_tag":[],"class_list":{"0":"post-34216","1":"product","2":"type-product","3":"status-publish","4":"has-post-thumbnail","6":"product_cat-electronics","8":"first","9":"instock","10":"shipping-taxable","11":"product-type-external"},"aioseo_notices":[],"_links":{"self":[{"href":"https:\/\/topgetestet.de\/index.php?rest_route=\/wp\/v2\/product\/34216","targetHints":{"allow":["GET"]}}],"collection":[{"href":"https:\/\/topgetestet.de\/index.php?rest_route=\/wp\/v2\/product"}],"about":[{"href":"https:\/\/topgetestet.de\/index.php?rest_route=\/wp\/v2\/types\/product"}],"replies":[{"embeddable":true,"href":"https:\/\/topgetestet.de\/index.php?rest_route=%2Fwp%2Fv2%2Fcomments&post=34216"}],"wp:featuredmedia":[{"embeddable":true,"href":"https:\/\/topgetestet.de\/index.php?rest_route=\/wp\/v2\/media\/34217"}],"wp:attachment":[{"href":"https:\/\/topgetestet.de\/index.php?rest_route=%2Fwp%2Fv2%2Fmedia&parent=34216"}],"wp:term":[{"taxonomy":"product_cat","embeddable":true,"href":"https:\/\/topgetestet.de\/index.php?rest_route=%2Fwp%2Fv2%2Fproduct_cat&post=34216"},{"taxonomy":"product_tag","embeddable":true,"href":"https:\/\/topgetestet.de\/index.php?rest_route=%2Fwp%2Fv2%2Fproduct_tag&post=34216"}],"curies":[{"name":"wp","href":"https:\/\/api.w.org\/{rel}","templated":true}]}}