{"id":34050,"date":"2022-09-27T00:20:53","date_gmt":"2022-09-27T00:20:53","guid":{"rendered":"https:\/\/topgetestet.de\/?product=vaude-herren-mens-redmont-t-shirt-ii-t-shirt"},"modified":"2022-09-27T00:20:53","modified_gmt":"2022-09-27T00:20:53","slug":"vaude-herren-mens-redmont-t-shirt-ii-t-shirt","status":"publish","type":"product","link":"https:\/\/topgetestet.de\/?product=vaude-herren-mens-redmont-t-shirt-ii-t-shirt","title":{"rendered":"VAUDE Herren Men&#8217;s Redmont T-Shirt Ii T-Shirt"},"content":{"rendered":"<p>Price: <span style=\"color:#b12704\">[price_with_discount]<\/span><br \/><i><small>(as of [price_update_date] &#8211; <span class=\"wp_automatic_amazon_disclaimer\" title=\"Product prices and availability are accurate as of the date\/time indicated and are subject to change. Any price and availability information displayed on [relevant Amazon Site(s), as applicable] at the time of purchase will apply to the purchase of this product.\">Details<\/span>)<\/small><\/i><\/p>\n<p><a href=\"https:\/\/amazon.de\/dp\/B09JSQ74WQ?tag=topgetestet09-21\"><img decoding=\"async\" src=\"https:\/\/i.imgur.com\/ISRHEWs.png\"><\/a><br \/>\n[ad_1]<br \/>\n <span>Das willst du nicht mehr ausziehen: das weiche, absolut nachhaltige und \u00e4u\u00dferst bequeme Redmont T-Shirt II. Es wurde aus einem Single Jersey-Material aus 55 % Hanf, 35 % recyceltem Polyester und 10 % Woodfiber hergestellt und k\u00fchlt daher die Haut auf nat\u00fcrliche Weise, wenn das Thermometer mal wieder \u00fcber die 30 \u00b0C Marke klettert. Obendrein ist es auf nat\u00fcrliche Weise geruchshemmend, pflegeleicht und schnelltrocknend. Das Redmont T-Shirt geh\u00f6rt damit zur Grundausstattung f\u00fcr B\u00fcro und Freizeit. Das VAUDE Green Shape-Label steht f\u00fcr ein umweltfreundliches, funktionelles Produkt aus nachhaltigen Materialien.<\/span> <br \/> Verpackungsabmessungen \u200f : \u200e  35 x 35 x 35 cm; 350 Gramm <br \/> Im Angebot von Amazon.de seit \u200f : \u200e  19. Oktober 2021 <br \/> Hersteller \u200f : \u200e  VAUDE <br \/> ASIN \u200f : \u200e  B09JSR9J5C <br \/> Modellnummer \u200f : \u200e  426611635200 <br \/> Kategorie \u200f : \u200e  Herren <\/p>\n<p>[ad_2]<\/p>\n","protected":false},"excerpt":{"rendered":"<p>Price: [price_with_discount](as of [price_update_date] &#8211; Details) [ad_1] Das willst du nicht mehr ausziehen: das weiche, absolut nachhaltige und \u00e4u\u00dferst bequeme Redmont T-Shirt II. Es wurde aus einem Single Jersey-Material aus<\/p>\n","protected":false},"featured_media":34051,"comment_status":"open","ping_status":"closed","template":"","meta":[],"product_cat":[231],"product_tag":[],"class_list":{"0":"post-34050","1":"product","2":"type-product","3":"status-publish","4":"has-post-thumbnail","6":"product_cat-mens-fashion","8":"first","9":"instock","10":"shipping-taxable","11":"product-type-external"},"aioseo_notices":[],"_links":{"self":[{"href":"https:\/\/topgetestet.de\/index.php?rest_route=\/wp\/v2\/product\/34050","targetHints":{"allow":["GET"]}}],"collection":[{"href":"https:\/\/topgetestet.de\/index.php?rest_route=\/wp\/v2\/product"}],"about":[{"href":"https:\/\/topgetestet.de\/index.php?rest_route=\/wp\/v2\/types\/product"}],"replies":[{"embeddable":true,"href":"https:\/\/topgetestet.de\/index.php?rest_route=%2Fwp%2Fv2%2Fcomments&post=34050"}],"wp:featuredmedia":[{"embeddable":true,"href":"https:\/\/topgetestet.de\/index.php?rest_route=\/wp\/v2\/media\/34051"}],"wp:attachment":[{"href":"https:\/\/topgetestet.de\/index.php?rest_route=%2Fwp%2Fv2%2Fmedia&parent=34050"}],"wp:term":[{"taxonomy":"product_cat","embeddable":true,"href":"https:\/\/topgetestet.de\/index.php?rest_route=%2Fwp%2Fv2%2Fproduct_cat&post=34050"},{"taxonomy":"product_tag","embeddable":true,"href":"https:\/\/topgetestet.de\/index.php?rest_route=%2Fwp%2Fv2%2Fproduct_tag&post=34050"}],"curies":[{"name":"wp","href":"https:\/\/api.w.org\/{rel}","templated":true}]}}