{"id":34024,"date":"2022-09-27T00:15:40","date_gmt":"2022-09-27T00:15:40","guid":{"rendered":"https:\/\/topgetestet.de\/?product=warrior-cardio-ausdauertraining-fur-kampfsportler"},"modified":"2022-09-27T00:15:40","modified_gmt":"2022-09-27T00:15:40","slug":"warrior-cardio-ausdauertraining-fur-kampfsportler","status":"publish","type":"product","link":"https:\/\/topgetestet.de\/?product=warrior-cardio-ausdauertraining-fur-kampfsportler","title":{"rendered":"Warrior Cardio: Ausdauertraining f\u00fcr Kampfsportler"},"content":{"rendered":"<p>Price: <span style=\"color:#b12704\">[price_with_discount]<\/span><br \/><i><small>(as of [price_update_date] &#8211; <span class=\"wp_automatic_amazon_disclaimer\" title=\"Product prices and availability are accurate as of the date\/time indicated and are subject to change. Any price and availability information displayed on [relevant Amazon Site(s), as applicable] at the time of purchase will apply to the purchase of this product.\">Details<\/span>)<\/small><\/i><\/p>\n<p><a href=\"https:\/\/amazon.de\/dp\/3868832998?tag=topgetestet09-21\"><img decoding=\"async\" src=\"https:\/\/i.imgur.com\/ISRHEWs.png\"><\/a><br \/>\n[ad_1]<\/p>\n<p>       Produktbeschreibung des Verlags <\/p>\n<p>              <img decoding=\"async\" alt=\"Karate\" src=\"https:\/\/images-na.ssl-images-amazon.com\/images\/G\/01\/x-locale\/common\/grey-pixel.gif\" class=\"a-lazy-loaded\" data-src=\"https:\/\/m.media-amazon.com\/images\/S\/aplus-media-library-service-media\/834e4cbf-ddb7-4683-8694-53f784ade602.__CR0,90,1000,309_PT0_SX970_V1___.jpg\"><\/p>\n<p>               <img decoding=\"async\" alt=\"Karate\" src=\"https:\/\/m.media-amazon.com\/images\/S\/aplus-media-library-service-media\/834e4cbf-ddb7-4683-8694-53f784ade602.__CR0,90,1000,309_PT0_SX970_V1___.jpg\"><\/p>\n<h3> Werde unbesiegbar <\/h3>\n<p> Ob Mann oder Frau, jung oder alt \u2013 jeder kann Kampfsport lernen und sich effektiv verteidigen. <\/p>\n<p> <img decoding=\"async\" alt=\"jiu\" src=\"https:\/\/images-na.ssl-images-amazon.com\/images\/G\/01\/x-locale\/common\/grey-pixel.gif\" class=\"a-spacing-mini a-lazy-loaded\" data-src=\"https:\/\/m.media-amazon.com\/images\/S\/aplus-media-library-service-media\/9ed5d077-08b4-4d14-8aca-ccd7c176c00c.__CR166,0,668,668_PT0_SX300_V1___.jpg\">\n                   <\/p>\n<p>                    <img decoding=\"async\" alt=\"jiu\" src=\"https:\/\/m.media-amazon.com\/images\/S\/aplus-media-library-service-media\/9ed5d077-08b4-4d14-8aca-ccd7c176c00c.__CR166,0,668,668_PT0_SX300_V1___.jpg\"><\/p>\n<p> <img decoding=\"async\" alt=\"JUdo\" src=\"https:\/\/images-na.ssl-images-amazon.com\/images\/G\/01\/x-locale\/common\/grey-pixel.gif\" class=\"a-spacing-mini a-lazy-loaded\" data-src=\"https:\/\/m.media-amazon.com\/images\/S\/aplus-media-library-service-media\/359f2336-90b2-4384-996e-71b2777210b0.__CR166,0,667,667_PT0_SX300_V1___.jpg\">\n                   <\/p>\n<p>                    <img decoding=\"async\" alt=\"JUdo\" src=\"https:\/\/m.media-amazon.com\/images\/S\/aplus-media-library-service-media\/359f2336-90b2-4384-996e-71b2777210b0.__CR166,0,667,667_PT0_SX300_V1___.jpg\"><\/p>\n<p> <img decoding=\"async\" alt=\"Boxen\" src=\"https:\/\/images-na.ssl-images-amazon.com\/images\/G\/01\/x-locale\/common\/grey-pixel.gif\" class=\"a-spacing-mini a-lazy-loaded\" data-src=\"https:\/\/m.media-amazon.com\/images\/S\/aplus-media-library-service-media\/8f09f14d-4195-4c20-beed-08a861f20b36.__CR173,0,667,667_PT0_SX300_V1___.jpg\">\n                   <\/p>\n<p>                    <img decoding=\"async\" alt=\"Boxen\" src=\"https:\/\/m.media-amazon.com\/images\/S\/aplus-media-library-service-media\/8f09f14d-4195-4c20-beed-08a861f20b36.__CR173,0,667,667_PT0_SX300_V1___.jpg\"><\/p>\n<p>                   Verteidige dich selbst  <\/p>\n<p> Die meisten heiklen Situationen k\u00f6nnen entsch\u00e4rft werden, wenn man sich nicht einsch\u00fcchtern l\u00e4sst und notfalls die geeigneten Selbstverteidigungsmethoden anwendet. Viele Techniken erfordern nur geringen Kraftaufwand, sind aber sehr wirkungsvoll, da sie auf unseren nat\u00fcrlichen Reflexen und Reaktionsmustern basieren und die Schw\u00e4chen des Angreifers gezielt ausnutzen. <\/p>\n<p>                   Mit Technik zum Erfolg  <\/p>\n<p> Ob Mixed Martial Arts (MMA), Submission Grappling, Brazilian Jiu-Jitsu, Judo oder Krav Maga \u2013 die richtige Technik ist entscheidend f\u00fcr deinen Erfolg. Die B\u00fccher des riva Verlags zeigen dir realit\u00e4tsnah und Schritt f\u00fcr Schritt die korrekte Ausf\u00fchrung von Tritt-, Box-, Wurf-, Griff- und Schlagtechniken, um im Kampf die Oberhand zu gewinnen und jeden Gegner zu bezwingen. <\/p>\n<p>                   Starker Geist, starker K\u00f6rper  <\/p>\n<p> Neben der richtigen Kampftechnik, Kraft, Schnelligkeit, Ausdauer und Beweglichkeit kommt es auch auf eine beherrschte Psyche an, denn sie ist die Grundlage f\u00fcr jeden k\u00f6rperlichen Kampf. Lerne, einen k\u00fchlen Kopf zu bewahren, selbstbewusst aufzutreten, deine Stimme gezielt einzusetzen und deine Reaktionsschnelligkeit zu verbessern. <\/p>\n<p> Mehr vom Riva Verlag <\/p>\n<p>                 Das umfassende Handbuch mit \u00fcber 230 Selbstverteidigungs- und Kampftechniken<br \/>\n                 Alle Griffe, Sweeps und Techniken, die ein K\u00e4mpfer beherrschen muss<br \/>\n                 Das Kampfsport-Workout basierend auf MMA, Submission Grappling, Jiu-Jitsu und Judo<br \/>\n                 High-Intensity-Ausdauertraining f\u00fcr Kampfsportler<br \/>\n                 Die wichtigsten Selbstverteidigungs- und Kampftechniken Schritt f\u00fcr Schritt erkl\u00e4rt<br \/>\n                 Wie du gef\u00e4hrliche Situationen erkennst und Angriffe abwehrst   <\/p>\n<p> Bildnachweis: Jacob Lund\/Shutterstock | Nomad_Soul\/Shutterstock| Miljan Zivkovic\/Shutterstock | El Nariz\/Shutterstock | <\/p>\n<p> ASIN \u200f : \u200e  3868832998 <br \/> Herausgeber \u200f : \u200e  Riva (11. Januar 2013) <br \/> Sprache \u200f : \u200e  Deutsch <br \/> Taschenbuch \u200f : \u200e  416 Seiten <br \/> ISBN-10 \u200f : \u200e  9783868832990 <br \/> ISBN-13 \u200f : \u200e  978-3868832990 <br \/> Abmessungen \u200f : \u200e  19.1 x 3 x 23.8 cm <\/p>\n<p>[ad_2]<\/p>\n","protected":false},"excerpt":{"rendered":"<p>Price: [price_with_discount](as of [price_update_date] &#8211; Details) [ad_1] Produktbeschreibung des Verlags Werde unbesiegbar Ob Mann oder Frau, jung oder alt \u2013 jeder kann Kampfsport lernen und sich effektiv verteidigen. Verteidige dich<\/p>\n","protected":false},"featured_media":34025,"comment_status":"open","ping_status":"closed","template":"","meta":[],"product_cat":[233],"product_tag":[274],"class_list":{"0":"post-34024","1":"product","2":"type-product","3":"status-publish","4":"has-post-thumbnail","6":"product_cat-fitness","7":"product_tag-cardio-training","9":"first","10":"instock","11":"shipping-taxable","12":"product-type-external"},"aioseo_notices":[],"_links":{"self":[{"href":"https:\/\/topgetestet.de\/index.php?rest_route=\/wp\/v2\/product\/34024","targetHints":{"allow":["GET"]}}],"collection":[{"href":"https:\/\/topgetestet.de\/index.php?rest_route=\/wp\/v2\/product"}],"about":[{"href":"https:\/\/topgetestet.de\/index.php?rest_route=\/wp\/v2\/types\/product"}],"replies":[{"embeddable":true,"href":"https:\/\/topgetestet.de\/index.php?rest_route=%2Fwp%2Fv2%2Fcomments&post=34024"}],"wp:featuredmedia":[{"embeddable":true,"href":"https:\/\/topgetestet.de\/index.php?rest_route=\/wp\/v2\/media\/34025"}],"wp:attachment":[{"href":"https:\/\/topgetestet.de\/index.php?rest_route=%2Fwp%2Fv2%2Fmedia&parent=34024"}],"wp:term":[{"taxonomy":"product_cat","embeddable":true,"href":"https:\/\/topgetestet.de\/index.php?rest_route=%2Fwp%2Fv2%2Fproduct_cat&post=34024"},{"taxonomy":"product_tag","embeddable":true,"href":"https:\/\/topgetestet.de\/index.php?rest_route=%2Fwp%2Fv2%2Fproduct_tag&post=34024"}],"curies":[{"name":"wp","href":"https:\/\/api.w.org\/{rel}","templated":true}]}}