{"id":33904,"date":"2022-09-26T23:37:12","date_gmt":"2022-09-26T23:37:12","guid":{"rendered":"https:\/\/topgetestet.de\/?product=s-oliver-damen-5-5-27400-27-hausschuh"},"modified":"2022-09-26T23:37:12","modified_gmt":"2022-09-26T23:37:12","slug":"s-oliver-damen-5-5-27400-27-hausschuh","status":"publish","type":"product","link":"https:\/\/topgetestet.de\/?product=s-oliver-damen-5-5-27400-27-hausschuh","title":{"rendered":"s.Oliver Damen 5-5-27400-27 Hausschuh"},"content":{"rendered":"<p>Price: <span style=\"color:#b12704\">[price_with_discount]<\/span><br \/><i><small>(as of [price_update_date] &#8211; <span class=\"wp_automatic_amazon_disclaimer\" title=\"Product prices and availability are accurate as of the date\/time indicated and are subject to change. Any price and availability information displayed on [relevant Amazon Site(s), as applicable] at the time of purchase will apply to the purchase of this product.\">Details<\/span>)<\/small><\/i><\/p>\n<p><a href=\"https:\/\/amazon.de\/dp\/B08V5GMFPN?tag=topgetestet09-21\"><img decoding=\"async\" src=\"https:\/\/i.imgur.com\/ISRHEWs.png\"><\/a><br \/>\n[ad_1]<\/p>\n<p>       Produktbeschreibung des Herstellers <\/p>\n<p>              <img decoding=\"async\" alt=\"s.Oliver Shoes\" src=\"https:\/\/images-na.ssl-images-amazon.com\/images\/G\/01\/x-locale\/common\/grey-pixel.gif\" class=\"a-lazy-loaded\" data-src=\"https:\/\/m.media-amazon.com\/images\/S\/aplus-media-library-service-media\/b62a00ff-8daa-4033-90e9-1fb672224898.__CR0,0,300,300_PT0_SX300_V1___.png\"><\/p>\n<p>               <img decoding=\"async\" alt=\"s.Oliver Shoes\" src=\"https:\/\/m.media-amazon.com\/images\/S\/aplus-media-library-service-media\/b62a00ff-8daa-4033-90e9-1fb672224898.__CR0,0,300,300_PT0_SX300_V1___.png\"><\/p>\n<p> Wir stehen f\u00fcr zeitgem\u00e4\u00dfe, moderne Mode. Hochwertige Qualit\u00e4ten und Passformen, die sich richtig gut anf\u00fchlen. Mode f\u00fcrs Leben statt leben f\u00fcr die Mode! <\/p>\n<p> Wir wissen, dass ihr Wichtigeres zu tun habt als nach dem neuesten Fashion-Trend zu suchen. Dass Zeit f\u00fcr Familie und Freunde viel wichtiger ist als ein High-Fashion-Outfit und dass ihr keine superskinny Jeans braucht, in der man nicht aufs Fahrrad steigen kann. Denn auch wenn ihr Mode liebt, dreht sich euer Leben nicht darum. Und das ist auch gut so! <\/p>\n<p> Wir stehen daf\u00fcr, dass gut aussehen und Gutes tun Hand in Hand gehen k\u00f6nnen. F\u00fcr Qualit\u00e4t, Substanz und Nachhaltigkeit. F\u00fcr Familie, Freundschaft und das F\u00fcreinander da-sein. Wir k\u00fcmmern uns umeinander und \u00fcbernehmen Verantwortung. Das zeigen wir in unseren Produkten und im t\u00e4glichen Umgang mit unseren Lieferanten und euch, unseren Kunden. Kein ChiChi, kein Zirkus, daf\u00fcr richtig gute Mode \u2013 Looks, die dein Leben schreibt. <\/p>\n<p> <img decoding=\"async\" alt=\"Umzeichnen\" src=\"https:\/\/images-na.ssl-images-amazon.com\/images\/G\/01\/x-locale\/common\/grey-pixel.gif\" class=\"a-spacing-mini a-lazy-loaded\" data-src=\"https:\/\/m.media-amazon.com\/images\/S\/aplus-media-library-service-media\/a90de5b2-1969-4fa1-93ba-2b5650f5398d.__CR0,0,300,300_PT0_SX300_V1___.png\">\n                   <\/p>\n<p>                    <img decoding=\"async\" alt=\"Umzeichnen\" src=\"https:\/\/m.media-amazon.com\/images\/S\/aplus-media-library-service-media\/a90de5b2-1969-4fa1-93ba-2b5650f5398d.__CR0,0,300,300_PT0_SX300_V1___.png\"><\/p>\n<p> <img decoding=\"async\" alt=\"L\u00e4nge\" src=\"https:\/\/images-na.ssl-images-amazon.com\/images\/G\/01\/x-locale\/common\/grey-pixel.gif\" class=\"a-spacing-mini a-lazy-loaded\" data-src=\"https:\/\/m.media-amazon.com\/images\/S\/aplus-media-library-service-media\/f4daf362-28be-4f65-a07a-311c5aefe860.__CR0,0,300,300_PT0_SX300_V1___.png\">\n                   <\/p>\n<p>                    <img decoding=\"async\" alt=\"L\u00e4nge\" src=\"https:\/\/m.media-amazon.com\/images\/S\/aplus-media-library-service-media\/f4daf362-28be-4f65-a07a-311c5aefe860.__CR0,0,300,300_PT0_SX300_V1___.png\"><\/p>\n<p> <img decoding=\"async\" alt=\"L\u00e4nge Schuh\" src=\"https:\/\/images-na.ssl-images-amazon.com\/images\/G\/01\/x-locale\/common\/grey-pixel.gif\" class=\"a-spacing-mini a-lazy-loaded\" data-src=\"https:\/\/m.media-amazon.com\/images\/S\/aplus-media-library-service-media\/42ce3b32-e40a-4176-a026-5629bcf68208.__CR0,0,300,300_PT0_SX300_V1___.png\">\n                   <\/p>\n<p>                    <img decoding=\"async\" alt=\"L\u00e4nge Schuh\" src=\"https:\/\/m.media-amazon.com\/images\/S\/aplus-media-library-service-media\/42ce3b32-e40a-4176-a026-5629bcf68208.__CR0,0,300,300_PT0_SX300_V1___.png\"><\/p>\n<p> Um Ihre passende Schuhgr\u00f6\u00dfe bei s.Oliver zu finden, ben\u00f6tigen Sie ein Blatt Papier und einen Stift. Stellen Sie Ihren Fu\u00df auf das Papier. Anschlie\u00dfend zeichnen Sie mit dem Stift Ihre Fu\u00dfform nach. <\/p>\n<p> Wichtig: Beide F\u00fc\u00dfe m\u00fcssen gemessen werden, da sie oft unterschiedlich lang sind! Wir empfehlen die Messung am Abend, da die F\u00fc\u00dfe tags\u00fcber oft anschwellen. <\/p>\n<p> Messen Sie die L\u00e4nge der Fu\u00dfform, die Sie gezeichnet haben, von der Ferse bis zum l\u00e4ngsten Zeh. Sie k\u00f6nnen zwei horizontale Linien auf Fersen- und Zehenh\u00f6he auf dem Papier nachziehen, um Ihnen bei der Messung zu helfen. <\/p>\n<p> Verwenden Sie Ihren l\u00e4ngeren Fu\u00df als Orientierung. <\/p>\n<p> Schuhgr\u00f6\u00dfen sind weltweit nicht standardisiert, daher f\u00fchrt Sie nur Ihre pers\u00f6nliche Fu\u00dfmessung zur richtigen Gr\u00f6\u00dfe. Wir haben die Standardzugabe von 10-15 mm in Ihre Fu\u00dfl\u00e4ngenempfehlung eingerechnet. <\/p>\n<p> Wenn Sie sehr dicke Socken tragen m\u00f6chten, messen Sie bitte Ihren Fu\u00df mit diesen Socken, um den zus\u00e4tzlichen Platz zu erhalten, der im Schuh ben\u00f6tigt wird. <\/p>\n<p>          <img decoding=\"async\" alt=\"s.Oliver Shoes\" src=\"https:\/\/images-na.ssl-images-amazon.com\/images\/G\/01\/x-locale\/common\/grey-pixel.gif\" class=\"a-spacing-base a-lazy-loaded\" data-src=\"https:\/\/m.media-amazon.com\/images\/S\/aplus-media-library-service-media\/bcf0d38b-5f9f-424c-b58e-500a9708b699.__CR0,0,970,600_PT0_SX970_V1___.jpg\"><\/p>\n<p>           <img decoding=\"async\" alt=\"s.Oliver Shoes\" src=\"https:\/\/m.media-amazon.com\/images\/S\/aplus-media-library-service-media\/bcf0d38b-5f9f-424c-b58e-500a9708b699.__CR0,0,970,600_PT0_SX970_V1___.jpg\"><\/p>\n<p> <img decoding=\"async\" alt=\"s.Oliver Shoes\" src=\"https:\/\/images-na.ssl-images-amazon.com\/images\/G\/01\/x-locale\/common\/grey-pixel.gif\" class=\"a-spacing-mini a-lazy-loaded\" data-src=\"https:\/\/m.media-amazon.com\/images\/S\/aplus-media-library-service-media\/9aed0b8c-6352-4a51-bd42-49a6cddbb1f3.__CR0,0,300,300_PT0_SX300_V1___.png\">\n                   <\/p>\n<p>                    <img decoding=\"async\" alt=\"s.Oliver Shoes\" src=\"https:\/\/m.media-amazon.com\/images\/S\/aplus-media-library-service-media\/9aed0b8c-6352-4a51-bd42-49a6cddbb1f3.__CR0,0,300,300_PT0_SX300_V1___.png\"><\/p>\n<p> <img decoding=\"async\" alt=\"s.Oliver Shoes\" src=\"https:\/\/images-na.ssl-images-amazon.com\/images\/G\/01\/x-locale\/common\/grey-pixel.gif\" class=\"a-spacing-mini a-lazy-loaded\" data-src=\"https:\/\/m.media-amazon.com\/images\/S\/aplus-media-library-service-media\/77bcf0b2-c4c8-4888-8173-9fe2fe0f6237.__CR0,0,300,300_PT0_SX300_V1___.png\">\n                   <\/p>\n<p>                    <img decoding=\"async\" alt=\"s.Oliver Shoes\" src=\"https:\/\/m.media-amazon.com\/images\/S\/aplus-media-library-service-media\/77bcf0b2-c4c8-4888-8173-9fe2fe0f6237.__CR0,0,300,300_PT0_SX300_V1___.png\"><\/p>\n<p> <img decoding=\"async\" alt=\"s.Oliver Shoes\" src=\"https:\/\/images-na.ssl-images-amazon.com\/images\/G\/01\/x-locale\/common\/grey-pixel.gif\" class=\"a-spacing-mini a-lazy-loaded\" data-src=\"https:\/\/m.media-amazon.com\/images\/S\/aplus-media-library-service-media\/df420378-4a80-4f53-87df-34987a280165.__CR0,0,300,300_PT0_SX300_V1___.png\">\n                   <\/p>\n<p>                    <img decoding=\"async\" alt=\"s.Oliver Shoes\" src=\"https:\/\/m.media-amazon.com\/images\/S\/aplus-media-library-service-media\/df420378-4a80-4f53-87df-34987a280165.__CR0,0,300,300_PT0_SX300_V1___.png\"><\/p>\n<p>[ad_2]<\/p>\n","protected":false},"excerpt":{"rendered":"<p>Price: [price_with_discount](as of [price_update_date] &#8211; Details) [ad_1] Produktbeschreibung des Herstellers Wir stehen f\u00fcr zeitgem\u00e4\u00dfe, moderne Mode. Hochwertige Qualit\u00e4ten und Passformen, die sich richtig gut anf\u00fchlen. Mode f\u00fcrs Leben statt leben<\/p>\n","protected":false},"featured_media":33905,"comment_status":"open","ping_status":"closed","template":"","meta":[],"product_cat":[232],"product_tag":[],"class_list":{"0":"post-33904","1":"product","2":"type-product","3":"status-publish","4":"has-post-thumbnail","6":"product_cat-women-fashion","8":"first","9":"instock","10":"shipping-taxable","11":"product-type-external"},"aioseo_notices":[],"_links":{"self":[{"href":"https:\/\/topgetestet.de\/index.php?rest_route=\/wp\/v2\/product\/33904","targetHints":{"allow":["GET"]}}],"collection":[{"href":"https:\/\/topgetestet.de\/index.php?rest_route=\/wp\/v2\/product"}],"about":[{"href":"https:\/\/topgetestet.de\/index.php?rest_route=\/wp\/v2\/types\/product"}],"replies":[{"embeddable":true,"href":"https:\/\/topgetestet.de\/index.php?rest_route=%2Fwp%2Fv2%2Fcomments&post=33904"}],"wp:featuredmedia":[{"embeddable":true,"href":"https:\/\/topgetestet.de\/index.php?rest_route=\/wp\/v2\/media\/33905"}],"wp:attachment":[{"href":"https:\/\/topgetestet.de\/index.php?rest_route=%2Fwp%2Fv2%2Fmedia&parent=33904"}],"wp:term":[{"taxonomy":"product_cat","embeddable":true,"href":"https:\/\/topgetestet.de\/index.php?rest_route=%2Fwp%2Fv2%2Fproduct_cat&post=33904"},{"taxonomy":"product_tag","embeddable":true,"href":"https:\/\/topgetestet.de\/index.php?rest_route=%2Fwp%2Fv2%2Fproduct_tag&post=33904"}],"curies":[{"name":"wp","href":"https:\/\/api.w.org\/{rel}","templated":true}]}}