{"id":33574,"date":"2022-09-26T22:04:52","date_gmt":"2022-09-26T22:04:52","guid":{"rendered":"https:\/\/topgetestet.de\/?product=ahava-deadsea-water-mineral-body-lotion-250ml"},"modified":"2022-09-26T22:04:52","modified_gmt":"2022-09-26T22:04:52","slug":"ahava-deadsea-water-mineral-body-lotion-250ml","status":"publish","type":"product","link":"https:\/\/topgetestet.de\/?product=ahava-deadsea-water-mineral-body-lotion-250ml","title":{"rendered":"Ahava Deadsea Water Mineral Body Lotion 250ml"},"content":{"rendered":"<p>Price: <span style=\"color:#b12704\">[price_with_discount]<\/span><br \/><i><small>(as of [price_update_date] &#8211; <span class=\"wp_automatic_amazon_disclaimer\" title=\"Product prices and availability are accurate as of the date\/time indicated and are subject to change. Any price and availability information displayed on [relevant Amazon Site(s), as applicable] at the time of purchase will apply to the purchase of this product.\">Details<\/span>)<\/small><\/i><\/p>\n<p><a href=\"https:\/\/amazon.de\/dp\/B011UD0I5W?tag=topgetestet09-21\"><img decoding=\"async\" src=\"https:\/\/i.imgur.com\/ISRHEWs.png\"><\/a><br \/>\n[ad_1]<\/p>\n<p>       Produktbeschreibung des Herstellers <\/p>\n<p>              <img decoding=\"async\" alt=\"Hautpflege\" src=\"https:\/\/images-na.ssl-images-amazon.com\/images\/G\/01\/x-locale\/common\/grey-pixel.gif\" class=\"a-lazy-loaded\" data-src=\"https:\/\/m.media-amazon.com\/images\/S\/aplus-media\/sota\/43ea5260-ee5e-456b-8711-e9f58b91dfb0.__CR0,291,1779,550_PT0_SX970_V1___.jpg\"><\/p>\n<p>               <img decoding=\"async\" alt=\"Hautpflege\" src=\"https:\/\/m.media-amazon.com\/images\/S\/aplus-media\/sota\/43ea5260-ee5e-456b-8711-e9f58b91dfb0.__CR0,291,1779,550_PT0_SX970_V1___.jpg\"><\/p>\n<h3> Hautpflege <\/h3>\n<p> Finden Sie das passende Produkt und sch\u00fctzen Sie Ihre Haut! <\/p>\n<p>              <img decoding=\"async\" alt=\"Products\" src=\"https:\/\/images-na.ssl-images-amazon.com\/images\/G\/01\/x-locale\/common\/grey-pixel.gif\" class=\"a-lazy-loaded\" data-src=\"https:\/\/m.media-amazon.com\/images\/S\/aplus-media\/sota\/62827554-f386-4306-8b64-52be52f95114.__CR156,0,1182,1182_PT0_SX300_V1___.jpeg\"><\/p>\n<p>               <img decoding=\"async\" alt=\"Products\" src=\"https:\/\/m.media-amazon.com\/images\/S\/aplus-media\/sota\/62827554-f386-4306-8b64-52be52f95114.__CR156,0,1182,1182_PT0_SX300_V1___.jpeg\"><\/p>\n<p> Die Haut, besonders im Gesicht, ist das ganze Jahr \u00e4u\u00dferen Einwirkungen ausgesetzt. Ob Sonnenstrahlen im Sonner oder K\u00e4lte im Winter, der dauerhafte Einfluss strapaziert unsere Haut und beschleunigt den Alterungsprozess. Um diesem Einfluss entgegenzuwirken ist es wichtig, die Haut zu pflegen und somit jung zu halten. Neben einer ausgewogenen und gesunden Ern\u00e4hrungen k\u00f6nnen verschiedene Pflegeprodukte die Haut straffen, das Gesicht verj\u00fcngen und langfristig Schutz vor Hitze und K\u00e4lte bieten. <\/p>\n<p> F\u00fcr eine umfassende Gesichtspfege sind die Schritte Reinigung, Straffung und Feuchtigkeitsspende essenziell. <\/p>\n<h3 class=\"a-spacing-small\"> Schritte der Gesichtspflege <\/h3>\n<p> <img decoding=\"async\" alt=\"Cleansing\" src=\"https:\/\/images-na.ssl-images-amazon.com\/images\/G\/01\/x-locale\/common\/grey-pixel.gif\" class=\"a-spacing-mini a-lazy-loaded\" data-src=\"https:\/\/m.media-amazon.com\/images\/S\/aplus-media\/sota\/1bec5269-0ae3-444f-ab66-f79ac0231db3.__CR247,0,1182,1182_PT0_SX300_V1___.jpeg\">\n                   <\/p>\n<p>                    <img decoding=\"async\" alt=\"Cleansing\" src=\"https:\/\/m.media-amazon.com\/images\/S\/aplus-media\/sota\/1bec5269-0ae3-444f-ab66-f79ac0231db3.__CR247,0,1182,1182_PT0_SX300_V1___.jpeg\"><\/p>\n<p> <img decoding=\"async\" alt=\"Toning\" src=\"https:\/\/images-na.ssl-images-amazon.com\/images\/G\/01\/x-locale\/common\/grey-pixel.gif\" class=\"a-spacing-mini a-lazy-loaded\" data-src=\"https:\/\/m.media-amazon.com\/images\/S\/aplus-media\/sota\/670759b6-14f5-40d2-8e37-17f33c2b9244.__CR586,0,1182,1182_PT0_SX300_V1___.jpeg\">\n                   <\/p>\n<p>                    <img decoding=\"async\" alt=\"Toning\" src=\"https:\/\/m.media-amazon.com\/images\/S\/aplus-media\/sota\/670759b6-14f5-40d2-8e37-17f33c2b9244.__CR586,0,1182,1182_PT0_SX300_V1___.jpeg\"><\/p>\n<p> <img decoding=\"async\" alt=\"Moisturizing\" src=\"https:\/\/images-na.ssl-images-amazon.com\/images\/G\/01\/x-locale\/common\/grey-pixel.gif\" class=\"a-spacing-mini a-lazy-loaded\" data-src=\"https:\/\/m.media-amazon.com\/images\/S\/aplus-media\/sota\/8d455a2e-c117-469d-9f9c-630a21db794a.__CR145,0,1182,1182_PT0_SX300_V1___.jpeg\">\n                   <\/p>\n<p>                    <img decoding=\"async\" alt=\"Moisturizing\" src=\"https:\/\/m.media-amazon.com\/images\/S\/aplus-media\/sota\/8d455a2e-c117-469d-9f9c-630a21db794a.__CR145,0,1182,1182_PT0_SX300_V1___.jpeg\"><\/p>\n<p>                   Reinigung  <\/p>\n<p> Die Gesichtshaut ist st\u00e4ndig der Umgebungsluft ausgesetzt, wodurch Talg produziert wird. Dadurch wird Akne oder andere entz\u00fcndliche Prozesse im Gesicht beg\u00fcnstigt, was zu einem unsch\u00f6nen Erscheinungsbild beitr\u00e4gt. <\/p>\n<p> Durch eine intensive Gesichtsreiniung werden die Verunreinigungen ausgesp\u00fclt und die Grundlage f\u00fcr die Aufnahme weiterer Pflegeprodukte geschaffen. <\/p>\n<p>                   Straffung  <\/p>\n<p> Durch die Anwendung von kollagenhaltigen Pflegeprodukten wird die Haut gestrafft und Falten vorgebeugt. Direkt nach der Reinigung ist die Wirkung am gr\u00f6\u00dften, da die Poren ge\u00f6ffnet sind und das Kollagen tief in die Haut eindringen kann. <\/p>\n<p> Zust\u00e4zlich k\u00f6nnen in diesem Schritt vitaminhaltige Sera aufgetragen werden. Diese verst\u00e4rken den Effekt und es entsteht ein j\u00fcngeres Erscheinungsbild. <\/p>\n<p>                   Feuchtigkeitsspende  <\/p>\n<p> Nach der Reinigung und Straffung der Haut, ist es wichtig, die Haut mit ausreichend Feuchtigkeit zu versorgen. Das Auftragen von feuchtigkeitsspenden Produkten sch\u00fctzt die Haut vor Hitze und K\u00e4lte und l\u00e4sst die Haut strahlen. <\/p>\n<p>              <img decoding=\"async\" alt=\"K\u00e4lteschutz\" src=\"https:\/\/images-na.ssl-images-amazon.com\/images\/G\/01\/x-locale\/common\/grey-pixel.gif\" class=\"a-spacing-mini a-lazy-loaded\" data-src=\"https:\/\/m.media-amazon.com\/images\/S\/aplus-media\/sota\/164590d0-bf9d-4009-98f6-0461309a9901.__CR542,116,985,985_PT0_SX300_V1___.jpeg\"><\/p>\n<p>               <img decoding=\"async\" alt=\"K\u00e4lteschutz\" src=\"https:\/\/m.media-amazon.com\/images\/S\/aplus-media\/sota\/164590d0-bf9d-4009-98f6-0461309a9901.__CR542,116,985,985_PT0_SX300_V1___.jpeg\"><\/p>\n<h3 class=\"a-spacing-mini\"> Besonderer Schutz bei K\u00e4lte <\/h3>\n<p> Gerade in der kalten Jahreszeit wird die Haut besonders belastet. Talgd\u00fcsen versiegeln die Haut nicht richtig, weshalb die Fettschicht auf der Haut ausged\u00fcnnt wird. Dadurch trocknet die Haut aus, wird rissig und rau. <\/p>\n<p> Um diesem Effekt entgegenzuwirken ist es wichtig, fetthaltige Cremes aufzutragen. Diese sch\u00fctzen die Haut vor dem Austrocknen und bieten eine Schutzschicht vor der eisigen K\u00e4lte im Winter. <\/p>\n<p>              <img decoding=\"async\" alt=\"Summer\" src=\"https:\/\/images-na.ssl-images-amazon.com\/images\/G\/01\/x-locale\/common\/grey-pixel.gif\" class=\"a-lazy-loaded\" data-src=\"https:\/\/m.media-amazon.com\/images\/S\/aplus-media\/sota\/44bdcf67-2c9d-4f5d-bc71-0b044e113d8d.__CR435,0,1182,1182_PT0_SX300_V1___.jpg\"><\/p>\n<p>               <img decoding=\"async\" alt=\"Summer\" src=\"https:\/\/m.media-amazon.com\/images\/S\/aplus-media\/sota\/44bdcf67-2c9d-4f5d-bc71-0b044e113d8d.__CR435,0,1182,1182_PT0_SX300_V1___.jpg\"><\/p>\n<h3 class=\"a-spacing-mini\"> Besonderer Schutz bei Sonne <\/h3>\n<p> Direkte Sonneneinstrahlung liefert uns Vitamin D, br\u00e4unt unsere Haut, l\u00e4sst diese aber auch vorzeitig Altern. Besonders Sonnenbrand kann zu langfristigen Hauterkrankungen f\u00fchren. Um dies vorzubeugen, sollte regelm\u00e4\u00dfig Sonnenschutz aufgetragen werden. <\/p>\n<p> Sonnenschutz versorgt die Haut mit Feuchtigkeit und kann auch f\u00fcr einen gleichm\u00e4\u00dfigeren Teint f\u00fchren. Zudem verlangsamt Sonnencreme den Hautalterungsprozess, der durch Sonneneinstrahlung beschleunigt wird. Nach dem Sonnenbad wird empfohlen, feuchtigkeitsspendende Lotions aufzutragen. Diese beschleunigen die Regeneration und halten die Haut jung. Sch\u00fctzen Sie Ihre Haut mit den richtigen Produkten und genie\u00dfen Sie sonnige Sommertage. <\/p>\n<p> Produktabmessungen \u200f : \u200e  57 x 57 x 180 cm; 260 Gramm <br \/> Im Angebot von Amazon.de seit \u200f : \u200e  25. November 2019 <br \/> Hersteller \u200f : \u200e  AHAVA <br \/> ASIN \u200f : \u200e  B011UD0I5W <br \/> Modellnummer \u200f : \u200e  84015465 <br \/> Herkunftsland \u200f : \u200e  Israel <\/p>\n<p>[ad_2]<\/p>\n","protected":false},"excerpt":{"rendered":"<p>Price: [price_with_discount](as of [price_update_date] &#8211; Details) [ad_1] Produktbeschreibung des Herstellers Hautpflege Finden Sie das passende Produkt und sch\u00fctzen Sie Ihre Haut! Die Haut, besonders im Gesicht, ist das ganze Jahr<\/p>\n","protected":false},"featured_media":33575,"comment_status":"open","ping_status":"closed","template":"","meta":[],"product_cat":[228],"product_tag":[239],"class_list":{"0":"post-33574","1":"product","2":"type-product","3":"status-publish","4":"has-post-thumbnail","6":"product_cat-beauty","7":"product_tag-body-skin-care","9":"first","10":"instock","11":"sale","12":"shipping-taxable","13":"product-type-external"},"aioseo_notices":[],"_links":{"self":[{"href":"https:\/\/topgetestet.de\/index.php?rest_route=\/wp\/v2\/product\/33574","targetHints":{"allow":["GET"]}}],"collection":[{"href":"https:\/\/topgetestet.de\/index.php?rest_route=\/wp\/v2\/product"}],"about":[{"href":"https:\/\/topgetestet.de\/index.php?rest_route=\/wp\/v2\/types\/product"}],"replies":[{"embeddable":true,"href":"https:\/\/topgetestet.de\/index.php?rest_route=%2Fwp%2Fv2%2Fcomments&post=33574"}],"wp:featuredmedia":[{"embeddable":true,"href":"https:\/\/topgetestet.de\/index.php?rest_route=\/wp\/v2\/media\/33575"}],"wp:attachment":[{"href":"https:\/\/topgetestet.de\/index.php?rest_route=%2Fwp%2Fv2%2Fmedia&parent=33574"}],"wp:term":[{"taxonomy":"product_cat","embeddable":true,"href":"https:\/\/topgetestet.de\/index.php?rest_route=%2Fwp%2Fv2%2Fproduct_cat&post=33574"},{"taxonomy":"product_tag","embeddable":true,"href":"https:\/\/topgetestet.de\/index.php?rest_route=%2Fwp%2Fv2%2Fproduct_tag&post=33574"}],"curies":[{"name":"wp","href":"https:\/\/api.w.org\/{rel}","templated":true}]}}