{"id":33451,"date":"2022-09-26T21:20:33","date_gmt":"2022-09-26T21:20:33","guid":{"rendered":"https:\/\/topgetestet.de\/?product=fifa-21-inkl-kostenlosem-upgrade-auf-ps5-playstation-4"},"modified":"2022-09-26T21:20:33","modified_gmt":"2022-09-26T21:20:33","slug":"fifa-21-inkl-kostenlosem-upgrade-auf-ps5-playstation-4","status":"publish","type":"product","link":"https:\/\/topgetestet.de\/?product=fifa-21-inkl-kostenlosem-upgrade-auf-ps5-playstation-4","title":{"rendered":"FIFA 21 &#8211; (inkl. kostenlosem Upgrade auf PS5) &#8211; [Playstation 4]"},"content":{"rendered":"<p>Price: <span style=\"color:#b12704\">[price_with_discount]<\/span><br \/><i><small>(as of [price_update_date] &#8211; <span class=\"wp_automatic_amazon_disclaimer\" title=\"Product prices and availability are accurate as of the date\/time indicated and are subject to change. Any price and availability information displayed on [relevant Amazon Site(s), as applicable] at the time of purchase will apply to the purchase of this product.\">Details<\/span>)<\/small><\/i><\/p>\n<p><a href=\"https:\/\/amazon.de\/dp\/B089ZDN19X?tag=topgetestet09-21\"><img decoding=\"async\" src=\"https:\/\/i.imgur.com\/ISRHEWs.png\"><\/a><br \/>\n[ad_1]<br \/>\n <span>WIN AS ONE<br \/>Auf der Stra\u00dfe und im Stadion bietet FIFA 21 mehr Spielvarianten als je zuvor.<\/p>\n<p>NEUE GAMEPLAY-FEATURES<br \/>FIFA 21 belohnt dich in allen Spielfeldbereichen f\u00fcr deine Kreativit\u00e4t und deine Kontrolle. Mit den neuen dynamischen Angriffssystemen kannst du im intelligentesten FIFA-Gameplay aller Zeiten noch mehr Torchancen als je zuvor herausholen. Im intelligentesten FIFA-Gameplay aller Zeiten wirst du dank neuer Features f\u00fcr deine Kreativit\u00e4t und deine Kontrolle belohnt.<\/p>\n<p>KARRIEREMODUS<br \/>Bestimme jeden Moment. Neuheiten sorgen f\u00fcr noch mehr Spieltiefe in den Partien, bei den Transfers und im Training und erm\u00f6glichen noch mehr Kontrolle \u00fcber den Aufstieg deines Teams an die Spitze.<\/p>\n<p>FIFA 21 ULTIMATE TEAM<br \/>Gemeinsam gewinnen, gemeinsam Boni abr\u00e4umen. Im beliebtesten FIFA-Spielmodus warten neue Spielvarianten auf dich. Stelle in FIFA 21 Ultimate Team deine Wunschmannschaft aus aktuellen und ehemaligen Spielern zusammen.<\/p>\n<p>VOLTA FOOTBALL<br \/>Mehr Spielm\u00f6glichkeiten. Mehr Anpassungsoptionen. Mehr Spielorte. Erlebe gemeinsam mit deinen Freunden den Zauber des Stra\u00dfenfu\u00dfballs, zeige deinen Style in K\u00e4figen und auf Pl\u00e4tzen in aller Welt und freu dich auf die unterschiedlichsten Kleinfeld-Varianten.<\/p>\n<p>ABSOLUTE AUTHENTIZIT\u00c4T<br \/>The World&#8217;s Game. EA SPORTS FIFA 21 bietet absolute Authentizit\u00e4t mit mehr als 30 offiziellen Ligen, 700+ Teams und 17.000+ authentischen Spielern.<\/p>\n<p>AGILES DRIBBLING<br \/>Mit dem neuen Agilen Dribbling kannst du in 1-gegen-1 Situationen deine Kreativit\u00e4t entfalten. Setze schnelle Beinarbeit ein, nutze die noch reaktionsschnellere enge Ballf\u00fchrung und zeige neue Spezialbewegungen wie die Ballrollenfinte, um deinen Bewacher stehenzulassen.<\/p>\n<p>POSITIONING PERSONALITY<br \/>Das gesteigerte Positionsbewusstsein sorgt in FIFA 21 f\u00fcr noch gr\u00f6\u00dfere Spielintelligenz, sodass die Spieler im richtigen Zeitpunkt am richtigen Ort sind und R\u00e4ume und Zeit so analysieren wie in der Realit\u00e4t. Weltklassest\u00fcrmer achten bei ihren L\u00e4ufen auf den letzten Verteidiger, um Abseitsstellungen zu vermeiden. Kreative Spielmacher verschaffen sich Platz f\u00fcr Steilp\u00e4sse. Und die besten Mittelfeldspieler stellen Passwege noch effektiver zu.<br \/>\u2022 KREATIVE L\u00c4UFE &#8211; Freue dich auf noch mehr Kontrolle \u00fcber die Bewegungen deiner St\u00fcrmer und noch mehr M\u00f6glichkeiten, Abwehrreihen mit deinem Spielaufbau zu \u00fcberwinden:<br \/>\u2022 RICHTUNGS-L\u00c4UFE &#8211; Steuere die Laufrichtung deiner Mitspieler, indem du den rechten Stick nach dem Ausl\u00f6sen eines Laufs ruckartig bewegst.<br \/>\u2022 RICHTUNGS-DOPPELPASS &#8211; Bewege den rechten Stick ruckartig, um festzulegen, wohin dein Mitspieler nach dem Pass laufen soll.<br \/>\u2022 SPIELERFESTLEGUNG &#8211; Dr\u00fccke beide Sticks, um deinen aktuellen Spieler im Angriff festzulegen.<\/p>\n<p>NAT\u00dcRLICHES KOLLISIONSSYSTEM<br \/>Das \u00fcberarbeitete Kollisionssystem sorgt \u00fcberall auf dem Spielfeld f\u00fcr noch fl\u00fcssigere Spielerinteraktionen. Schl\u00fcsselszenen wie Gew\u00fchl im Strafraum oder Ballbesitzduelle im Mittelfeld werden noch nat\u00fcrlicher aufgel\u00f6st, sodass sich weniger freie B\u00e4lle ergeben und die Spieler im Kampf um den Ball seltener hinfallen.<\/p>\n<p>FUSSBALL-GRUNDLAGEN<br \/>Wir haben die Grundlagen des Fu\u00dfballs \u00fcberarbeitet, um das Spiel in allen Spielfeldbereichen auf ein neues Niveau zu bringen.<br \/>\u2022 P\u00c4SSE &#8211; Ein noch gr\u00f6\u00dferes Verst\u00e4ndnis der R\u00e4ume und des gegnerischen Stellungsspiels erm\u00f6glicht in FIFA 21 noch intelligentere P\u00e4sse.<br \/>\u2022 BLOCKEN &#8211; Ein neues Blocksystem sorgt daf\u00fcr, dass durch Abwehrspieler geblockte Sch\u00fcsse und Flanken zu noch ausgewogeneren Spielszenen f\u00fchren.<br \/>\u2022 REAKTIVIT\u00c4T &#8211; K\u00fcrzere Reaktionszeiten erm\u00f6glichen noch reaktionsschnellere Spieler, die brenzlige Situationen auch unter Druck noch besser l\u00f6sen k\u00f6nnen.<br \/>\u2022 MANUELLE KOPFB\u00c4LLE &#8211; \u00dcbernimm mit manuellen Kopfb\u00e4llen die komplette Kontrolle \u00fcber Torversuche und P\u00e4sse mit dem Kopf und k\u00f6pfe genau dahin, wo du es willst.<\/p>\n<p>Erleben Sie in FIFA 21 auf PS5 ab 4. Dezember 2020 das n\u00e4chste Level. Starten Sie jetzt Ihre Saison und spielen Sie das PS4 Spiel auf Ihrer PS5 Konsole. Spielfortschritte in Volta Football und FIFA Ultimate Team werden \u00fcber Ihr EA-Konto \u00fcbernommen.<\/span> <br \/> Alterseinstufung \u200f : \u200e  Einstufung ausstehend <br \/> Sprache \u200f : \u200e  Deutsch <br \/> Produktabmessungen \u200f : \u200e  17.2 x 13.4 x 1.3 cm; 86 Gramm <br \/> Erscheinungstermin \u200f : \u200e  9. Oktober 2020 <br \/> ASIN \u200f : \u200e  B089ZDN19X <br \/> Modellnummer \u200f : \u200e  1068269 <\/p>\n<p>Win as One \u2013 In EA SPORTS FIFA 21 mit der Power von Frostbite. FIFA 21 bietet mehr Spielvarianten als je zuvor, egal ob auf den Stra\u00dfen oder im Stadion \u2013 inklusive UEFA Champions League und CONMEBOL Libertadores<br \/>Kaufe FIFA 21 f\u00fcr PlayStation 4 vor der Ver\u00f6ffentlichung von FIFA 22 und erhalte ohne zus\u00e4tzliche Kosten ein Upgrade auf FIFA 21 f\u00fcr PlayStation 5<br \/>\n<br \/>[ad_2]<\/p>\n","protected":false},"excerpt":{"rendered":"<p>Price: [price_with_discount](as of [price_update_date] &#8211; Details) [ad_1] WIN AS ONEAuf der Stra\u00dfe und im Stadion bietet FIFA 21 mehr Spielvarianten als je zuvor. NEUE GAMEPLAY-FEATURESFIFA 21 belohnt dich in allen<\/p>\n","protected":false},"featured_media":33452,"comment_status":"open","ping_status":"closed","template":"","meta":[],"product_cat":[227],"product_tag":[261],"class_list":{"0":"post-33451","1":"product","2":"type-product","3":"status-publish","4":"has-post-thumbnail","6":"product_cat-gaming","7":"product_tag-playstation-legacy-games","9":"first","10":"instock","11":"shipping-taxable","12":"product-type-external"},"aioseo_notices":[],"_links":{"self":[{"href":"https:\/\/topgetestet.de\/index.php?rest_route=\/wp\/v2\/product\/33451","targetHints":{"allow":["GET"]}}],"collection":[{"href":"https:\/\/topgetestet.de\/index.php?rest_route=\/wp\/v2\/product"}],"about":[{"href":"https:\/\/topgetestet.de\/index.php?rest_route=\/wp\/v2\/types\/product"}],"replies":[{"embeddable":true,"href":"https:\/\/topgetestet.de\/index.php?rest_route=%2Fwp%2Fv2%2Fcomments&post=33451"}],"wp:featuredmedia":[{"embeddable":true,"href":"https:\/\/topgetestet.de\/index.php?rest_route=\/wp\/v2\/media\/33452"}],"wp:attachment":[{"href":"https:\/\/topgetestet.de\/index.php?rest_route=%2Fwp%2Fv2%2Fmedia&parent=33451"}],"wp:term":[{"taxonomy":"product_cat","embeddable":true,"href":"https:\/\/topgetestet.de\/index.php?rest_route=%2Fwp%2Fv2%2Fproduct_cat&post=33451"},{"taxonomy":"product_tag","embeddable":true,"href":"https:\/\/topgetestet.de\/index.php?rest_route=%2Fwp%2Fv2%2Fproduct_tag&post=33451"}],"curies":[{"name":"wp","href":"https:\/\/api.w.org\/{rel}","templated":true}]}}