{"id":33373,"date":"2022-09-26T20:43:10","date_gmt":"2022-09-26T20:43:10","guid":{"rendered":"https:\/\/topgetestet.de\/?product=s-oliver-damen-analog-quarz-armbanduhr-mit-edelstahlarmband"},"modified":"2022-09-26T20:43:10","modified_gmt":"2022-09-26T20:43:10","slug":"s-oliver-damen-analog-quarz-armbanduhr-mit-edelstahlarmband","status":"publish","type":"product","link":"https:\/\/topgetestet.de\/?product=s-oliver-damen-analog-quarz-armbanduhr-mit-edelstahlarmband","title":{"rendered":"s.Oliver Damen Analog Quarz Armbanduhr mit Edelstahlarmband"},"content":{"rendered":"<p>Price: <span style=\"color:#b12704\">[price_with_discount]<\/span><br \/><i><small>(as of [price_update_date] &#8211; <span class=\"wp_automatic_amazon_disclaimer\" title=\"Product prices and availability are accurate as of the date\/time indicated and are subject to change. Any price and availability information displayed on [relevant Amazon Site(s), as applicable] at the time of purchase will apply to the purchase of this product.\">Details<\/span>)<\/small><\/i><\/p>\n<p><a href=\"https:\/\/amazon.de\/dp\/B07BDTB54B?tag=topgetestet09-21\"><img decoding=\"async\" src=\"https:\/\/i.imgur.com\/ISRHEWs.png\"><\/a><br \/>\n[ad_1]<br \/>\n <span>Damenuhr, Geh\u00e4use Metall, Band Edelstahl, Mineralglas, wasserdicht bis 3 Bar Geh\u00e4usedurchmesser ca. 36 mm, Geh\u00e4useh\u00f6he ca. 8 mm, Bandl\u00e4nge ca. 18 cm<\/span> <br \/> Auslaufartikel (Produktion durch Hersteller eingestellt) \u200f : \u200e  Nein <br \/> Produktabmessungen \u200f : \u200e  13.21 x 10.39 x 7.59 cm; 26 Gramm <br \/> Im Angebot von Amazon.de seit \u200f : \u200e  6. M\u00e4rz 2018 <br \/> Hersteller \u200f : \u200e  pro\/concept Vermarktungs GmbG <br \/> ASIN \u200f : \u200e  B07BDTB54B <br \/> Modellnummer \u200f : \u200e  SO-3522-LQ <br \/> Herkunftsland \u200f : \u200e  China <br \/> Kategorie \u200f : \u200e  Damen <\/p>\n<p>Metallgeh\u00e4use poliert \u00d8 36 mm, kratzunempfindliches Mineralglas, Wasserdichtigkeit gepr\u00fcft bis 3 ATM<br \/>Elegantes, wei\u00dfes Kunstlederarmband mit Dornschlie\u00dfe, L\u00e4nge: 70 x 110 mm<br \/>Gut ablesbares Zifferblatt<br \/>Verpackt in original s.Oliver Geschenkverpackung<br \/>\n<br \/>[ad_2]<\/p>\n","protected":false},"excerpt":{"rendered":"<p>Price: [price_with_discount](as of [price_update_date] &#8211; Details) [ad_1] Damenuhr, Geh\u00e4use Metall, Band Edelstahl, Mineralglas, wasserdicht bis 3 Bar Geh\u00e4usedurchmesser ca. 36 mm, Geh\u00e4useh\u00f6he ca. 8 mm, Bandl\u00e4nge ca. 18 cm Auslaufartikel<\/p>\n","protected":false},"featured_media":33374,"comment_status":"open","ping_status":"closed","template":"","meta":[],"product_cat":[232],"product_tag":[],"class_list":{"0":"post-33373","1":"product","2":"type-product","3":"status-publish","4":"has-post-thumbnail","6":"product_cat-women-fashion","8":"first","9":"instock","10":"sale","11":"shipping-taxable","12":"product-type-external"},"aioseo_notices":[],"_links":{"self":[{"href":"https:\/\/topgetestet.de\/index.php?rest_route=\/wp\/v2\/product\/33373","targetHints":{"allow":["GET"]}}],"collection":[{"href":"https:\/\/topgetestet.de\/index.php?rest_route=\/wp\/v2\/product"}],"about":[{"href":"https:\/\/topgetestet.de\/index.php?rest_route=\/wp\/v2\/types\/product"}],"replies":[{"embeddable":true,"href":"https:\/\/topgetestet.de\/index.php?rest_route=%2Fwp%2Fv2%2Fcomments&post=33373"}],"wp:featuredmedia":[{"embeddable":true,"href":"https:\/\/topgetestet.de\/index.php?rest_route=\/wp\/v2\/media\/33374"}],"wp:attachment":[{"href":"https:\/\/topgetestet.de\/index.php?rest_route=%2Fwp%2Fv2%2Fmedia&parent=33373"}],"wp:term":[{"taxonomy":"product_cat","embeddable":true,"href":"https:\/\/topgetestet.de\/index.php?rest_route=%2Fwp%2Fv2%2Fproduct_cat&post=33373"},{"taxonomy":"product_tag","embeddable":true,"href":"https:\/\/topgetestet.de\/index.php?rest_route=%2Fwp%2Fv2%2Fproduct_tag&post=33373"}],"curies":[{"name":"wp","href":"https:\/\/api.w.org\/{rel}","templated":true}]}}