{"id":33159,"date":"2022-09-26T20:01:59","date_gmt":"2022-09-26T20:01:59","guid":{"rendered":"https:\/\/topgetestet.de\/?product=s-oliver-damen-analog-quarz-armbanduhr-5"},"modified":"2022-09-26T20:01:59","modified_gmt":"2022-09-26T20:01:59","slug":"s-oliver-damen-analog-quarz-armbanduhr-5","status":"publish","type":"product","link":"https:\/\/topgetestet.de\/?product=s-oliver-damen-analog-quarz-armbanduhr-5","title":{"rendered":"s.Oliver Damen Analog Quarz Armbanduhr"},"content":{"rendered":"<p>Price: <span style=\"color:#b12704\">[price_with_discount]<\/span><br \/><i><small>(as of [price_update_date] &#8211; <span class=\"wp_automatic_amazon_disclaimer\" title=\"Product prices and availability are accurate as of the date\/time indicated and are subject to change. Any price and availability information displayed on [relevant Amazon Site(s), as applicable] at the time of purchase will apply to the purchase of this product.\">Details<\/span>)<\/small><\/i><\/p>\n<p><a href=\"https:\/\/amazon.de\/dp\/B07TXCTYC2?tag=topgetestet09-21\"><img decoding=\"async\" src=\"https:\/\/i.imgur.com\/ISRHEWs.png\"><\/a><br \/>\n[ad_1]<br \/>\n Im Mittelpunkt der s.Oliver Kollektion steht, dass du in den Designs so sein kannst, wie du bist und dich niemals verkleidet f\u00fchlst . Dabei findest du bei uns zu jedem Look die passende Uhr, egal ob zum sportlichen Freizeit-Look, zum schicken Buisness-Outfit oder zum eleganten Auftritt am Abend. <br \/> Batterien \u200f : \u200e  1 Unbekannt Batterien erforderlich (enthalten). <br \/> Verpackungsabmessungen \u200f : \u200e  11.43 x 10.92 x 7.87 cm; 29 Gramm <br \/> Im Angebot von Amazon.de seit \u200f : \u200e  30. Juni 2019 <br \/> Hersteller \u200f : \u200e  s.Oliver <br \/> ASIN \u200f : \u200e  B07TXCTYC2 <br \/> Modellnummer \u200f : \u200e  SO-3871-LQ <br \/> Herkunftsland \u200f : \u200e  China <br \/> Kategorie \u200f : \u200e  Damen <\/p>\n<p>Ros\u00e9goldfarbenes Metallgeh\u00e4use poliert \u00d8 36 mm, kratzunempfindliches Mineralglas, Wasserdichtigkeit gepr\u00fcft bis 3 ATM<br \/>Elegantes, schwarzes komfortables Kunstlederarmband mit Dornschlie\u00dfe Bandl\u00e4nge: 75 x 115 mm<br \/>Gut ablesbares Zifferblatt<br \/>Verpackt in original s.Oliver Geschenkverpackung<br \/>\n<br \/>[ad_2]<\/p>\n","protected":false},"excerpt":{"rendered":"<p>Price: [price_with_discount](as of [price_update_date] &#8211; Details) [ad_1] Im Mittelpunkt der s.Oliver Kollektion steht, dass du in den Designs so sein kannst, wie du bist und dich niemals verkleidet f\u00fchlst .<\/p>\n","protected":false},"featured_media":33160,"comment_status":"open","ping_status":"closed","template":"","meta":[],"product_cat":[232],"product_tag":[],"class_list":{"0":"post-33159","1":"product","2":"type-product","3":"status-publish","4":"has-post-thumbnail","6":"product_cat-women-fashion","8":"first","9":"instock","10":"sale","11":"shipping-taxable","12":"product-type-external"},"aioseo_notices":[],"_links":{"self":[{"href":"https:\/\/topgetestet.de\/index.php?rest_route=\/wp\/v2\/product\/33159","targetHints":{"allow":["GET"]}}],"collection":[{"href":"https:\/\/topgetestet.de\/index.php?rest_route=\/wp\/v2\/product"}],"about":[{"href":"https:\/\/topgetestet.de\/index.php?rest_route=\/wp\/v2\/types\/product"}],"replies":[{"embeddable":true,"href":"https:\/\/topgetestet.de\/index.php?rest_route=%2Fwp%2Fv2%2Fcomments&post=33159"}],"wp:featuredmedia":[{"embeddable":true,"href":"https:\/\/topgetestet.de\/index.php?rest_route=\/wp\/v2\/media\/33160"}],"wp:attachment":[{"href":"https:\/\/topgetestet.de\/index.php?rest_route=%2Fwp%2Fv2%2Fmedia&parent=33159"}],"wp:term":[{"taxonomy":"product_cat","embeddable":true,"href":"https:\/\/topgetestet.de\/index.php?rest_route=%2Fwp%2Fv2%2Fproduct_cat&post=33159"},{"taxonomy":"product_tag","embeddable":true,"href":"https:\/\/topgetestet.de\/index.php?rest_route=%2Fwp%2Fv2%2Fproduct_tag&post=33159"}],"curies":[{"name":"wp","href":"https:\/\/api.w.org\/{rel}","templated":true}]}}