{"id":33085,"date":"2022-09-26T19:50:10","date_gmt":"2022-09-26T19:50:10","guid":{"rendered":"https:\/\/topgetestet.de\/?product=primigi-damen-pkf-gtx-84394-fashion-boot"},"modified":"2022-09-26T19:50:10","modified_gmt":"2022-09-26T19:50:10","slug":"primigi-damen-pkf-gtx-84394-fashion-boot","status":"publish","type":"product","link":"https:\/\/topgetestet.de\/?product=primigi-damen-pkf-gtx-84394-fashion-boot","title":{"rendered":"Primigi Damen Pkf GTX 84394 Fashion Boot"},"content":{"rendered":"<p>Price: <span style=\"color:#b12704\">[price_with_discount]<\/span><br \/><i><small>(as of [price_update_date] &#8211; <span class=\"wp_automatic_amazon_disclaimer\" title=\"Product prices and availability are accurate as of the date\/time indicated and are subject to change. Any price and availability information displayed on [relevant Amazon Site(s), as applicable] at the time of purchase will apply to the purchase of this product.\">Details<\/span>)<\/small><\/i><\/p>\n<p><a href=\"https:\/\/amazon.de\/dp\/B08VWBG6FL?tag=topgetestet09-21\"><img decoding=\"async\" src=\"https:\/\/i.imgur.com\/ISRHEWs.png\"><\/a><br \/>\n[ad_1]<\/p>\n<p>       Von der Marke <\/p>\n<p>             <img decoding=\"async\" alt=\" \" src=\"https:\/\/images-na.ssl-images-amazon.com\/images\/G\/01\/x-locale\/common\/grey-pixel.gif\" class=\"a-lazy-loaded\" data-src=\"https:\/\/m.media-amazon.com\/images\/S\/aplus-media\/sota\/b3eed991-bea3-416e-8d74-fe82be3c8130.__CR0,0,1464,625_PT0_SX1464_V1___.jpg\"><\/p>\n<p>              <img decoding=\"async\" alt=\" \" src=\"https:\/\/m.media-amazon.com\/images\/S\/aplus-media\/sota\/b3eed991-bea3-416e-8d74-fe82be3c8130.__CR0,0,1464,625_PT0_SX1464_V1___.jpg\"><\/p>\n<p>                   <img decoding=\"async\" alt=\" \" src=\"https:\/\/images-na.ssl-images-amazon.com\/images\/G\/01\/x-locale\/common\/grey-pixel.gif\" class=\"a-lazy-loaded\" data-src=\"https:\/\/m.media-amazon.com\/images\/S\/aplus-media\/sota\/a5ecf987-c3ec-4003-baa6-bcc6c16da0a9.__CR0,0,315,145_PT0_SX315_V1___.jpg\"><\/p>\n<p>                    <img decoding=\"async\" alt=\" \" src=\"https:\/\/m.media-amazon.com\/images\/S\/aplus-media\/sota\/a5ecf987-c3ec-4003-baa6-bcc6c16da0a9.__CR0,0,315,145_PT0_SX315_V1___.jpg\"><\/p>\n<p> Das Leben mit Primigi ist &#8220;Ein au\u00dfergew\u00f6hnliches Abenteuer&#8221;. Eltern wissen das und w\u00e4hlen uns f\u00fcr das gereifte Know How auf einem langen Weg zum Wohlbefinden des Kindes. Die Technologien unserer Schuhe, die sorgf\u00e4ltige Auswahl der verwendeten Materialien, die sorgf\u00e4ltige Liebe zum Detail und das italienische Design sind Kennzeichen einer unverzichtbaren Qualit\u00e4t. <\/p>\n<h3> Kaufen Sie Ihre Primigi <\/h3>\n<p class=\"apm-brand-story-stores-link\">\n<p>                   <img decoding=\"async\" alt=\" \" src=\"https:\/\/images-na.ssl-images-amazon.com\/images\/G\/01\/x-locale\/common\/grey-pixel.gif\" class=\"a-lazy-loaded\" data-src=\"https:\/\/m.media-amazon.com\/images\/S\/aplus-media\/sota\/6ecc6f7c-3af3-4aad-b0e3-b8bda4096122.__CR0,0,362,453_PT0_SX362_V1___.jpg\"><\/p>\n<p>                    <img decoding=\"async\" alt=\" \" src=\"https:\/\/m.media-amazon.com\/images\/S\/aplus-media\/sota\/6ecc6f7c-3af3-4aad-b0e3-b8bda4096122.__CR0,0,362,453_PT0_SX362_V1___.jpg\"><\/p>\n<h3> Primigi For Change <\/h3>\n<p> Die Primigi for Change Kollektion verwendet nachhaltige und\/oder umweltschonende Materialien. <\/p>\n<p>                     Wann hat alles angefangen?  <\/p>\n<p> Wir wurden 1976 geboren, indem wir unsere Kinderschuhe auf dem Markt anbieten. Seitdem hat PRIMIGI die Forschung auf das Wohlbefinden der kleinen F\u00fc\u00dfe nie unterbrochen. <\/p>\n<p>                     Warum sind wir stolz auf das, was wir tun?  <\/p>\n<p> Seit \u00fcber 40 Jahren fertigen wir hochwertige und sichere Schuhe mit Sorgfalt und Liebe, die entwickelt wurden, um den Bed\u00fcrfnissen jedes Alters von Anfang an gerecht zu werden. <\/p>\n<p>                     Was ist das PRIMIGI SYSTEM?  <\/p>\n<p> Ein einzigartiges und innovatives Design, hochwertiges Obst und technische Innovation, das unseren Schuhen Flexibilit\u00e4t, Leichtigkeit, Atmungsaktivit\u00e4t, Strapazierf\u00e4higkeit, Weichheit verleiht. <\/p>\n<p> Verpackungsabmessungen \u200f : \u200e  32.9 x 30.1 x 11.7 cm; 1.03 Kilogramm <br \/> Im Angebot von Amazon.de seit \u200f : \u200e  4. Februar 2021 <br \/> Hersteller \u200f : \u200e  IMAC S.P.A. &#8211; Divisione IGI <br \/> ASIN \u200f : \u200e  B08VWZN8RS <br \/> Modellnummer \u200f : \u200e  PKF GTX 84394 <br \/> Kategorie \u200f : \u200e  Damen <\/p>\n<p>[ad_2]<\/p>\n","protected":false},"excerpt":{"rendered":"<p>Price: [price_with_discount](as of [price_update_date] &#8211; Details) [ad_1] Von der Marke Das Leben mit Primigi ist &#8220;Ein au\u00dfergew\u00f6hnliches Abenteuer&#8221;. Eltern wissen das und w\u00e4hlen uns f\u00fcr das gereifte Know How auf<\/p>\n","protected":false},"featured_media":33086,"comment_status":"open","ping_status":"closed","template":"","meta":[],"product_cat":[232],"product_tag":[],"class_list":{"0":"post-33085","1":"product","2":"type-product","3":"status-publish","4":"has-post-thumbnail","6":"product_cat-women-fashion","8":"first","9":"instock","10":"shipping-taxable","11":"product-type-external"},"aioseo_notices":[],"_links":{"self":[{"href":"https:\/\/topgetestet.de\/index.php?rest_route=\/wp\/v2\/product\/33085","targetHints":{"allow":["GET"]}}],"collection":[{"href":"https:\/\/topgetestet.de\/index.php?rest_route=\/wp\/v2\/product"}],"about":[{"href":"https:\/\/topgetestet.de\/index.php?rest_route=\/wp\/v2\/types\/product"}],"replies":[{"embeddable":true,"href":"https:\/\/topgetestet.de\/index.php?rest_route=%2Fwp%2Fv2%2Fcomments&post=33085"}],"wp:featuredmedia":[{"embeddable":true,"href":"https:\/\/topgetestet.de\/index.php?rest_route=\/wp\/v2\/media\/33086"}],"wp:attachment":[{"href":"https:\/\/topgetestet.de\/index.php?rest_route=%2Fwp%2Fv2%2Fmedia&parent=33085"}],"wp:term":[{"taxonomy":"product_cat","embeddable":true,"href":"https:\/\/topgetestet.de\/index.php?rest_route=%2Fwp%2Fv2%2Fproduct_cat&post=33085"},{"taxonomy":"product_tag","embeddable":true,"href":"https:\/\/topgetestet.de\/index.php?rest_route=%2Fwp%2Fv2%2Fproduct_tag&post=33085"}],"curies":[{"name":"wp","href":"https:\/\/api.w.org\/{rel}","templated":true}]}}