{"id":32957,"date":"2022-09-26T19:22:09","date_gmt":"2022-09-26T19:22:09","guid":{"rendered":"https:\/\/topgetestet.de\/?product=boompods-boombuds-go-true-wireless-earbuds-weis"},"modified":"2022-09-26T19:22:09","modified_gmt":"2022-09-26T19:22:09","slug":"boompods-boombuds-go-true-wireless-earbuds-weis","status":"publish","type":"product","link":"https:\/\/topgetestet.de\/?product=boompods-boombuds-go-true-wireless-earbuds-weis","title":{"rendered":"Boompods Boombuds GO True Wireless Earbuds (Wei\u00df)"},"content":{"rendered":"<p>Price: <span style=\"color:#b12704\">[price_with_discount]<\/span><br \/><i><small>(as of [price_update_date] &#8211; <span class=\"wp_automatic_amazon_disclaimer\" title=\"Product prices and availability are accurate as of the date\/time indicated and are subject to change. Any price and availability information displayed on [relevant Amazon Site(s), as applicable] at the time of purchase will apply to the purchase of this product.\">Details<\/span>)<\/small><\/i><\/p>\n<p><a href=\"https:\/\/amazon.de\/dp\/B085VDWS9B?tag=topgetestet09-21\"><img decoding=\"async\" src=\"https:\/\/i.imgur.com\/ISRHEWs.png\"><\/a><br \/>\n[ad_1]<br \/>\n Um die Gesamtbewertung der Sterne und die prozentuale Aufschl\u00fcsselung nach Sternen zu berechnen, verwenden wir keinen einfachen Durchschnitt. Stattdessen ber\u00fccksichtigt unser System beispielsweise, wie aktuell eine Bewertung ist und ob der Pr\u00fcfer den Artikel bei Amazon gekauft hat. Es wurden auch Bewertungen analysiert, um die Vertrauensw\u00fcrdigkeit zu \u00fcberpr\u00fcfen. <br \/> Batterien \u200f : \u200e  3 Lithium-Ionen Batterien erforderlich (enthalten). <br \/> Produktabmessungen \u200f : \u200e  3.4 x 7.5 x 2.8 cm; 40 Gramm <br \/> Im Angebot von Amazon.de seit \u200f : \u200e  21. Januar 2021 <br \/> Hersteller \u200f : \u200e  Boompods <br \/> ASIN \u200f : \u200e  B085VDWS9B <br \/> Modellnummer \u200f : \u200e  BBGOWHT <br \/> Herkunftsland \u200f : \u200e  China <\/p>\n<p>\u2705 One-Touch-Steuerung: Automatische Verbindung direkt aus der H\u00fclle. Dr\u00fccken Sie den Knopf, um Musik abzuspielen\/zu pausieren, Titel oder H\u00f6rbuch zu wechseln, aus-\/einschalten, Anrufe annehmen oder beenden oder Sprachbefehle (Siri) zu nutzen, ohne sich auf Ihr Telefon zu verlassen Intuitive und leicht zu navigierende Steuerungen.<br \/>\u2705 Blaue Z\u00e4hne 5.0-Konnektivit\u00e4t: Ausgestattet mit der neuesten Technologie, werden Sie in der Lage sein, schnellere Geschwindigkeit, erh\u00f6hte Reichweite und beeindruckenden Klang f\u00fcr das ultimative Audio-Erlebnis zu genie\u00dfen. Schafft maximale Stabilit\u00e4t zwischen zwei Ohrst\u00fccken ohne Ausbrechen. Einfachere Kopplung mit kompatiblen Ger\u00e4ten.<br \/>\u2705 TRAVEL CHARGE BOX: Nehmen Sie Ihre Kopfh\u00f6rer \u00fcberall hin mit. Die Ohrh\u00f6rer bleiben mit Hilfe von starken Magneten sicher in der Halterung. Leicht in der Hosentasche oder Tasche zu transportieren. Das Aufladen ist bequem und einfach, da die H\u00fclle als Ladeger\u00e4t fungiert, ohne an die Steckdose angeschlossen werden zu m\u00fcssen. Verl\u00e4ngert die Spielzeit um 20 Stunden.<br \/>\u2705 Ergonomisches Design: Mit Blick auf Komfort gebaut, Kopfh\u00f6rer k\u00f6nnen individuell f\u00fcr jeden Benutzer angepasst werden. Drei verschiedene Gr\u00f6\u00dfen von Ohrst\u00f6pseln sind im Kauf enthalten: klein, mittel oder gro\u00df. Pers\u00f6nliche Anpassung kann sicherstellen, dass das Ohrst\u00fcck eng und bequem sitzt, so dass es nicht verrutscht oder herausf\u00e4llt.<br \/>\u2705 Regen- und schwei\u00dffest: Kopfh\u00f6rer sind f\u00fcr Schutz vor allen Winkeln von Spritzern, egal ob bei Schwitzen oder Regen geeignet. Sie m\u00fcssen sich keine Sorgen machen, dass Sie die Intensit\u00e4t der \u00dcbungen oder Aktivit\u00e4ten einschalten. Ideal zum Trainieren, Laufen oder Joggen. Ein vollst\u00e4ndiges Eintauchen wird nicht empfohlen<br \/>\n<br \/>[ad_2]<\/p>\n","protected":false},"excerpt":{"rendered":"<p>Price: [price_with_discount](as of [price_update_date] &#8211; Details) [ad_1] Um die Gesamtbewertung der Sterne und die prozentuale Aufschl\u00fcsselung nach Sternen zu berechnen, verwenden wir keinen einfachen Durchschnitt. Stattdessen ber\u00fccksichtigt unser System beispielsweise,<\/p>\n","protected":false},"featured_media":32958,"comment_status":"open","ping_status":"closed","template":"","meta":[],"product_cat":[225],"product_tag":[],"class_list":{"0":"post-32957","1":"product","2":"type-product","3":"status-publish","4":"has-post-thumbnail","6":"product_cat-electronics","8":"first","9":"instock","10":"shipping-taxable","11":"product-type-external"},"aioseo_notices":[],"_links":{"self":[{"href":"https:\/\/topgetestet.de\/index.php?rest_route=\/wp\/v2\/product\/32957","targetHints":{"allow":["GET"]}}],"collection":[{"href":"https:\/\/topgetestet.de\/index.php?rest_route=\/wp\/v2\/product"}],"about":[{"href":"https:\/\/topgetestet.de\/index.php?rest_route=\/wp\/v2\/types\/product"}],"replies":[{"embeddable":true,"href":"https:\/\/topgetestet.de\/index.php?rest_route=%2Fwp%2Fv2%2Fcomments&post=32957"}],"wp:featuredmedia":[{"embeddable":true,"href":"https:\/\/topgetestet.de\/index.php?rest_route=\/wp\/v2\/media\/32958"}],"wp:attachment":[{"href":"https:\/\/topgetestet.de\/index.php?rest_route=%2Fwp%2Fv2%2Fmedia&parent=32957"}],"wp:term":[{"taxonomy":"product_cat","embeddable":true,"href":"https:\/\/topgetestet.de\/index.php?rest_route=%2Fwp%2Fv2%2Fproduct_cat&post=32957"},{"taxonomy":"product_tag","embeddable":true,"href":"https:\/\/topgetestet.de\/index.php?rest_route=%2Fwp%2Fv2%2Fproduct_tag&post=32957"}],"curies":[{"name":"wp","href":"https:\/\/api.w.org\/{rel}","templated":true}]}}