{"id":32947,"date":"2022-09-26T19:20:50","date_gmt":"2022-09-26T19:20:50","guid":{"rendered":"https:\/\/topgetestet.de\/?product=crash-bandicoot-2-0-playstation-4"},"modified":"2022-09-26T19:20:50","modified_gmt":"2022-09-26T19:20:50","slug":"crash-bandicoot-2-0-playstation-4","status":"publish","type":"product","link":"https:\/\/topgetestet.de\/?product=crash-bandicoot-2-0-playstation-4","title":{"rendered":"Crash Bandicoot 2.0 &#8211; [PlayStation 4]"},"content":{"rendered":"<p>Price: <span style=\"color:#b12704\">[price_with_discount]<\/span><br \/><i><small>(as of [price_update_date] &#8211; <span class=\"wp_automatic_amazon_disclaimer\" title=\"Product prices and availability are accurate as of the date\/time indicated and are subject to change. Any price and availability information displayed on [relevant Amazon Site(s), as applicable] at the time of purchase will apply to the purchase of this product.\">Details<\/span>)<\/small><\/i><\/p>\n<p><a href=\"https:\/\/amazon.de\/dp\/B07DJY71GN?tag=topgetestet09-21\"><img decoding=\"async\" src=\"https:\/\/i.imgur.com\/ISRHEWs.png\"><\/a><br \/>\n[ad_1]<br \/>\n <span>CRASH IST WIEDER DA! UND IRRSINNIG BESSER!<\/p>\n<p>Schlie\u00dfe dich erneut deinem Lieblingsbeuteltier Crash Bandicoot an, wenn er mit seinen drei gr\u00f6\u00dften Abenteuern im Schlepptau auf PlayStation 4 wirbelt, aufgefrischt mit atemberaubend detaillierter Grafik.<\/p>\n<p>Drei legend\u00e4re Abenteuer!<br \/>Die Inhalte der N. Sane-Trilogy, Crash Bandicoot, Crash Bandicoot 2: Cortex Strikes Back und Crash Bandicoot 3: Warped, wurden mit viel Liebe und der neuesten Technologie von Grund auf neu erschaffen, inklusive brandneuer Tonaufnahmen der Originalsprecher und neuen Inhalten, um das klassische Gameplay der Serie einer ganz neuen Generation zu pr\u00e4sentieren.<\/p>\n<p>Stelle dich im ersten Abenteuer erneut dem b\u00f6sen Dr. Neo Cortex und durchkreuze seine finsteren Pl\u00e4ne zur Errichtung einer Armee aus genetisch modifizierten Schergen, laufe in der Fortsetzung Schlittschuh, d\u00fcse mit dem Jetpack durch gr\u00f6\u00dfere, offenere Level und h\u00fcpfe im Finale der Reihe, Warped, schlie\u00dflich durch Raum und Zeit.<\/p>\n<p>Bist du bereit, mehr &#8220;Jump&#8221; in dein &#8220;Wump&#8221; zu bringen?<\/p>\n<p>FEATURES:<br \/>\u2022 Drei Vollversionen: Crash Bandicoot, Crash 2 Cortex Strikes Back, Brash Bandicoot 4: Warped<br \/>\u2022 Mehr als 100 Level &amp; zwei spielbare Charaktere<br \/>\u2022 Erlebe intensive Jump&#8217;n&#8217;Run-Action, epische Herausforderungen &amp; Abenteuer<br \/>\u2022 Atemberaubende neue Animationen &amp; Grafiken<\/p>\n<p>Inklusive 2 Bonuslevel auf CD (Stormy Ascent &amp; Future Tense)<\/p>\n<p><\/span> <br \/> Alterseinstufung \u200f : \u200e  USK ab 6 freigegeben <br \/> Produktabmessungen \u200f : \u200e  17.1 x 13.6 x 1.3 cm; 80 Gramm <br \/> Erscheinungstermin \u200f : \u200e  29. Juni 2018 <br \/> ASIN \u200f : \u200e  B07DJY71GN <br \/> Modellnummer \u200f : \u200e  88222206GM <br \/> Herkunftsland \u200f : \u200e  Deutschland <\/p>\n<p>Enth\u00e4lt zwei zus\u00e4tzliche Bonus-Level<br \/>Genre: Aktion<br \/>\n<br \/>[ad_2]<\/p>\n","protected":false},"excerpt":{"rendered":"<p>Price: [price_with_discount](as of [price_update_date] &#8211; Details) [ad_1] CRASH IST WIEDER DA! UND IRRSINNIG BESSER! Schlie\u00dfe dich erneut deinem Lieblingsbeuteltier Crash Bandicoot an, wenn er mit seinen drei gr\u00f6\u00dften Abenteuern im<\/p>\n","protected":false},"featured_media":32948,"comment_status":"open","ping_status":"closed","template":"","meta":[],"product_cat":[227],"product_tag":[261],"class_list":{"0":"post-32947","1":"product","2":"type-product","3":"status-publish","4":"has-post-thumbnail","6":"product_cat-gaming","7":"product_tag-playstation-legacy-games","9":"first","10":"instock","11":"sale","12":"shipping-taxable","13":"product-type-external"},"aioseo_notices":[],"_links":{"self":[{"href":"https:\/\/topgetestet.de\/index.php?rest_route=\/wp\/v2\/product\/32947","targetHints":{"allow":["GET"]}}],"collection":[{"href":"https:\/\/topgetestet.de\/index.php?rest_route=\/wp\/v2\/product"}],"about":[{"href":"https:\/\/topgetestet.de\/index.php?rest_route=\/wp\/v2\/types\/product"}],"replies":[{"embeddable":true,"href":"https:\/\/topgetestet.de\/index.php?rest_route=%2Fwp%2Fv2%2Fcomments&post=32947"}],"wp:featuredmedia":[{"embeddable":true,"href":"https:\/\/topgetestet.de\/index.php?rest_route=\/wp\/v2\/media\/32948"}],"wp:attachment":[{"href":"https:\/\/topgetestet.de\/index.php?rest_route=%2Fwp%2Fv2%2Fmedia&parent=32947"}],"wp:term":[{"taxonomy":"product_cat","embeddable":true,"href":"https:\/\/topgetestet.de\/index.php?rest_route=%2Fwp%2Fv2%2Fproduct_cat&post=32947"},{"taxonomy":"product_tag","embeddable":true,"href":"https:\/\/topgetestet.de\/index.php?rest_route=%2Fwp%2Fv2%2Fproduct_tag&post=32947"}],"curies":[{"name":"wp","href":"https:\/\/api.w.org\/{rel}","templated":true}]}}