{"id":32941,"date":"2022-09-26T19:19:21","date_gmt":"2022-09-26T19:19:21","guid":{"rendered":"https:\/\/topgetestet.de\/?product=adidas-herren-ent22-jsy-t-shirt"},"modified":"2022-09-26T19:19:21","modified_gmt":"2022-09-26T19:19:21","slug":"adidas-herren-ent22-jsy-t-shirt","status":"publish","type":"product","link":"https:\/\/topgetestet.de\/?product=adidas-herren-ent22-jsy-t-shirt","title":{"rendered":"adidas Herren Ent22 Jsy T-Shirt"},"content":{"rendered":"<p>Price: <span style=\"color:#b12704\">[price_with_discount]<\/span><br \/><i><small>(as of [price_update_date] &#8211; <span class=\"wp_automatic_amazon_disclaimer\" title=\"Product prices and availability are accurate as of the date\/time indicated and are subject to change. Any price and availability information displayed on [relevant Amazon Site(s), as applicable] at the time of purchase will apply to the purchase of this product.\">Details<\/span>)<\/small><\/i><\/p>\n<p><a href=\"https:\/\/amazon.de\/dp\/B09H7L8J5H?tag=topgetestet09-21\"><img decoding=\"async\" src=\"https:\/\/i.imgur.com\/ISRHEWs.png\"><\/a><br \/>\n[ad_1]<br \/>\n <span>Dieses Adidas -Hemd h\u00e4lt Sie leicht, schnell und bedeckt, w\u00e4hrend Sie nach dem Ball springen. Das elastische Gewebe mischt sich mit Paneele im Netz f\u00fcr ein frisches und luftiges Gef\u00fchl. Es absorbiert auch Luftfeuchtigkeit, bleibt trocken und bereit f\u00fcr alles.<\/span> <br \/> Verpackungsabmessungen \u200f : \u200e  28.4 x 18.1 x 3.9 cm; 140 Gramm <br \/> Im Angebot von Amazon.de seit \u200f : \u200e  27. September 2021 <br \/> Hersteller \u200f : \u200e  Adidas <br \/> ASIN \u200f : \u200e  B09H7K97XZ <br \/> Modellnummer \u200f : \u200e  HI2122 <br \/> Kategorie \u200f : \u200e  Herren <\/p>\n<p>[ad_2]<\/p>\n","protected":false},"excerpt":{"rendered":"<p>Price: [price_with_discount](as of [price_update_date] &#8211; Details) [ad_1] Dieses Adidas -Hemd h\u00e4lt Sie leicht, schnell und bedeckt, w\u00e4hrend Sie nach dem Ball springen. Das elastische Gewebe mischt sich mit Paneele im<\/p>\n","protected":false},"featured_media":32942,"comment_status":"open","ping_status":"closed","template":"","meta":[],"product_cat":[231],"product_tag":[],"class_list":{"0":"post-32941","1":"product","2":"type-product","3":"status-publish","4":"has-post-thumbnail","6":"product_cat-mens-fashion","8":"first","9":"instock","10":"shipping-taxable","11":"product-type-external"},"aioseo_notices":[],"_links":{"self":[{"href":"https:\/\/topgetestet.de\/index.php?rest_route=\/wp\/v2\/product\/32941","targetHints":{"allow":["GET"]}}],"collection":[{"href":"https:\/\/topgetestet.de\/index.php?rest_route=\/wp\/v2\/product"}],"about":[{"href":"https:\/\/topgetestet.de\/index.php?rest_route=\/wp\/v2\/types\/product"}],"replies":[{"embeddable":true,"href":"https:\/\/topgetestet.de\/index.php?rest_route=%2Fwp%2Fv2%2Fcomments&post=32941"}],"wp:featuredmedia":[{"embeddable":true,"href":"https:\/\/topgetestet.de\/index.php?rest_route=\/wp\/v2\/media\/32942"}],"wp:attachment":[{"href":"https:\/\/topgetestet.de\/index.php?rest_route=%2Fwp%2Fv2%2Fmedia&parent=32941"}],"wp:term":[{"taxonomy":"product_cat","embeddable":true,"href":"https:\/\/topgetestet.de\/index.php?rest_route=%2Fwp%2Fv2%2Fproduct_cat&post=32941"},{"taxonomy":"product_tag","embeddable":true,"href":"https:\/\/topgetestet.de\/index.php?rest_route=%2Fwp%2Fv2%2Fproduct_tag&post=32941"}],"curies":[{"name":"wp","href":"https:\/\/api.w.org\/{rel}","templated":true}]}}