{"id":32785,"date":"2022-09-26T18:33:29","date_gmt":"2022-09-26T18:33:29","guid":{"rendered":"https:\/\/topgetestet.de\/?product=tamaris-damen-slipper-1-1-24209-28-normal-grose-eu"},"modified":"2022-09-26T18:33:29","modified_gmt":"2022-09-26T18:33:29","slug":"tamaris-damen-slipper-1-1-24209-28-normal-grose-eu","status":"publish","type":"product","link":"https:\/\/topgetestet.de\/?product=tamaris-damen-slipper-1-1-24209-28-normal-grose-eu","title":{"rendered":"Tamaris Damen Slipper 1-1-24209-28 normal Gr\u00f6\u00dfe: EU"},"content":{"rendered":"<p>Price: <span style=\"color:#b12704\">[price_with_discount]<\/span><br \/><i><small>(as of [price_update_date] &#8211; <span class=\"wp_automatic_amazon_disclaimer\" title=\"Product prices and availability are accurate as of the date\/time indicated and are subject to change. Any price and availability information displayed on [relevant Amazon Site(s), as applicable] at the time of purchase will apply to the purchase of this product.\">Details<\/span>)<\/small><\/i><\/p>\n<p><a href=\"https:\/\/amazon.de\/dp\/B09BQW8VW1?tag=topgetestet09-21\"><img decoding=\"async\" src=\"https:\/\/i.imgur.com\/ISRHEWs.png\"><\/a><br \/>\n[ad_1]<\/p>\n<p>       Von der Marke <\/p>\n<p>             <img decoding=\"async\" alt=\"tamaris\" src=\"https:\/\/images-na.ssl-images-amazon.com\/images\/G\/01\/x-locale\/common\/grey-pixel.gif\" class=\"a-lazy-loaded\" data-src=\"https:\/\/m.media-amazon.com\/images\/S\/aplus-media-library-service-media\/3a53b126-551b-421f-bad2-ecbe0266d0c1.__CR0,0,1464,625_PT0_SX1464_V1___.jpg\"><\/p>\n<p>              <img decoding=\"async\" alt=\"tamaris\" src=\"https:\/\/m.media-amazon.com\/images\/S\/aplus-media-library-service-media\/3a53b126-551b-421f-bad2-ecbe0266d0c1.__CR0,0,1464,625_PT0_SX1464_V1___.jpg\"><\/p>\n<p>                   <img decoding=\"async\" alt=\"tamaris fashion\" src=\"https:\/\/images-na.ssl-images-amazon.com\/images\/G\/01\/x-locale\/common\/grey-pixel.gif\" class=\"a-lazy-loaded\" data-src=\"https:\/\/m.media-amazon.com\/images\/S\/aplus-media-library-service-media\/578c15a6-5e59-491a-9d0b-2caabf89fc91.__CR0,0,315,145_PT0_SX315_V1___.jpg\"><\/p>\n<p>                    <img decoding=\"async\" alt=\"tamaris fashion\" src=\"https:\/\/m.media-amazon.com\/images\/S\/aplus-media-library-service-media\/578c15a6-5e59-491a-9d0b-2caabf89fc91.__CR0,0,315,145_PT0_SX315_V1___.jpg\"><\/p>\n<p> Ein Schuh, viel Wei\u00dffl\u00e4che und jede Menge Raum f\u00fcr Fantasie. Klar im Design und konsequent in der Bildsprache. Seit mehr als einem halben Jahrhundert geh\u00f6rt unsere Leidenschaft Schuhen, die jeden Moment perfekt machen! Vom roten Teppich bis zum Waldweg. An Alltagen und besonderen Tagen. Moderne und stilbewusste Frauen finden in unseren Kollektionen eine au\u00dfergew\u00f6hnliche Modellbreite mit speziellen Features. <\/p>\n<h3> Entdecken Sie Tamaris <\/h3>\n<p class=\"apm-brand-story-stores-link\">\n<p> Verpackungsabmessungen \u200f : \u200e  31.2 x 29.8 x 10.4 cm; 600 Gramm <br \/> Im Angebot von Amazon.de seit \u200f : \u200e  3. August 2021 <br \/> Hersteller \u200f : \u200e  Tamaris <br \/> ASIN \u200f : \u200e  B09BQWLT1N <br \/> Modellnummer \u200f : \u200e  1-1-24209-28 <br \/> Kategorie \u200f : \u200e  Damen <\/p>\n<p>[ad_2]<\/p>\n","protected":false},"excerpt":{"rendered":"<p>Price: [price_with_discount](as of [price_update_date] &#8211; Details) [ad_1] Von der Marke Ein Schuh, viel Wei\u00dffl\u00e4che und jede Menge Raum f\u00fcr Fantasie. Klar im Design und konsequent in der Bildsprache. Seit mehr<\/p>\n","protected":false},"featured_media":32786,"comment_status":"open","ping_status":"closed","template":"","meta":[],"product_cat":[232],"product_tag":[],"class_list":{"0":"post-32785","1":"product","2":"type-product","3":"status-publish","4":"has-post-thumbnail","6":"product_cat-women-fashion","8":"first","9":"instock","10":"shipping-taxable","11":"product-type-external"},"aioseo_notices":[],"_links":{"self":[{"href":"https:\/\/topgetestet.de\/index.php?rest_route=\/wp\/v2\/product\/32785","targetHints":{"allow":["GET"]}}],"collection":[{"href":"https:\/\/topgetestet.de\/index.php?rest_route=\/wp\/v2\/product"}],"about":[{"href":"https:\/\/topgetestet.de\/index.php?rest_route=\/wp\/v2\/types\/product"}],"replies":[{"embeddable":true,"href":"https:\/\/topgetestet.de\/index.php?rest_route=%2Fwp%2Fv2%2Fcomments&post=32785"}],"wp:featuredmedia":[{"embeddable":true,"href":"https:\/\/topgetestet.de\/index.php?rest_route=\/wp\/v2\/media\/32786"}],"wp:attachment":[{"href":"https:\/\/topgetestet.de\/index.php?rest_route=%2Fwp%2Fv2%2Fmedia&parent=32785"}],"wp:term":[{"taxonomy":"product_cat","embeddable":true,"href":"https:\/\/topgetestet.de\/index.php?rest_route=%2Fwp%2Fv2%2Fproduct_cat&post=32785"},{"taxonomy":"product_tag","embeddable":true,"href":"https:\/\/topgetestet.de\/index.php?rest_route=%2Fwp%2Fv2%2Fproduct_tag&post=32785"}],"curies":[{"name":"wp","href":"https:\/\/api.w.org\/{rel}","templated":true}]}}