{"id":32691,"date":"2022-09-26T18:01:45","date_gmt":"2022-09-26T18:01:45","guid":{"rendered":"https:\/\/topgetestet.de\/?product=mizuno-herren-wave-rider-25-sneaker"},"modified":"2022-09-26T18:01:45","modified_gmt":"2022-09-26T18:01:45","slug":"mizuno-herren-wave-rider-25-sneaker","status":"publish","type":"product","link":"https:\/\/topgetestet.de\/?product=mizuno-herren-wave-rider-25-sneaker","title":{"rendered":"Mizuno Herren Wave Rider 25 Sneaker"},"content":{"rendered":"<p>Price: <span style=\"color:#b12704\">[price_with_discount]<\/span><br \/><i><small>(as of [price_update_date] &#8211; <span class=\"wp_automatic_amazon_disclaimer\" title=\"Product prices and availability are accurate as of the date\/time indicated and are subject to change. Any price and availability information displayed on [relevant Amazon Site(s), as applicable] at the time of purchase will apply to the purchase of this product.\">Details<\/span>)<\/small><\/i><\/p>\n<p><a href=\"https:\/\/amazon.de\/dp\/B08P216HJJ?tag=topgetestet09-21\"><img decoding=\"async\" src=\"https:\/\/i.imgur.com\/ISRHEWs.png\"><\/a><br \/>\n[ad_1]<br \/>\n <span>Der Wave Rider wurde 1997 geboren und seine reibungslose Fahrt wurde von vielen L\u00e4ufer auf der ganzen Welt geliebt. MIZUNO ENERZY in der Zwischensohle sorgt f\u00fcr weiche Landung und geschmeidiges Abheben der Zehen. Pararel geformte MIZUNO WAVE f\u00fchrt die L\u00e4ufer auf den richtigen Stra\u00dfenweg. Der glatteste Wave Rider in 25 Jahren Geschichte.<\/span> <br \/> Verpackungsabmessungen \u200f : \u200e  30.4 x 19 x 11.8 cm; 760 Gramm <br \/> Im Angebot von Amazon.de seit \u200f : \u200e  20. Mai 2021 <br \/> Hersteller \u200f : \u200e  Mizuno <br \/> ASIN \u200f : \u200e  B095HV44PL <br \/> Modellnummer \u200f : \u200e  J1GC210302 <br \/> Kategorie \u200f : \u200e  Herren <\/p>\n<p>[ad_2]<\/p>\n","protected":false},"excerpt":{"rendered":"<p>Price: [price_with_discount](as of [price_update_date] &#8211; Details) [ad_1] Der Wave Rider wurde 1997 geboren und seine reibungslose Fahrt wurde von vielen L\u00e4ufer auf der ganzen Welt geliebt. MIZUNO ENERZY in der<\/p>\n","protected":false},"featured_media":32692,"comment_status":"open","ping_status":"closed","template":"","meta":[],"product_cat":[234],"product_tag":[235],"class_list":{"0":"post-32691","1":"product","2":"type-product","3":"status-publish","4":"has-post-thumbnail","6":"product_cat-shoes","7":"product_tag-mens-road-running-shoes","9":"first","10":"instock","11":"shipping-taxable","12":"product-type-external"},"aioseo_notices":[],"_links":{"self":[{"href":"https:\/\/topgetestet.de\/index.php?rest_route=\/wp\/v2\/product\/32691","targetHints":{"allow":["GET"]}}],"collection":[{"href":"https:\/\/topgetestet.de\/index.php?rest_route=\/wp\/v2\/product"}],"about":[{"href":"https:\/\/topgetestet.de\/index.php?rest_route=\/wp\/v2\/types\/product"}],"replies":[{"embeddable":true,"href":"https:\/\/topgetestet.de\/index.php?rest_route=%2Fwp%2Fv2%2Fcomments&post=32691"}],"wp:featuredmedia":[{"embeddable":true,"href":"https:\/\/topgetestet.de\/index.php?rest_route=\/wp\/v2\/media\/32692"}],"wp:attachment":[{"href":"https:\/\/topgetestet.de\/index.php?rest_route=%2Fwp%2Fv2%2Fmedia&parent=32691"}],"wp:term":[{"taxonomy":"product_cat","embeddable":true,"href":"https:\/\/topgetestet.de\/index.php?rest_route=%2Fwp%2Fv2%2Fproduct_cat&post=32691"},{"taxonomy":"product_tag","embeddable":true,"href":"https:\/\/topgetestet.de\/index.php?rest_route=%2Fwp%2Fv2%2Fproduct_tag&post=32691"}],"curies":[{"name":"wp","href":"https:\/\/api.w.org\/{rel}","templated":true}]}}