{"id":32400,"date":"2022-09-26T16:32:02","date_gmt":"2022-09-26T16:32:02","guid":{"rendered":"https:\/\/topgetestet.de\/?product=kunert-damen-feinstrumpfhose"},"modified":"2022-09-26T16:32:02","modified_gmt":"2022-09-26T16:32:02","slug":"kunert-damen-feinstrumpfhose","status":"publish","type":"product","link":"https:\/\/topgetestet.de\/?product=kunert-damen-feinstrumpfhose","title":{"rendered":"KUNERT Damen Feinstrumpfhose"},"content":{"rendered":"<p>Price: <span style=\"color:#b12704\">[price_with_discount]<\/span><br \/><i><small>(as of [price_update_date] &#8211; <span class=\"wp_automatic_amazon_disclaimer\" title=\"Product prices and availability are accurate as of the date\/time indicated and are subject to change. Any price and availability information displayed on [relevant Amazon Site(s), as applicable] at the time of purchase will apply to the purchase of this product.\">Details<\/span>)<\/small><\/i><\/p>\n<p><a href=\"https:\/\/amazon.de\/dp\/B084QW4WKP?tag=topgetestet09-21\"><img decoding=\"async\" src=\"https:\/\/i.imgur.com\/ISRHEWs.png\"><\/a><br \/>\n[ad_1]<br \/>\n <span><br \/><\/span><span class=\"a-text-bold\">KUNERT Warm up 60 Strumpfhose Damen in 60 den Optik <\/span><span><\/p>\n<p>Schluss mit Frieren! Die WARM UP 60 Strumpfhose von KUNERT h\u00e4lt Sie auch an k\u00fchleren Tagen sch\u00f6n warm. Daf\u00fcr sorgt die innovative WARM-FIBER, die die W\u00e4rme an Ihren Beinen isoliert und ein herrliches Wohlf\u00fchlklima verspricht. W\u00e4hrend die KUNERT WARM-FIBER PLUS in Sohle und Ferse die w\u00e4rmende Funktion noch verst\u00e4rkt, macht der hohe Mikrofaser-Anteil die Strumpfhose ganz besonders weich. Der bequeme, druckfreie Wohlf\u00fchlbund, der Baumwollzwickel sowie das H\u00f6schenteil mit W\u00e4scheflachnaht runden die blickdichte Thermostrumpfhose in matter Optik ab.<\/p>\n<p><\/span><span class=\"a-text-bold\">Passion for legs.<\/span><span><\/p>\n<p>Das Produkt besitzt folgende Eigenschaften:<\/p>\n<p>\u00bb Material: 89% Polyamid, 5% Baumwolle, 4% Elastan, 2% Polyacryl<br \/>\u00bb St\u00e4rke: 60 den Optik<br \/>\u00bb Pflege: Schonwaschgang (30 Grad), nicht f\u00fcr chemische Reinigung empfohlen<br \/>\u00bb Besonderheit: hohe W\u00e4rmeisolation durch die KUNERT WARM-FIBER<br \/>\u00bb Styling: ideal zu Winter-Outfits<\/p>\n<p>Seit \u00fcber 100 Jahren steht die Marke KUNERT f\u00fcr sch\u00f6ne Beine. Dies ist gelebte Tradition und zugleich Antrieb f\u00fcr all unsere Strumpfprodukte. Dabei verbinden wir bezahlbaren Stil sowie unverwechselbare Eleganz, herausragende Qualit\u00e4t und eine un\u00fcbertroffene Passform miteinander. Edelste Materialien, raffinierte Details und handwerkliche Perfektion sorgen f\u00fcr Leidenschaft am Bein.<br \/><\/span> <br \/> Verpackungsabmessungen \u200f : \u200e  22.2 x 17 x 2 cm; 82 Gramm <br \/> Im Angebot von Amazon.de seit \u200f : \u200e  12. Februar 2020 <br \/> Hersteller \u200f : \u200e  KUNERT Fashion GmbH und Co KG <br \/> ASIN \u200f : \u200e  B084QW27GN <br \/> Modellnummer \u200f : \u200e  318000 <br \/> Kategorie \u200f : \u200e  Damen <\/p>\n<p>[ad_2]<\/p>\n","protected":false},"excerpt":{"rendered":"<p>Price: [price_with_discount](as of [price_update_date] &#8211; Details) [ad_1] KUNERT Warm up 60 Strumpfhose Damen in 60 den Optik Schluss mit Frieren! Die WARM UP 60 Strumpfhose von KUNERT h\u00e4lt Sie auch<\/p>\n","protected":false},"featured_media":32401,"comment_status":"open","ping_status":"closed","template":"","meta":[],"product_cat":[232],"product_tag":[],"class_list":{"0":"post-32400","1":"product","2":"type-product","3":"status-publish","4":"has-post-thumbnail","6":"product_cat-women-fashion","8":"first","9":"instock","10":"shipping-taxable","11":"product-type-external"},"aioseo_notices":[],"_links":{"self":[{"href":"https:\/\/topgetestet.de\/index.php?rest_route=\/wp\/v2\/product\/32400","targetHints":{"allow":["GET"]}}],"collection":[{"href":"https:\/\/topgetestet.de\/index.php?rest_route=\/wp\/v2\/product"}],"about":[{"href":"https:\/\/topgetestet.de\/index.php?rest_route=\/wp\/v2\/types\/product"}],"replies":[{"embeddable":true,"href":"https:\/\/topgetestet.de\/index.php?rest_route=%2Fwp%2Fv2%2Fcomments&post=32400"}],"wp:featuredmedia":[{"embeddable":true,"href":"https:\/\/topgetestet.de\/index.php?rest_route=\/wp\/v2\/media\/32401"}],"wp:attachment":[{"href":"https:\/\/topgetestet.de\/index.php?rest_route=%2Fwp%2Fv2%2Fmedia&parent=32400"}],"wp:term":[{"taxonomy":"product_cat","embeddable":true,"href":"https:\/\/topgetestet.de\/index.php?rest_route=%2Fwp%2Fv2%2Fproduct_cat&post=32400"},{"taxonomy":"product_tag","embeddable":true,"href":"https:\/\/topgetestet.de\/index.php?rest_route=%2Fwp%2Fv2%2Fproduct_tag&post=32400"}],"curies":[{"name":"wp","href":"https:\/\/api.w.org\/{rel}","templated":true}]}}