{"id":32250,"date":"2022-09-26T15:54:20","date_gmt":"2022-09-26T15:54:20","guid":{"rendered":"https:\/\/topgetestet.de\/?product=calvin-klein-jeans-herren-ck-essential-slim-tee-hemd"},"modified":"2022-09-26T15:54:20","modified_gmt":"2022-09-26T15:54:20","slug":"calvin-klein-jeans-herren-ck-essential-slim-tee-hemd","status":"publish","type":"product","link":"https:\/\/topgetestet.de\/?product=calvin-klein-jeans-herren-ck-essential-slim-tee-hemd","title":{"rendered":"Calvin Klein Jeans Herren Ck Essential Slim Tee Hemd"},"content":{"rendered":"<p>Price: <span style=\"color:#b12704\">[price_with_discount]<\/span><br \/><i><small>(as of [price_update_date] &#8211; <span class=\"wp_automatic_amazon_disclaimer\" title=\"Product prices and availability are accurate as of the date\/time indicated and are subject to change. Any price and availability information displayed on [relevant Amazon Site(s), as applicable] at the time of purchase will apply to the purchase of this product.\">Details<\/span>)<\/small><\/i><\/p>\n<p><a href=\"https:\/\/amazon.de\/dp\/B07ZGD1N58?tag=topgetestet09-21\"><img decoding=\"async\" src=\"https:\/\/i.imgur.com\/ISRHEWs.png\"><\/a><br \/>\n[ad_1]<\/p>\n<p>       Produktbeschreibung des Herstellers <\/p>\n<p>              <img decoding=\"async\" alt=\"calvin klein jeans\" src=\"https:\/\/images-na.ssl-images-amazon.com\/images\/G\/01\/x-locale\/common\/grey-pixel.gif\" class=\"a-lazy-loaded\" data-src=\"https:\/\/m.media-amazon.com\/images\/S\/aplus-media\/sota\/2ffa19e8-e3ef-4acf-9086-179b6614f212.__CR0,0,970,300_PT0_SX970_V1___.jpg\"><\/p>\n<p>               <img decoding=\"async\" alt=\"calvin klein jeans\" src=\"https:\/\/m.media-amazon.com\/images\/S\/aplus-media\/sota\/2ffa19e8-e3ef-4acf-9086-179b6614f212.__CR0,0,970,300_PT0_SX970_V1___.jpg\"><\/p>\n<h3 class=\"a-spacing-mini\"> CALVIN KLEIN JEANS <\/h3>\n<p>          <img decoding=\"async\" alt=\"ck\" src=\"https:\/\/images-na.ssl-images-amazon.com\/images\/G\/01\/x-locale\/common\/grey-pixel.gif\" class=\"a-spacing-base a-lazy-loaded\" data-src=\"https:\/\/m.media-amazon.com\/images\/S\/aplus-media\/sota\/62f48081-358c-424b-9827-4a96590a247c.__CR0,0,970,600_PT0_SX970_V1___.jpg\"><\/p>\n<p>           <img decoding=\"async\" alt=\"ck\" src=\"https:\/\/m.media-amazon.com\/images\/S\/aplus-media\/sota\/62f48081-358c-424b-9827-4a96590a247c.__CR0,0,970,600_PT0_SX970_V1___.jpg\"><\/p>\n<h3 class=\"a-spacing-mini\"> L\u00c4SSIGE STRASSENKLEIDUNG <\/h3>\n<p class=\"a-spacing-base\"> Calvin Klein Jeans ist die l\u00e4ssige Streetwear-Linie in der CK-Welt, die eine Reihe von Kultprodukten anbietet. Bekannt f\u00fcr seine innovativen Waschungen und seinen einzigartigen Stil, gibt es f\u00fcr jeden die perfekte Jeans. Angefangen von Jeansst\u00fccken bis hin zu Sweatshirts, T-Shirts und Accessoires. Calvin Klein Jeans ist die perfekte Marke, um auf raffinierte und doch einfache Weise auszudr\u00fccken, wer Sie sind. <\/p>\n<p>          <img decoding=\"async\" alt=\"calvin klein jeans\" src=\"https:\/\/images-na.ssl-images-amazon.com\/images\/G\/01\/x-locale\/common\/grey-pixel.gif\" class=\"a-spacing-base a-lazy-loaded\" data-src=\"https:\/\/m.media-amazon.com\/images\/S\/aplus-media\/sota\/14449d14-b1bf-483e-8457-3975aeec0ed9.__CR0,0,970,600_PT0_SX970_V1___.jpg\"><\/p>\n<p>           <img decoding=\"async\" alt=\"calvin klein jeans\" src=\"https:\/\/m.media-amazon.com\/images\/S\/aplus-media\/sota\/14449d14-b1bf-483e-8457-3975aeec0ed9.__CR0,0,970,600_PT0_SX970_V1___.jpg\"><\/p>\n<p>[ad_2]<\/p>\n","protected":false},"excerpt":{"rendered":"<p>Price: [price_with_discount](as of [price_update_date] &#8211; Details) [ad_1] Produktbeschreibung des Herstellers CALVIN KLEIN JEANS L\u00c4SSIGE STRASSENKLEIDUNG Calvin Klein Jeans ist die l\u00e4ssige Streetwear-Linie in der CK-Welt, die eine Reihe von Kultprodukten<\/p>\n","protected":false},"featured_media":32251,"comment_status":"open","ping_status":"closed","template":"","meta":[],"product_cat":[231],"product_tag":[],"class_list":{"0":"post-32250","1":"product","2":"type-product","3":"status-publish","4":"has-post-thumbnail","6":"product_cat-mens-fashion","8":"first","9":"instock","10":"shipping-taxable","11":"product-type-external"},"aioseo_notices":[],"_links":{"self":[{"href":"https:\/\/topgetestet.de\/index.php?rest_route=\/wp\/v2\/product\/32250","targetHints":{"allow":["GET"]}}],"collection":[{"href":"https:\/\/topgetestet.de\/index.php?rest_route=\/wp\/v2\/product"}],"about":[{"href":"https:\/\/topgetestet.de\/index.php?rest_route=\/wp\/v2\/types\/product"}],"replies":[{"embeddable":true,"href":"https:\/\/topgetestet.de\/index.php?rest_route=%2Fwp%2Fv2%2Fcomments&post=32250"}],"wp:featuredmedia":[{"embeddable":true,"href":"https:\/\/topgetestet.de\/index.php?rest_route=\/wp\/v2\/media\/32251"}],"wp:attachment":[{"href":"https:\/\/topgetestet.de\/index.php?rest_route=%2Fwp%2Fv2%2Fmedia&parent=32250"}],"wp:term":[{"taxonomy":"product_cat","embeddable":true,"href":"https:\/\/topgetestet.de\/index.php?rest_route=%2Fwp%2Fv2%2Fproduct_cat&post=32250"},{"taxonomy":"product_tag","embeddable":true,"href":"https:\/\/topgetestet.de\/index.php?rest_route=%2Fwp%2Fv2%2Fproduct_tag&post=32250"}],"curies":[{"name":"wp","href":"https:\/\/api.w.org\/{rel}","templated":true}]}}