{"id":31968,"date":"2022-09-26T15:11:26","date_gmt":"2022-09-26T15:11:26","guid":{"rendered":"https:\/\/topgetestet.de\/?post_type=product&#038;p=31968"},"modified":"2022-09-26T15:11:26","modified_gmt":"2022-09-26T15:11:26","slug":"canon-compact-powershot-zoom","status":"publish","type":"product","link":"https:\/\/topgetestet.de\/?product=canon-compact-powershot-zoom","title":{"rendered":"CANON Compact PowerShot Zoom"},"content":{"rendered":"<p>Price: <span style=\"color:#b12704\">[price_with_discount]<\/span><br \/><i><small>(as of [price_update_date] &#8211; <span class=\"wp_automatic_amazon_disclaimer\" title=\"Product prices and availability are accurate as of the date\/time indicated and are subject to change. Any price and availability information displayed on [relevant Amazon Site(s), as applicable] at the time of purchase will apply to the purchase of this product.\">Details<\/span>)<\/small><\/i><\/p>\n<p><a href=\"https:\/\/amazon.de\/dp\/B08L4WKDZ7?tag=topgetestet09-21\"><img decoding=\"async\" src=\"https:\/\/i.imgur.com\/ISRHEWs.png\"><\/a><br \/>\n[ad_1]<br \/>\n <span>Die kompakte Kamera liegt perfekt in der Hand und \u00fcberzeugt mit 12 Megapixeln, zuverl\u00e4ssiger Bildstabilisierung und 3-Stufen-Zoom. Das Design der Canon PowerShot ZOOM folgt einem dynamischen und innovativen Konzept f\u00fcr maximale Benutzerfreundlichkeit sowie Mobilit\u00e4t und \u00e4hnelt damit dem in der Naturbeobachtung gerne verwendeten Spektiv. Die Canon PowerShot ZOOM verf\u00fcgt \u00fcber ein Objektiv mit Super-Zoom-Eigenschaften und unterst\u00fctzt Full-HD-Video. Mit 100mm, 400mm und einem digital erweiterten 800mm-Zoom richtet sich die kompakte Digitalkamera an aktiv orientierte Anwender und Naturfreunde \u2012 die Spanne reicht vom Familienausflug \u00fcber den Sport bis hin zu Aufgaben im Bereich der Hege und dem Naturschutz.<\/span> <br \/>CANON<br \/>Appareil photo num\u00e9rique<br \/>Dragonne \/ C\u00e2ble d&#8217;interface<br \/>12.1 Mpixels<br \/>\n<br \/>[ad_2]<\/p>\n","protected":false},"excerpt":{"rendered":"<p>Price: [price_with_discount](as of [price_update_date] &#8211; Details) [ad_1] Die kompakte Kamera liegt perfekt in der Hand und \u00fcberzeugt mit 12 Megapixeln, zuverl\u00e4ssiger Bildstabilisierung und 3-Stufen-Zoom. Das Design der Canon PowerShot ZOOM<\/p>\n","protected":false},"featured_media":31969,"comment_status":"open","ping_status":"closed","template":"","meta":[],"product_cat":[226],"product_tag":[242],"class_list":{"0":"post-31968","1":"product","2":"type-product","3":"status-publish","4":"has-post-thumbnail","6":"product_cat-cameras","7":"product_tag-digital-point-shoot-cameras","9":"first","10":"instock","11":"shipping-taxable","12":"product-type-external"},"aioseo_notices":[],"_links":{"self":[{"href":"https:\/\/topgetestet.de\/index.php?rest_route=\/wp\/v2\/product\/31968","targetHints":{"allow":["GET"]}}],"collection":[{"href":"https:\/\/topgetestet.de\/index.php?rest_route=\/wp\/v2\/product"}],"about":[{"href":"https:\/\/topgetestet.de\/index.php?rest_route=\/wp\/v2\/types\/product"}],"replies":[{"embeddable":true,"href":"https:\/\/topgetestet.de\/index.php?rest_route=%2Fwp%2Fv2%2Fcomments&post=31968"}],"wp:featuredmedia":[{"embeddable":true,"href":"https:\/\/topgetestet.de\/index.php?rest_route=\/wp\/v2\/media\/31969"}],"wp:attachment":[{"href":"https:\/\/topgetestet.de\/index.php?rest_route=%2Fwp%2Fv2%2Fmedia&parent=31968"}],"wp:term":[{"taxonomy":"product_cat","embeddable":true,"href":"https:\/\/topgetestet.de\/index.php?rest_route=%2Fwp%2Fv2%2Fproduct_cat&post=31968"},{"taxonomy":"product_tag","embeddable":true,"href":"https:\/\/topgetestet.de\/index.php?rest_route=%2Fwp%2Fv2%2Fproduct_tag&post=31968"}],"curies":[{"name":"wp","href":"https:\/\/api.w.org\/{rel}","templated":true}]}}