{"id":31886,"date":"2022-09-26T14:32:33","date_gmt":"2022-09-26T14:32:33","guid":{"rendered":"https:\/\/topgetestet.de\/?post_type=product&#038;p=31886"},"modified":"2022-09-26T14:32:33","modified_gmt":"2022-09-26T14:32:33","slug":"instax-mini-9-clear-kamera-mit-10-aufnahmen-violett","status":"publish","type":"product","link":"https:\/\/topgetestet.de\/?product=instax-mini-9-clear-kamera-mit-10-aufnahmen-violett","title":{"rendered":"Instax Mini 9 Clear Kamera mit 10 Aufnahmen, Violett"},"content":{"rendered":"<p>Price: <span style=\"color:#b12704\">[price_with_discount]<\/span><br \/><i><small>(as of [price_update_date] &#8211; <span class=\"wp_automatic_amazon_disclaimer\" title=\"Product prices and availability are accurate as of the date\/time indicated and are subject to change. Any price and availability information displayed on [relevant Amazon Site(s), as applicable] at the time of purchase will apply to the purchase of this product.\">Details<\/span>)<\/small><\/i><\/p>\n<p><a href=\"https:\/\/amazon.de\/dp\/B07RBZ2P5G?tag=topgetestet09-21\"><img decoding=\"async\" src=\"https:\/\/i.imgur.com\/ISRHEWs.png\"><\/a><br \/>\n[ad_1]<br \/>\n <span>Sch\u00fctteln Sie Ihr Leben mit der Instax Mini 9 &#8211; eine kompakte Sofortbildkamera mit niedlichem ikonischem Design. Mit einem Selfie-Spiegel und Nahlinse ist diese Kamera nur f\u00fcr das ideale Selfie geeignet. Die neue &#8220;Clear&#8221; Kamera verf\u00fcgt \u00fcber ein durchscheinendes Objektivpanel, einen Objektivring, einen Ausl\u00f6seknopf und einen Pop-up-Knopf. Es kommt auch mit 3 x Farbfilter f\u00fcr zus\u00e4tzlichen Spa\u00df. Sofortige Drucke in Kreditkartengr\u00f6\u00dfe, ideal f\u00fcr jede Party, Festival oder Ausfl\u00fcge.<\/span> <br \/>Sofortige Fotos im Kreditkartenformat<br \/>Integrierter Blitz mit automatischer Belichtungssteuerung<br \/>Inkl. Selfie-Objektiv und Nahlinsenaufsatz<br \/>Inklusive 3 Farbfilter<br \/>Verwendet Instax-Mini-Film, Druckgr\u00f6\u00dfe 54 (B) x 86 (H) Bildgr\u00f6\u00dfe 46 (B) x 62 (H) mm<br \/>\n<br \/>[ad_2]<\/p>\n","protected":false},"excerpt":{"rendered":"<p>Price: [price_with_discount](as of [price_update_date] &#8211; Details) [ad_1] Sch\u00fctteln Sie Ihr Leben mit der Instax Mini 9 &#8211; eine kompakte Sofortbildkamera mit niedlichem ikonischem Design. Mit einem Selfie-Spiegel und Nahlinse ist<\/p>\n","protected":false},"featured_media":31887,"comment_status":"open","ping_status":"closed","template":"","meta":[],"product_cat":[226],"product_tag":[240],"class_list":{"0":"post-31886","1":"product","2":"type-product","3":"status-publish","4":"has-post-thumbnail","6":"product_cat-cameras","7":"product_tag-camera-photo","9":"first","10":"instock","11":"sale","12":"shipping-taxable","13":"product-type-external"},"aioseo_notices":[],"_links":{"self":[{"href":"https:\/\/topgetestet.de\/index.php?rest_route=\/wp\/v2\/product\/31886","targetHints":{"allow":["GET"]}}],"collection":[{"href":"https:\/\/topgetestet.de\/index.php?rest_route=\/wp\/v2\/product"}],"about":[{"href":"https:\/\/topgetestet.de\/index.php?rest_route=\/wp\/v2\/types\/product"}],"replies":[{"embeddable":true,"href":"https:\/\/topgetestet.de\/index.php?rest_route=%2Fwp%2Fv2%2Fcomments&post=31886"}],"wp:featuredmedia":[{"embeddable":true,"href":"https:\/\/topgetestet.de\/index.php?rest_route=\/wp\/v2\/media\/31887"}],"wp:attachment":[{"href":"https:\/\/topgetestet.de\/index.php?rest_route=%2Fwp%2Fv2%2Fmedia&parent=31886"}],"wp:term":[{"taxonomy":"product_cat","embeddable":true,"href":"https:\/\/topgetestet.de\/index.php?rest_route=%2Fwp%2Fv2%2Fproduct_cat&post=31886"},{"taxonomy":"product_tag","embeddable":true,"href":"https:\/\/topgetestet.de\/index.php?rest_route=%2Fwp%2Fv2%2Fproduct_tag&post=31886"}],"curies":[{"name":"wp","href":"https:\/\/api.w.org\/{rel}","templated":true}]}}