{"id":31777,"date":"2022-09-26T13:40:12","date_gmt":"2022-09-26T13:40:12","guid":{"rendered":"https:\/\/topgetestet.de\/?product=borussia-dortmund-mens-season-2022-23-official-away-t-shirt"},"modified":"2022-09-26T13:40:12","modified_gmt":"2022-09-26T13:40:12","slug":"borussia-dortmund-mens-season-2022-23-official-away-t-shirt","status":"publish","type":"product","link":"https:\/\/topgetestet.de\/?product=borussia-dortmund-mens-season-2022-23-official-away-t-shirt","title":{"rendered":"Borussia Dortmund Men&#8217;s Season 2022\/23 Official Away T-Shirt"},"content":{"rendered":"<p>Price: <span style=\"color:#b12704\">[price_with_discount]<\/span><br \/><i><small>(as of [price_update_date] &#8211; <span class=\"wp_automatic_amazon_disclaimer\" title=\"Product prices and availability are accurate as of the date\/time indicated and are subject to change. Any price and availability information displayed on [relevant Amazon Site(s), as applicable] at the time of purchase will apply to the purchase of this product.\">Details<\/span>)<\/small><\/i><\/p>\n<p><a href=\"https:\/\/amazon.de\/dp\/B0B425QLX9?tag=topgetestet09-21\"><img decoding=\"async\" src=\"https:\/\/i.imgur.com\/ISRHEWs.png\"><\/a><br \/>\n[ad_1]<br \/>\n <span>Borussia Dortmund -Shirt so elegant wie praktisch. Im Herzen sticht das offizielle Logo des Unternehmens heraus und das unvermeidliche Puma -Katzenlogo sp\u00e4ht vorne und auf den \u00c4rmeln. Dies ist, was jeder L\u00fcfter tragen sollte, auf der Tonh\u00f6he oder aus.<\/span> <br \/>Offizieller Wappen des Teams auf der Brust<br \/>Recycelter Inhalt<br \/>\n<br \/>[ad_2]<\/p>\n","protected":false},"excerpt":{"rendered":"<p>Price: [price_with_discount](as of [price_update_date] &#8211; Details) [ad_1] Borussia Dortmund -Shirt so elegant wie praktisch. Im Herzen sticht das offizielle Logo des Unternehmens heraus und das unvermeidliche Puma -Katzenlogo sp\u00e4ht vorne<\/p>\n","protected":false},"featured_media":31778,"comment_status":"open","ping_status":"closed","template":"","meta":[],"product_cat":[231],"product_tag":[],"class_list":{"0":"post-31777","1":"product","2":"type-product","3":"status-publish","4":"has-post-thumbnail","6":"product_cat-mens-fashion","8":"first","9":"instock","10":"shipping-taxable","11":"product-type-external"},"aioseo_notices":[],"_links":{"self":[{"href":"https:\/\/topgetestet.de\/index.php?rest_route=\/wp\/v2\/product\/31777","targetHints":{"allow":["GET"]}}],"collection":[{"href":"https:\/\/topgetestet.de\/index.php?rest_route=\/wp\/v2\/product"}],"about":[{"href":"https:\/\/topgetestet.de\/index.php?rest_route=\/wp\/v2\/types\/product"}],"replies":[{"embeddable":true,"href":"https:\/\/topgetestet.de\/index.php?rest_route=%2Fwp%2Fv2%2Fcomments&post=31777"}],"wp:featuredmedia":[{"embeddable":true,"href":"https:\/\/topgetestet.de\/index.php?rest_route=\/wp\/v2\/media\/31778"}],"wp:attachment":[{"href":"https:\/\/topgetestet.de\/index.php?rest_route=%2Fwp%2Fv2%2Fmedia&parent=31777"}],"wp:term":[{"taxonomy":"product_cat","embeddable":true,"href":"https:\/\/topgetestet.de\/index.php?rest_route=%2Fwp%2Fv2%2Fproduct_cat&post=31777"},{"taxonomy":"product_tag","embeddable":true,"href":"https:\/\/topgetestet.de\/index.php?rest_route=%2Fwp%2Fv2%2Fproduct_tag&post=31777"}],"curies":[{"name":"wp","href":"https:\/\/api.w.org\/{rel}","templated":true}]}}