{"id":31605,"date":"2022-09-26T12:28:42","date_gmt":"2022-09-26T12:28:42","guid":{"rendered":"https:\/\/topgetestet.de\/?product=adidas-herren-galaxy-laufschuhe"},"modified":"2022-09-26T12:28:42","modified_gmt":"2022-09-26T12:28:42","slug":"adidas-herren-galaxy-laufschuhe","status":"publish","type":"product","link":"https:\/\/topgetestet.de\/?product=adidas-herren-galaxy-laufschuhe","title":{"rendered":"adidas Herren Galaxy Laufschuhe"},"content":{"rendered":"<p>Price: <span style=\"color:#b12704\">[price_with_discount]<\/span><br \/><i><small>(as of [price_update_date] &#8211; <span class=\"wp_automatic_amazon_disclaimer\" title=\"Product prices and availability are accurate as of the date\/time indicated and are subject to change. Any price and availability information displayed on [relevant Amazon Site(s), as applicable] at the time of purchase will apply to the purchase of this product.\">Details<\/span>)<\/small><\/i><\/p>\n<p><a href=\"https:\/\/amazon.de\/dp\/B082SZ75MQ?tag=topgetestet09-21\"><img decoding=\"async\" src=\"https:\/\/i.imgur.com\/ISRHEWs.png\"><\/a><br \/>\n[ad_1]<br \/>\n <span>Mit diesem Laufschuh f\u00fcr M\u00e4nner z\u00e4hlt jeder Kilometer. Er hat ein extrem atmungsaktives Obermaterial aus Air-Mesh, eine leichte ADIPRENE\u00ae+ D\u00e4mpfung und eine robuste ADIWEAR\u2122 Au\u00dfensohle, die f\u00fcr viel Griffigkeit und Strapazierf\u00e4higkeit sorgt.- Gewicht: 294 g (Gr\u00f6\u00dfe 42 2\/3)- Obermaterial aus Air-Mesh f\u00fcr maximale Atmungsaktivit\u00e4t; Synthetik-Overlays f\u00fcr zus\u00e4tzliche St\u00fctzung- Atmungsaktives Mesh-Futter- ADIPRENE\u00ae+ auf voller L\u00e4nge sorgt f\u00fcr ein dynamisches und effizientes Absto\u00dfen; rutschhemmendes Futter- Integrierte Einlegesohle f\u00fcr eine nat\u00fcrliche Fu\u00dfbewegung und h\u00f6chsten Komfort- ADIWEAR\u2122 Au\u00dfensohle f\u00fcr optimale Strapazierf\u00e4higkeit bei starker Materialbeanspruchung; abriebfeste NON MARKING Gummiau\u00dfensohle<\/span> <br \/> Auslaufartikel (Produktion durch Hersteller eingestellt) \u200f : \u200e  Nein <br \/> Produktabmessungen \u200f : \u200e  1 x 1 x 1 cm; 1 Gramm <br \/> Im Angebot von Amazon.de seit \u200f : \u200e  26. Juni 2020 <br \/> Hersteller \u200f : \u200e  adidas <br \/> ASIN \u200f : \u200e  B082SYH4GH <br \/> Modellnummer \u200f : \u200e  FW5705 <br \/> Kategorie \u200f : \u200e  Herren <\/p>\n<p>Innenmaterial: Synthetik<br \/>Sohle: Synthetik<br \/>Verschluss: Schn\u00fcrung<br \/>Absatzh\u00f6he: 1 cm<br \/>Absatzform: Flach<br \/>Schuhweite: Medium<br \/>\n<br \/>[ad_2]<\/p>\n","protected":false},"excerpt":{"rendered":"<p>Price: [price_with_discount](as of [price_update_date] &#8211; Details) [ad_1] Mit diesem Laufschuh f\u00fcr M\u00e4nner z\u00e4hlt jeder Kilometer. Er hat ein extrem atmungsaktives Obermaterial aus Air-Mesh, eine leichte ADIPRENE\u00ae+ D\u00e4mpfung und eine robuste<\/p>\n","protected":false},"featured_media":31606,"comment_status":"open","ping_status":"closed","template":"","meta":[],"product_cat":[234],"product_tag":[235],"class_list":{"0":"post-31605","1":"product","2":"type-product","3":"status-publish","4":"has-post-thumbnail","6":"product_cat-shoes","7":"product_tag-mens-road-running-shoes","9":"first","10":"instock","11":"shipping-taxable","12":"product-type-external"},"aioseo_notices":[],"_links":{"self":[{"href":"https:\/\/topgetestet.de\/index.php?rest_route=\/wp\/v2\/product\/31605","targetHints":{"allow":["GET"]}}],"collection":[{"href":"https:\/\/topgetestet.de\/index.php?rest_route=\/wp\/v2\/product"}],"about":[{"href":"https:\/\/topgetestet.de\/index.php?rest_route=\/wp\/v2\/types\/product"}],"replies":[{"embeddable":true,"href":"https:\/\/topgetestet.de\/index.php?rest_route=%2Fwp%2Fv2%2Fcomments&post=31605"}],"wp:featuredmedia":[{"embeddable":true,"href":"https:\/\/topgetestet.de\/index.php?rest_route=\/wp\/v2\/media\/31606"}],"wp:attachment":[{"href":"https:\/\/topgetestet.de\/index.php?rest_route=%2Fwp%2Fv2%2Fmedia&parent=31605"}],"wp:term":[{"taxonomy":"product_cat","embeddable":true,"href":"https:\/\/topgetestet.de\/index.php?rest_route=%2Fwp%2Fv2%2Fproduct_cat&post=31605"},{"taxonomy":"product_tag","embeddable":true,"href":"https:\/\/topgetestet.de\/index.php?rest_route=%2Fwp%2Fv2%2Fproduct_tag&post=31605"}],"curies":[{"name":"wp","href":"https:\/\/api.w.org\/{rel}","templated":true}]}}