{"id":31414,"date":"2022-09-26T11:12:49","date_gmt":"2022-09-26T11:12:49","guid":{"rendered":"https:\/\/topgetestet.de\/?product=dungeons-3-complete-collection-playstation-4"},"modified":"2022-09-26T11:12:49","modified_gmt":"2022-09-26T11:12:49","slug":"dungeons-3-complete-collection-playstation-4","status":"publish","type":"product","link":"https:\/\/topgetestet.de\/?product=dungeons-3-complete-collection-playstation-4","title":{"rendered":"Dungeons 3 Complete Collection (Playstation 4)"},"content":{"rendered":"<p>Price: <span style=\"color:#b12704\">[price_with_discount]<\/span><br \/><i><small>(as of [price_update_date] &#8211; <span class=\"wp_automatic_amazon_disclaimer\" title=\"Product prices and availability are accurate as of the date\/time indicated and are subject to change. Any price and availability information displayed on [relevant Amazon Site(s), as applicable] at the time of purchase will apply to the purchase of this product.\">Details<\/span>)<\/small><\/i><\/p>\n<p><a href=\"https:\/\/amazon.de\/dp\/B087614QZ1?tag=topgetestet09-21\"><img decoding=\"async\" src=\"https:\/\/i.imgur.com\/ISRHEWs.png\"><\/a><br \/>\n[ad_1]<br \/>\n <span>Dungeons 3 Complete Collection ist die ultimative Edition des aktuellen Teils aus der beliebten Dungeons-Serie. Bauen und verwalten Sie Ihr eigenes Dungeon, rekrutieren Sie neue Monster, stellen Sie raffinierte Fallen auf und greifen Sie in der umfassenden Story-Kampagne auf der Oberwelt nach der Macht.<\/p>\n<p>Die Zeichen stehen auf Unterwerfung! Nachdem der Dungeon Lord die V\u00f6lker des B\u00f6sen erfolgreich vereint hat, ist es nun Zeit f\u00fcr den n\u00e4chsten Schritt auf seinem Weg zur absoluten Herrschaft.<\/p>\n<p>In Dungeons 3 bem\u00e4chtigt sich das machthungrige B\u00f6se der jungen Dunkelelfenpriesterin Thalya, die seine Kreaturen in den Kampf gegen das Gute f\u00fchren soll, w\u00e4hrend es selbst bequem vom heimischen Dungeon aus die Strippen zieht. Mit Thalya an der Spitze und der geballten Macht des B\u00f6sen als Unterst\u00fctzung machen Sie sich auf, die Welt im Namen des Dungeon Lords zu erobern.<\/p>\n<p>Errichten Sie im Schutze der Unterwelt einen einzigartigen Dungeon nach Ihren Vorstellungen und rekrutieren Sie Ihre Armee aus den furchterregendsten Kreaturen, die das B\u00f6se zu bieten hat, darunter Orks, Sukkubi und Zombies. Ist der richtige Zeitpunkt gekommen, verlassen Sie das Dunkel und f\u00fchren Ihr Heer ins Licht der Oberwelt, um die Reiche der Menschen unter Ihre Herrschaft zu bringen.<\/p>\n<p>Die Dungeons 3 Complete Collection bietet Ihnen schier endlose Abwechslung, verschiedene kostenlose Inhalts-Updates und alle DLC Packs!<\/span> <br \/> Alterseinstufung \u200f : \u200e  USK ab 12 freigegeben <br \/> Handbuch \u200f : \u200e  Deutsch <br \/> Produktabmessungen \u200f : \u200e  13.5 x 17 x 1.2 cm; 80 Gramm <br \/> Erscheinungstermin \u200f : \u200e  26. Juni 2020 <br \/> Untertitel: \u200f : \u200e  Englisch, Franz\u00f6sisch, Deutsch, Italienisch, Russisch, Spanisch <br \/> ASIN \u200f : \u200e  B087614QZ1 <br \/> Modellnummer \u200f : \u200e  1056927 <br \/> Herkunftsland \u200f : \u200e  Deutschland <\/p>\n<p>Mehr als 50 Missionen und \u00fcber 50 Stunden Spielzeit, zufallsgenerierte Karten, ein neuer Koop-Modus, mehr Monster und mehr einzigartige F\u00e4higkeiten.<br \/>Der ber\u00fchmt-ber\u00fcchtigte Dungeons-Erz\u00e4hler kommentiert das Spielgeschehen und sorgt noch im dunkelsten Dungeon f\u00fcr Heiterkeit<br \/>Die ganze Pracht des ausgezeichneten Dungeon-Managers mit der Dungeon-Sim in der Unterwelt und als Echtzeitstrategie an der Oberwelt<br \/>\n<br \/>[ad_2]<\/p>\n","protected":false},"excerpt":{"rendered":"<p>Price: [price_with_discount](as of [price_update_date] &#8211; Details) [ad_1] Dungeons 3 Complete Collection ist die ultimative Edition des aktuellen Teils aus der beliebten Dungeons-Serie. Bauen und verwalten Sie Ihr eigenes Dungeon, rekrutieren<\/p>\n","protected":false},"featured_media":31415,"comment_status":"open","ping_status":"closed","template":"","meta":[],"product_cat":[227],"product_tag":[261],"class_list":{"0":"post-31414","1":"product","2":"type-product","3":"status-publish","4":"has-post-thumbnail","6":"product_cat-gaming","7":"product_tag-playstation-legacy-games","9":"first","10":"instock","11":"sale","12":"shipping-taxable","13":"product-type-external"},"aioseo_notices":[],"_links":{"self":[{"href":"https:\/\/topgetestet.de\/index.php?rest_route=\/wp\/v2\/product\/31414","targetHints":{"allow":["GET"]}}],"collection":[{"href":"https:\/\/topgetestet.de\/index.php?rest_route=\/wp\/v2\/product"}],"about":[{"href":"https:\/\/topgetestet.de\/index.php?rest_route=\/wp\/v2\/types\/product"}],"replies":[{"embeddable":true,"href":"https:\/\/topgetestet.de\/index.php?rest_route=%2Fwp%2Fv2%2Fcomments&post=31414"}],"wp:featuredmedia":[{"embeddable":true,"href":"https:\/\/topgetestet.de\/index.php?rest_route=\/wp\/v2\/media\/31415"}],"wp:attachment":[{"href":"https:\/\/topgetestet.de\/index.php?rest_route=%2Fwp%2Fv2%2Fmedia&parent=31414"}],"wp:term":[{"taxonomy":"product_cat","embeddable":true,"href":"https:\/\/topgetestet.de\/index.php?rest_route=%2Fwp%2Fv2%2Fproduct_cat&post=31414"},{"taxonomy":"product_tag","embeddable":true,"href":"https:\/\/topgetestet.de\/index.php?rest_route=%2Fwp%2Fv2%2Fproduct_tag&post=31414"}],"curies":[{"name":"wp","href":"https:\/\/api.w.org\/{rel}","templated":true}]}}