{"id":31381,"date":"2022-09-26T10:45:31","date_gmt":"2022-09-26T10:45:31","guid":{"rendered":"https:\/\/topgetestet.de\/?product=altra-rivera-damen-rivera"},"modified":"2022-09-26T10:45:31","modified_gmt":"2022-09-26T10:45:31","slug":"altra-rivera-damen-rivera","status":"publish","type":"product","link":"https:\/\/topgetestet.de\/?product=altra-rivera-damen-rivera","title":{"rendered":"ALTRA Rivera Damen Rivera"},"content":{"rendered":"<p>Price: <span style=\"color:#b12704\">[price_with_discount]<\/span><br \/><i><small>(as of [price_update_date] &#8211; <span class=\"wp_automatic_amazon_disclaimer\" title=\"Product prices and availability are accurate as of the date\/time indicated and are subject to change. Any price and availability information displayed on [relevant Amazon Site(s), as applicable] at the time of purchase will apply to the purchase of this product.\">Details<\/span>)<\/small><\/i><\/p>\n<p><a href=\"https:\/\/amazon.de\/dp\/B08RCLTM98?tag=topgetestet09-21\"><img decoding=\"async\" src=\"https:\/\/i.imgur.com\/ISRHEWs.png\"><\/a><br \/>\n[ad_1]<br \/>\n <span>Die FootShape, die Sie lieben, mit einer leicht anliegenden Passform. Der Rivera ist bereit f\u00fcr alle Ihre Stra\u00dfenlaufbed\u00fcrfnisse, von Trainingsbl\u00f6cken bis hin zu Wochenauslauf und allem dazwischen. Die weiche Reaktionsf\u00e4higkeit einer Altra EGO Zwischensohle paart mit dem leichten und atmungsaktiven Mesh-Obermaterial und der neutrale InnerFlex ist zerknittert, um Flexibilit\u00e4t zu bieten, sodass Sie eins mit der Stra\u00dfe sein k\u00f6nnen.<\/span> <br \/> Verpackungsabmessungen \u200f : \u200e  28.09 x 17.6 x 11 cm; 195.61 Gramm <br \/> Im Angebot von Amazon.de seit \u200f : \u200e  13. Februar 2021 <br \/> Hersteller \u200f : \u200e  Altra Footwear <br \/> ASIN \u200f : \u200e  B08RCL3W79 <br \/> Modellnummer \u200f : \u200e  AL0A4VQV <br \/> Kategorie \u200f : \u200e  Damen <\/p>\n<p>Absatzform: Flach<br \/>Materialzusammensetzung: 100 % Synthetik<br \/>Schuhweite: Medium<br \/>\n<br \/>[ad_2]<\/p>\n","protected":false},"excerpt":{"rendered":"<p>Price: [price_with_discount](as of [price_update_date] &#8211; Details) [ad_1] Die FootShape, die Sie lieben, mit einer leicht anliegenden Passform. Der Rivera ist bereit f\u00fcr alle Ihre Stra\u00dfenlaufbed\u00fcrfnisse, von Trainingsbl\u00f6cken bis hin zu<\/p>\n","protected":false},"featured_media":31382,"comment_status":"open","ping_status":"closed","template":"","meta":[],"product_cat":[234],"product_tag":[236],"class_list":{"0":"post-31381","1":"product","2":"type-product","3":"status-publish","4":"has-post-thumbnail","6":"product_cat-shoes","7":"product_tag-womens-road-running-shoes","9":"first","10":"instock","11":"shipping-taxable","12":"product-type-external"},"aioseo_notices":[],"_links":{"self":[{"href":"https:\/\/topgetestet.de\/index.php?rest_route=\/wp\/v2\/product\/31381","targetHints":{"allow":["GET"]}}],"collection":[{"href":"https:\/\/topgetestet.de\/index.php?rest_route=\/wp\/v2\/product"}],"about":[{"href":"https:\/\/topgetestet.de\/index.php?rest_route=\/wp\/v2\/types\/product"}],"replies":[{"embeddable":true,"href":"https:\/\/topgetestet.de\/index.php?rest_route=%2Fwp%2Fv2%2Fcomments&post=31381"}],"wp:featuredmedia":[{"embeddable":true,"href":"https:\/\/topgetestet.de\/index.php?rest_route=\/wp\/v2\/media\/31382"}],"wp:attachment":[{"href":"https:\/\/topgetestet.de\/index.php?rest_route=%2Fwp%2Fv2%2Fmedia&parent=31381"}],"wp:term":[{"taxonomy":"product_cat","embeddable":true,"href":"https:\/\/topgetestet.de\/index.php?rest_route=%2Fwp%2Fv2%2Fproduct_cat&post=31381"},{"taxonomy":"product_tag","embeddable":true,"href":"https:\/\/topgetestet.de\/index.php?rest_route=%2Fwp%2Fv2%2Fproduct_tag&post=31381"}],"curies":[{"name":"wp","href":"https:\/\/api.w.org\/{rel}","templated":true}]}}