{"id":31314,"date":"2022-09-26T10:11:32","date_gmt":"2022-09-26T10:11:32","guid":{"rendered":"https:\/\/topgetestet.de\/?product=vaude-mens-virt-qzip-ls-shirt-ii-radshirt-herren-langarm"},"modified":"2022-09-26T10:11:32","modified_gmt":"2022-09-26T10:11:32","slug":"vaude-mens-virt-qzip-ls-shirt-ii-radshirt-herren-langarm","status":"publish","type":"product","link":"https:\/\/topgetestet.de\/?product=vaude-mens-virt-qzip-ls-shirt-ii-radshirt-herren-langarm","title":{"rendered":"VAUDE Men&#8217;s Virt QZip LS Shirt II &#8211; Radshirt Herren &#8211; Langarm"},"content":{"rendered":"<p>Price: <span style=\"color:#b12704\">[price_with_discount]<\/span><br \/><i><small>(as of [price_update_date] &#8211; <span class=\"wp_automatic_amazon_disclaimer\" title=\"Product prices and availability are accurate as of the date\/time indicated and are subject to change. Any price and availability information displayed on [relevant Amazon Site(s), as applicable] at the time of purchase will apply to the purchase of this product.\">Details<\/span>)<\/small><\/i><\/p>\n<p><a href=\"https:\/\/amazon.de\/dp\/B09WNDV28K?tag=topgetestet09-21\"><img decoding=\"async\" src=\"https:\/\/i.imgur.com\/ISRHEWs.png\"><\/a><br \/>\n[ad_1]<br \/>\n <span>Das leger geschnittene Langarm Fahrradshirt wurde f\u00fcr Biker entwickelt, die ein vielseitig einsetzbares Shirt suchen, das sich dank Stretchmaterials jeder Fahrsituation problemlos anpasst. Der lange QZip Rei\u00dfverschluss am bequemen Rundhalskragen sorgt f\u00fcr schnelle Bel\u00fcftung, wenn es w\u00e4rmer wird und das schnelltrocknende Material transportiert Schwei\u00df schnell vom K\u00f6rper weg. Dieses Herren Bikeshirt bringt Style und Funktionalit\u00e4t auf einen Nenner und ist somit ein prima Begleiter f\u00fcr jeden ambitionierten Mountainbiker. Das zum gro\u00dfen Teil aus recycelten Polyester hergestellte Radshirt ist \u00e4u\u00dferst hautsympathisch, atmungsaktiv und pflegeleicht. Das VAUDE Green Shape-Label steht f\u00fcr ein umweltfreundliches, funktionelles Produkt aus nachhaltigen und bluesign\u00ae zertifizierten Materialien. Als Mitglied mit Leader Status bei der unabh\u00e4ngigen Organisation Fair Wear engagiert sich VAUDE f\u00fcr faire Arbeitsbedingungen und faire L\u00f6hne. Zudem ist dieses Produkt klimaneutral: Die Emissionen aus Materialien, Herstellungsprozess und Versand wurden ganzheitlich ermittelt und systematisch reduziert. Aktuell nicht vermeidbare Emissionen wurden vollst\u00e4ndig \u00fcber die unabh\u00e4ngige Non-Profit-Organisation \u201emyclimate\u201c kompensiert.<\/span> <br \/> Verpackungsabmessungen \u200f : \u200e  27.4 x 19.7 x 10.2 cm; 320 Gramm <br \/> Im Angebot von Amazon.de seit \u200f : \u200e  28. M\u00e4rz 2022 <br \/> Hersteller \u200f : \u200e  Vaude <br \/> ASIN \u200f : \u200e  B09WNBLPYM <br \/> Modellnummer \u200f : \u200e  42938 <br \/> Kategorie \u200f : \u200e  Herren <\/p>\n<p>elastisch und schnelltrocknend<br \/>Kragenform: Stehkragen<br \/>Langarm<br \/>Verschluss: Pull-On<br \/>89% Polyester, 11% Elasthan<br \/>Westlich<br \/>\n<br \/>[ad_2]<\/p>\n","protected":false},"excerpt":{"rendered":"<p>Price: [price_with_discount](as of [price_update_date] &#8211; Details) [ad_1] Das leger geschnittene Langarm Fahrradshirt wurde f\u00fcr Biker entwickelt, die ein vielseitig einsetzbares Shirt suchen, das sich dank Stretchmaterials jeder Fahrsituation problemlos anpasst.<\/p>\n","protected":false},"featured_media":31315,"comment_status":"open","ping_status":"closed","template":"","meta":[],"product_cat":[231],"product_tag":[],"class_list":{"0":"post-31314","1":"product","2":"type-product","3":"status-publish","4":"has-post-thumbnail","6":"product_cat-mens-fashion","8":"first","9":"instock","10":"shipping-taxable","11":"product-type-external"},"aioseo_notices":[],"_links":{"self":[{"href":"https:\/\/topgetestet.de\/index.php?rest_route=\/wp\/v2\/product\/31314","targetHints":{"allow":["GET"]}}],"collection":[{"href":"https:\/\/topgetestet.de\/index.php?rest_route=\/wp\/v2\/product"}],"about":[{"href":"https:\/\/topgetestet.de\/index.php?rest_route=\/wp\/v2\/types\/product"}],"replies":[{"embeddable":true,"href":"https:\/\/topgetestet.de\/index.php?rest_route=%2Fwp%2Fv2%2Fcomments&post=31314"}],"wp:featuredmedia":[{"embeddable":true,"href":"https:\/\/topgetestet.de\/index.php?rest_route=\/wp\/v2\/media\/31315"}],"wp:attachment":[{"href":"https:\/\/topgetestet.de\/index.php?rest_route=%2Fwp%2Fv2%2Fmedia&parent=31314"}],"wp:term":[{"taxonomy":"product_cat","embeddable":true,"href":"https:\/\/topgetestet.de\/index.php?rest_route=%2Fwp%2Fv2%2Fproduct_cat&post=31314"},{"taxonomy":"product_tag","embeddable":true,"href":"https:\/\/topgetestet.de\/index.php?rest_route=%2Fwp%2Fv2%2Fproduct_tag&post=31314"}],"curies":[{"name":"wp","href":"https:\/\/api.w.org\/{rel}","templated":true}]}}