{"id":31250,"date":"2022-09-26T09:28:56","date_gmt":"2022-09-26T09:28:56","guid":{"rendered":"https:\/\/topgetestet.de\/?product=erotic-games-collection"},"modified":"2022-09-26T09:28:56","modified_gmt":"2022-09-26T09:28:56","slug":"erotic-games-collection","status":"publish","type":"product","link":"https:\/\/topgetestet.de\/?product=erotic-games-collection","title":{"rendered":"Erotic Games Collection"},"content":{"rendered":"<p>Price: <span style=\"color:#b12704\">[price_with_discount]<\/span><br \/><i><small>(as of [price_update_date] &#8211; <span class=\"wp_automatic_amazon_disclaimer\" title=\"Product prices and availability are accurate as of the date\/time indicated and are subject to change. Any price and availability information displayed on [relevant Amazon Site(s), as applicable] at the time of purchase will apply to the purchase of this product.\">Details<\/span>)<\/small><\/i><\/p>\n<p><a href=\"https:\/\/amazon.de\/dp\/B000R3NNVI?tag=topgetestet09-21\"><img decoding=\"async\" src=\"https:\/\/i.imgur.com\/ISRHEWs.png\"><\/a><br \/>\n[ad_1]<br \/>\n <span>Badende Sch\u00f6nheiten. Sie sind nass, sie sind wild. Im Wasser bewegen sie sich auf besonders sch\u00f6ne Weise. Alle W\u00fcnsche werden wahr und das alles unter einem Dach. Welcher Mann k\u00e4me da nicht ins Schw\u00e4rmen?<\/p>\n<p>&#8220;Wassernixen&#8221;<br \/>Laufzeit: 60 Min.<\/p>\n<p>&#8220;Wet Love Games&#8221;<br \/>Laufzeit: 53 Min.<\/p>\n<p>&#8220;Long Leg Ladies&#8221;<br \/>Laufzeit: 45 Min.<br \/><\/span> <br \/> Seitenverh\u00e4ltnis \u200f : \u200e  4:3 &#8211; 1.33:1 <br \/> Alterseinstufung \u200f : \u200e  Freigegeben ab 16 Jahren <br \/> Verpackungsabmessungen \u200f : \u200e  19.2 x 13.8 x 2 cm; 117.93 Gramm <br \/> Regisseur \u200f : \u200e  Various <br \/> Medienformat \u200f : \u200e  Dolby, PAL <br \/> Laufzeit \u200f : \u200e  2 Stunden und 38 Minuten <br \/> Erscheinungstermin \u200f : \u200e  2. Juni 2009 <br \/> Darsteller \u200f : \u200e  Various <br \/> Sprache, \u200f : \u200e  Deutsch (Dolby Digital 2.0) <br \/> Studio \u200f : \u200e  VZ-Handelsgesellschaft <br \/> ASIN \u200f : \u200e  B000R3NNVI <br \/> Herkunftsland \u200f : \u200e  Deutschland <br \/> Anzahl Disks \u200f : \u200e  1 <\/p>\n<p>[ad_2]<\/p>\n","protected":false},"excerpt":{"rendered":"<p>Price: [price_with_discount](as of [price_update_date] &#8211; Details) [ad_1] Badende Sch\u00f6nheiten. Sie sind nass, sie sind wild. Im Wasser bewegen sie sich auf besonders sch\u00f6ne Weise. Alle W\u00fcnsche werden wahr und das<\/p>\n","protected":false},"featured_media":31251,"comment_status":"open","ping_status":"closed","template":"","meta":[],"product_cat":[227],"product_tag":[255],"class_list":{"0":"post-31250","1":"product","2":"type-product","3":"status-publish","4":"has-post-thumbnail","6":"product_cat-gaming","7":"product_tag-amazon-games","9":"first","10":"instock","11":"shipping-taxable","12":"product-type-external"},"aioseo_notices":[],"_links":{"self":[{"href":"https:\/\/topgetestet.de\/index.php?rest_route=\/wp\/v2\/product\/31250","targetHints":{"allow":["GET"]}}],"collection":[{"href":"https:\/\/topgetestet.de\/index.php?rest_route=\/wp\/v2\/product"}],"about":[{"href":"https:\/\/topgetestet.de\/index.php?rest_route=\/wp\/v2\/types\/product"}],"replies":[{"embeddable":true,"href":"https:\/\/topgetestet.de\/index.php?rest_route=%2Fwp%2Fv2%2Fcomments&post=31250"}],"wp:featuredmedia":[{"embeddable":true,"href":"https:\/\/topgetestet.de\/index.php?rest_route=\/wp\/v2\/media\/31251"}],"wp:attachment":[{"href":"https:\/\/topgetestet.de\/index.php?rest_route=%2Fwp%2Fv2%2Fmedia&parent=31250"}],"wp:term":[{"taxonomy":"product_cat","embeddable":true,"href":"https:\/\/topgetestet.de\/index.php?rest_route=%2Fwp%2Fv2%2Fproduct_cat&post=31250"},{"taxonomy":"product_tag","embeddable":true,"href":"https:\/\/topgetestet.de\/index.php?rest_route=%2Fwp%2Fv2%2Fproduct_tag&post=31250"}],"curies":[{"name":"wp","href":"https:\/\/api.w.org\/{rel}","templated":true}]}}