{"id":31147,"date":"2022-09-26T08:55:31","date_gmt":"2022-09-26T08:55:31","guid":{"rendered":"https:\/\/topgetestet.de\/?product=effizientes-triathlon-training-mit-dem-80-20-konzept-zur-bestzeit"},"modified":"2022-09-26T08:55:31","modified_gmt":"2022-09-26T08:55:31","slug":"effizientes-triathlon-training-mit-dem-80-20-konzept-zur-bestzeit","status":"publish","type":"product","link":"https:\/\/topgetestet.de\/?product=effizientes-triathlon-training-mit-dem-80-20-konzept-zur-bestzeit","title":{"rendered":"Effizientes Triathlon-Training: Mit dem 80\/20-Konzept zur Bestzeit"},"content":{"rendered":"<p>Price: <span style=\"color:#b12704\">[price_with_discount]<\/span><br \/><i><small>(as of [price_update_date] &#8211; <span class=\"wp_automatic_amazon_disclaimer\" title=\"Product prices and availability are accurate as of the date\/time indicated and are subject to change. Any price and availability information displayed on [relevant Amazon Site(s), as applicable] at the time of purchase will apply to the purchase of this product.\">Details<\/span>)<\/small><\/i><\/p>\n<p><a href=\"https:\/\/amazon.de\/dp\/3667118716?tag=topgetestet09-21\"><img decoding=\"async\" src=\"https:\/\/i.imgur.com\/ISRHEWs.png\"><\/a><br \/>\n[ad_1]<\/p>\n<p>       Von der Marke <\/p>\n<p>             <img decoding=\"async\" alt=\"Delius Klasing, Markengeschichte, Fahrrad, Radsport, Radsport B\u00fccher, Rad fahren\" src=\"https:\/\/images-na.ssl-images-amazon.com\/images\/G\/01\/x-locale\/common\/grey-pixel.gif\" class=\"a-lazy-loaded\" data-src=\"https:\/\/m.media-amazon.com\/images\/S\/aplus-media-library-service-media\/b273125a-ae7d-4349-8b4d-8ff591e8491a.__CR0,0,1464,625_PT0_SX1464_V1___.jpg\"><\/p>\n<p>              <img decoding=\"async\" alt=\"Delius Klasing, Markengeschichte, Fahrrad, Radsport, Radsport B\u00fccher, Rad fahren\" src=\"https:\/\/m.media-amazon.com\/images\/S\/aplus-media-library-service-media\/b273125a-ae7d-4349-8b4d-8ff591e8491a.__CR0,0,1464,625_PT0_SX1464_V1___.jpg\"><\/p>\n<h3> Fahrrad-B\u00fccher <\/h3>\n<p class=\"apm-brand-story-stores-link\">\n<h3> Porsche-B\u00fccher <\/h3>\n<p class=\"apm-brand-story-stores-link\">\n<p>                   <img decoding=\"async\" alt=\"Logo\" src=\"https:\/\/images-na.ssl-images-amazon.com\/images\/G\/01\/x-locale\/common\/grey-pixel.gif\" class=\"a-lazy-loaded\" data-src=\"https:\/\/m.media-amazon.com\/images\/S\/aplus-media-library-service-media\/fe22a9b0-8b27-4685-9a21-5ca2f4fde9f5.__CR0,206,463,213_PT0_SX315_V1___.jpg\"><\/p>\n<p>                    <img decoding=\"async\" alt=\"Logo\" src=\"https:\/\/m.media-amazon.com\/images\/S\/aplus-media-library-service-media\/fe22a9b0-8b27-4685-9a21-5ca2f4fde9f5.__CR0,206,463,213_PT0_SX315_V1___.jpg\"><\/p>\n<p> Delius Klasing &#8211; Ihr Special Interest Verlag seit 1911. B\u00fccher und Zeitschriften zum Thema Wasserport, Auto, Radsport, Laufen, Fu\u00dfball und vieles mehr. <\/p>\n<h3> Fu\u00dfball-B\u00fccher <\/h3>\n<p class=\"apm-brand-story-stores-link\">\n<h3> Musik-B\u00fccher <\/h3>\n<p class=\"apm-brand-story-stores-link\">\n<h3> Lauf-B\u00fccher <\/h3>\n<p class=\"apm-brand-story-stores-link\">\n<h3> Bootsf\u00fchrerschein-B\u00fccher <\/h3>\n<p class=\"apm-brand-story-stores-link\">\n<p> Herausgeber \u200f : \u200e  Delius Klasing Verlag; 1. Auflage 2020 (3. April 2020) <br \/> Sprache \u200f : \u200e  Deutsch <br \/> Taschenbuch \u200f : \u200e  320 Seiten <br \/> ISBN-10 \u200f : \u200e  3667118716 <br \/> ISBN-13 \u200f : \u200e  978-3667118714 <br \/> Originaltitel \u200f : \u200e  80\/20 Triathlon <br \/> Abmessungen \u200f : \u200e  19.7 x 2.6 x 23.4 cm <\/p>\n<p>[ad_2]<\/p>\n","protected":false},"excerpt":{"rendered":"<p>Price: [price_with_discount](as of [price_update_date] &#8211; Details) [ad_1] Von der Marke Fahrrad-B\u00fccher Porsche-B\u00fccher Delius Klasing &#8211; Ihr Special Interest Verlag seit 1911. B\u00fccher und Zeitschriften zum Thema Wasserport, Auto, Radsport, Laufen,<\/p>\n","protected":false},"featured_media":31148,"comment_status":"open","ping_status":"closed","template":"","meta":[],"product_cat":[233],"product_tag":[274],"class_list":{"0":"post-31147","1":"product","2":"type-product","3":"status-publish","4":"has-post-thumbnail","6":"product_cat-fitness","7":"product_tag-cardio-training","9":"first","10":"instock","11":"shipping-taxable","12":"product-type-external"},"aioseo_notices":[],"_links":{"self":[{"href":"https:\/\/topgetestet.de\/index.php?rest_route=\/wp\/v2\/product\/31147","targetHints":{"allow":["GET"]}}],"collection":[{"href":"https:\/\/topgetestet.de\/index.php?rest_route=\/wp\/v2\/product"}],"about":[{"href":"https:\/\/topgetestet.de\/index.php?rest_route=\/wp\/v2\/types\/product"}],"replies":[{"embeddable":true,"href":"https:\/\/topgetestet.de\/index.php?rest_route=%2Fwp%2Fv2%2Fcomments&post=31147"}],"wp:featuredmedia":[{"embeddable":true,"href":"https:\/\/topgetestet.de\/index.php?rest_route=\/wp\/v2\/media\/31148"}],"wp:attachment":[{"href":"https:\/\/topgetestet.de\/index.php?rest_route=%2Fwp%2Fv2%2Fmedia&parent=31147"}],"wp:term":[{"taxonomy":"product_cat","embeddable":true,"href":"https:\/\/topgetestet.de\/index.php?rest_route=%2Fwp%2Fv2%2Fproduct_cat&post=31147"},{"taxonomy":"product_tag","embeddable":true,"href":"https:\/\/topgetestet.de\/index.php?rest_route=%2Fwp%2Fv2%2Fproduct_tag&post=31147"}],"curies":[{"name":"wp","href":"https:\/\/api.w.org\/{rel}","templated":true}]}}