{"id":31145,"date":"2022-09-26T08:54:24","date_gmt":"2022-09-26T08:54:24","guid":{"rendered":"https:\/\/topgetestet.de\/?product=seni-care-hautschutzcreme-mit-arginin-2-x-200-ml"},"modified":"2022-09-26T08:54:24","modified_gmt":"2022-09-26T08:54:24","slug":"seni-care-hautschutzcreme-mit-arginin-2-x-200-ml","status":"publish","type":"product","link":"https:\/\/topgetestet.de\/?product=seni-care-hautschutzcreme-mit-arginin-2-x-200-ml","title":{"rendered":"Seni Care Hautschutzcreme mit Arginin 2 x 200 ml"},"content":{"rendered":"<p>Price: <span style=\"color:#b12704\">[price_with_discount]<\/span><br \/><i><small>(as of [price_update_date] &#8211; <span class=\"wp_automatic_amazon_disclaimer\" title=\"Product prices and availability are accurate as of the date\/time indicated and are subject to change. Any price and availability information displayed on [relevant Amazon Site(s), as applicable] at the time of purchase will apply to the purchase of this product.\">Details<\/span>)<\/small><\/i><\/p>\n<p><a href=\"https:\/\/amazon.de\/dp\/B00KIKVM9U?tag=topgetestet09-21\"><img decoding=\"async\" src=\"https:\/\/i.imgur.com\/ISRHEWs.png\"><\/a><br \/>\n[ad_1]<br \/>\n <span>F\u00fcr die t\u00e4gliche Pflege der dem Wundliegen und Dekubitus ausgesetzten Haut. Besonders geeignet f\u00fcr bettl\u00e4gerige Menschen, deren Haut eine besondere Pflege ben\u00f6tigt. <\/p>\n<p>&#8211; sch\u00fctzt vor Entz\u00fcndungen und Hautirritationen<br \/>&#8211; spendet optimale Feuchtigkeit<br \/>&#8211; f\u00f6rdert die Regeneration gereizter Haut<\/p>\n<p>Die leichte Konsistenz der Creme zieht schnell ein und hinterl\u00e4sst einen transparenten Schutzfilm auf der Haut. Reich an feuchtigkeitsspendendem Arginin, das die Regeneration der Epidermis beschleunigt und zusammen mit Canola-\u00d6l die Haut vor Reizungen sch\u00fctzt. Die Formel ist angereichert mit einem pflegenden, beruhigenden Biokomplex aus Lein und feuchtigkeitsspendendem Panthenol. Enth\u00e4lt SINODOR &#8211; ein geruchsabsorbierender Inhaltsstoff nat\u00fcrlichen Ursprungs. <\/p>\n<p>Aktivstoffe:<\/p>\n<p>&#8211; Arginin<br \/>&#8211; Allantoin<br \/>&#8211; Biokomplex aus Lein<br \/>&#8211; Panthenol<br \/>&#8211; Shea Butter<br \/>&#8211; Canola \u00d6l<br \/>&#8211; Traubenkern\u00f6l<br \/>&#8211; Sinodor<\/p>\n<p>Anwendung:<\/p>\n<p>Eine d\u00fcnne Schicht der Creme auf die gereinigte und trockene Haut auftragen, insbesondere auf die Teile des K\u00f6rpers, die von Wundliegen und Entz\u00fcndungen betroffen sind. Die Creme einwirken lassen. Nicht auf die verletzte Haut und Wunden auftragen. <br \/><\/span> <br \/>sch\u00fctzt vor Entz\u00fcndungen und Hautirritationen<br \/>spendet optimale Feuchtigkeit<br \/>f\u00f6rdert die Regeneration gereizter Haut<br \/>\n<br \/>[ad_2]<\/p>\n","protected":false},"excerpt":{"rendered":"<p>Price: [price_with_discount](as of [price_update_date] &#8211; Details) [ad_1] F\u00fcr die t\u00e4gliche Pflege der dem Wundliegen und Dekubitus ausgesetzten Haut. Besonders geeignet f\u00fcr bettl\u00e4gerige Menschen, deren Haut eine besondere Pflege ben\u00f6tigt. &#8211;<\/p>\n","protected":false},"featured_media":31146,"comment_status":"open","ping_status":"closed","template":"","meta":[],"product_cat":[228],"product_tag":[237],"class_list":{"0":"post-31145","1":"product","2":"type-product","3":"status-publish","4":"has-post-thumbnail","6":"product_cat-beauty","7":"product_tag-personal-care","9":"first","10":"instock","11":"shipping-taxable","12":"product-type-external"},"aioseo_notices":[],"_links":{"self":[{"href":"https:\/\/topgetestet.de\/index.php?rest_route=\/wp\/v2\/product\/31145","targetHints":{"allow":["GET"]}}],"collection":[{"href":"https:\/\/topgetestet.de\/index.php?rest_route=\/wp\/v2\/product"}],"about":[{"href":"https:\/\/topgetestet.de\/index.php?rest_route=\/wp\/v2\/types\/product"}],"replies":[{"embeddable":true,"href":"https:\/\/topgetestet.de\/index.php?rest_route=%2Fwp%2Fv2%2Fcomments&post=31145"}],"wp:featuredmedia":[{"embeddable":true,"href":"https:\/\/topgetestet.de\/index.php?rest_route=\/wp\/v2\/media\/31146"}],"wp:attachment":[{"href":"https:\/\/topgetestet.de\/index.php?rest_route=%2Fwp%2Fv2%2Fmedia&parent=31145"}],"wp:term":[{"taxonomy":"product_cat","embeddable":true,"href":"https:\/\/topgetestet.de\/index.php?rest_route=%2Fwp%2Fv2%2Fproduct_cat&post=31145"},{"taxonomy":"product_tag","embeddable":true,"href":"https:\/\/topgetestet.de\/index.php?rest_route=%2Fwp%2Fv2%2Fproduct_tag&post=31145"}],"curies":[{"name":"wp","href":"https:\/\/api.w.org\/{rel}","templated":true}]}}