{"id":31002,"date":"2022-09-26T08:34:30","date_gmt":"2022-09-26T08:34:30","guid":{"rendered":"https:\/\/topgetestet.de\/?product=puma-herren-cell-vive-laufschuh"},"modified":"2022-09-26T08:34:30","modified_gmt":"2022-09-26T08:34:30","slug":"puma-herren-cell-vive-laufschuh","status":"publish","type":"product","link":"https:\/\/topgetestet.de\/?product=puma-herren-cell-vive-laufschuh","title":{"rendered":"PUMA Herren Cell Vive Laufschuh"},"content":{"rendered":"<p>Price: <span style=\"color:#b12704\">[price_with_discount]<\/span><br \/><i><small>(as of [price_update_date] &#8211; <span class=\"wp_automatic_amazon_disclaimer\" title=\"Product prices and availability are accurate as of the date\/time indicated and are subject to change. Any price and availability information displayed on [relevant Amazon Site(s), as applicable] at the time of purchase will apply to the purchase of this product.\">Details<\/span>)<\/small><\/i><\/p>\n<p><a href=\"https:\/\/amazon.de\/dp\/B088RJJ86Y?tag=topgetestet09-21\"><img decoding=\"async\" src=\"https:\/\/i.imgur.com\/ISRHEWs.png\"><\/a><br \/>\n[ad_1]<br \/>\n <span>Der neue Cell Vive Fade bringt eine frische 10 Zellen-Designsprache zu einem erstaunlichen Preis. Das Werkzeug verf\u00fcgt \u00fcber ein sch\u00f6nes, integriertes 10CELL-St\u00fcck in der Ferse f\u00fcr Komfort und Stabilit\u00e4t durch eine st\u00fctzende, zell\u00e4hnliche Struktur. Diese Packung verf\u00fcgt \u00fcber eine fette zweifarbige Ausf\u00fchrung auf dem 10-Zellen-St\u00fcck. Geformtes, durchgehendes EVA bietet lang anhaltenden Komfort, w\u00e4hrend Gummi in der Au\u00dfensohle Traktion bietet. Das Obermaterial verf\u00fcgt \u00fcber eine auff\u00e4llige Kragen-Silhouette und Konstruktion, mit alternativen Kragenh\u00f6hen und einem Gore-St\u00fcck f\u00fcr Passform und leichten Einstieg. Wertvolle Overlays und ein gro\u00dfes PUMA Branding sorgen f\u00fcr extreme Regal-Attraktivit\u00e4t und Markenbewusstsein. Der Cell Vive Fade bringt unser 10Cell Produkt in neue H\u00f6hen.<\/span> <br \/> Verpackungsabmessungen \u200f : \u200e  32.89 x 24.21 x 11.4 cm; 608 Gramm <br \/> Im Angebot von Amazon.de seit \u200f : \u200e  4. August 2021 <br \/> Hersteller \u200f : \u200e  PUMA <br \/> ASIN \u200f : \u200e  B08QCG99NF <br \/> Modellnummer \u200f : \u200e  19529101 <br \/> Kategorie \u200f : \u200e  Herren <\/p>\n<p>[ad_2]<\/p>\n","protected":false},"excerpt":{"rendered":"<p>Price: [price_with_discount](as of [price_update_date] &#8211; Details) [ad_1] Der neue Cell Vive Fade bringt eine frische 10 Zellen-Designsprache zu einem erstaunlichen Preis. Das Werkzeug verf\u00fcgt \u00fcber ein sch\u00f6nes, integriertes 10CELL-St\u00fcck in<\/p>\n","protected":false},"featured_media":31003,"comment_status":"open","ping_status":"closed","template":"","meta":[],"product_cat":[234],"product_tag":[235],"class_list":{"0":"post-31002","1":"product","2":"type-product","3":"status-publish","4":"has-post-thumbnail","6":"product_cat-shoes","7":"product_tag-mens-road-running-shoes","9":"first","10":"instock","11":"shipping-taxable","12":"product-type-external"},"aioseo_notices":[],"_links":{"self":[{"href":"https:\/\/topgetestet.de\/index.php?rest_route=\/wp\/v2\/product\/31002","targetHints":{"allow":["GET"]}}],"collection":[{"href":"https:\/\/topgetestet.de\/index.php?rest_route=\/wp\/v2\/product"}],"about":[{"href":"https:\/\/topgetestet.de\/index.php?rest_route=\/wp\/v2\/types\/product"}],"replies":[{"embeddable":true,"href":"https:\/\/topgetestet.de\/index.php?rest_route=%2Fwp%2Fv2%2Fcomments&post=31002"}],"wp:featuredmedia":[{"embeddable":true,"href":"https:\/\/topgetestet.de\/index.php?rest_route=\/wp\/v2\/media\/31003"}],"wp:attachment":[{"href":"https:\/\/topgetestet.de\/index.php?rest_route=%2Fwp%2Fv2%2Fmedia&parent=31002"}],"wp:term":[{"taxonomy":"product_cat","embeddable":true,"href":"https:\/\/topgetestet.de\/index.php?rest_route=%2Fwp%2Fv2%2Fproduct_cat&post=31002"},{"taxonomy":"product_tag","embeddable":true,"href":"https:\/\/topgetestet.de\/index.php?rest_route=%2Fwp%2Fv2%2Fproduct_tag&post=31002"}],"curies":[{"name":"wp","href":"https:\/\/api.w.org\/{rel}","templated":true}]}}