{"id":30949,"date":"2022-09-26T08:03:59","date_gmt":"2022-09-26T08:03:59","guid":{"rendered":"https:\/\/topgetestet.de\/?product=womens-wintry-pants-iv"},"modified":"2022-09-26T08:03:59","modified_gmt":"2022-09-26T08:03:59","slug":"womens-wintry-pants-iv","status":"publish","type":"product","link":"https:\/\/topgetestet.de\/?product=womens-wintry-pants-iv","title":{"rendered":"Women&#8217;s Wintry Pants IV"},"content":{"rendered":"<p>Price: <span style=\"color:#b12704\">[price_with_discount]<\/span><br \/><i><small>(as of [price_update_date] &#8211; <span class=\"wp_automatic_amazon_disclaimer\" title=\"Product prices and availability are accurate as of the date\/time indicated and are subject to change. Any price and availability information displayed on [relevant Amazon Site(s), as applicable] at the time of purchase will apply to the purchase of this product.\">Details<\/span>)<\/small><\/i><\/p>\n<p><a href=\"https:\/\/amazon.de\/dp\/B09294FQDG?tag=topgetestet09-21\"><img decoding=\"async\" src=\"https:\/\/i.imgur.com\/ISRHEWs.png\"><\/a><br \/>\n[ad_1]<br \/>\n <span>Die Wintry Pants IV ist ein echter Tausendsassa! Wer auch im Winter viele Lieblingssportarten hat und nicht recht wei\u00df, welche Hose er daf\u00fcr verwenden soll, ist mir ihr optimal beraten. Um dem vielseitigen Einsatz gerecht zu werden, verf\u00fcgt die Hose \u00fcber unterschiedliche Materialzonen: Auf der Vorderseite ist sie zu 100 % winddicht, die R\u00fcckseite ist aus w\u00e4rmendem Stretch-Material &#8211; eine Kombination, die f\u00fcr optimales K\u00f6rperklima und hohe Bewegungsfreiheit sorgt. Durch die seitlichen Reisverschl\u00fcsse am Beinabschluss und die weitenregulierbaren B\u00fcndchen l\u00e4sst sich die Women&#8217;s Wintry Pants IV dar\u00fcber hinaus perfekt an die jeweiligen Bed\u00fcrfnisse anpassen!Das VAUDE Green Shape Label steht f\u00fcr eine umweltfreundliche Herstellung nach dem strengen bluesign-Standard. Die Hose ist zudem mit Eco Finish umweltfreundlich wasserabweisend ohne Fluorcarbone (PFC) hergestellt.<\/span> <br \/> Verpackungsabmessungen \u200f : \u200e  32.79 x 28 x 12.5 cm; 330 Gramm <br \/> Im Angebot von Amazon.de seit \u200f : \u200e  12. April 2021 <br \/> Hersteller \u200f : \u200e  Vaude <br \/> ASIN \u200f : \u200e  B0928YJ6Q1 <br \/> Modellnummer \u200f : \u200e  41644 <br \/> Kategorie \u200f : \u200e  Damen <\/p>\n<p>Optimales K\u00f6rperklima: Um dem vielseitigen Einsatz gerecht zu werden, verf\u00fcgt die Hose \u00fcber unterschiedliche Materialzonen: Auf der Vorderseite ist sie zu 100 Prozent winddicht, die R\u00fcckseite ist aus w\u00e4rmendem Stretch-Material &#8211; eine Kombination, die f\u00fcr optimales K\u00f6rperklima und hohe Bewegungsfreiheit sorgt<br \/>Verschluss: Druckknopf<br \/>Vorderteil &#8211; Au\u00dfenseite: 100% Polyester (recycelt), Membran: 100% Polyurethan, Innenseite: 100% Polyester (davon 66% recycelt), , R\u00fcckenteil &#8211; : 94% Polyamid, 6% Elastan<br \/>Hose<br \/>Pflegehinweis: Maschinenw\u00e4sche<br \/>Modellnummer: 41644<br \/>\n<br \/>[ad_2]<\/p>\n","protected":false},"excerpt":{"rendered":"<p>Price: [price_with_discount](as of [price_update_date] &#8211; Details) [ad_1] Die Wintry Pants IV ist ein echter Tausendsassa! Wer auch im Winter viele Lieblingssportarten hat und nicht recht wei\u00df, welche Hose er daf\u00fcr<\/p>\n","protected":false},"featured_media":30950,"comment_status":"open","ping_status":"closed","template":"","meta":[],"product_cat":[232],"product_tag":[],"class_list":{"0":"post-30949","1":"product","2":"type-product","3":"status-publish","4":"has-post-thumbnail","6":"product_cat-women-fashion","8":"first","9":"instock","10":"shipping-taxable","11":"product-type-external"},"aioseo_notices":[],"_links":{"self":[{"href":"https:\/\/topgetestet.de\/index.php?rest_route=\/wp\/v2\/product\/30949","targetHints":{"allow":["GET"]}}],"collection":[{"href":"https:\/\/topgetestet.de\/index.php?rest_route=\/wp\/v2\/product"}],"about":[{"href":"https:\/\/topgetestet.de\/index.php?rest_route=\/wp\/v2\/types\/product"}],"replies":[{"embeddable":true,"href":"https:\/\/topgetestet.de\/index.php?rest_route=%2Fwp%2Fv2%2Fcomments&post=30949"}],"wp:featuredmedia":[{"embeddable":true,"href":"https:\/\/topgetestet.de\/index.php?rest_route=\/wp\/v2\/media\/30950"}],"wp:attachment":[{"href":"https:\/\/topgetestet.de\/index.php?rest_route=%2Fwp%2Fv2%2Fmedia&parent=30949"}],"wp:term":[{"taxonomy":"product_cat","embeddable":true,"href":"https:\/\/topgetestet.de\/index.php?rest_route=%2Fwp%2Fv2%2Fproduct_cat&post=30949"},{"taxonomy":"product_tag","embeddable":true,"href":"https:\/\/topgetestet.de\/index.php?rest_route=%2Fwp%2Fv2%2Fproduct_tag&post=30949"}],"curies":[{"name":"wp","href":"https:\/\/api.w.org\/{rel}","templated":true}]}}