{"id":30545,"date":"2022-09-26T05:47:54","date_gmt":"2022-09-26T05:47:54","guid":{"rendered":"https:\/\/topgetestet.de\/?product=puma-damen-cilia-turnschuh"},"modified":"2022-09-26T05:47:54","modified_gmt":"2022-09-26T05:47:54","slug":"puma-damen-cilia-turnschuh","status":"publish","type":"product","link":"https:\/\/topgetestet.de\/?product=puma-damen-cilia-turnschuh","title":{"rendered":"PUMA Damen Cilia Turnschuh"},"content":{"rendered":"<p>Price: <span style=\"color:#b12704\">[price_with_discount]<\/span><br \/><i><small>(as of [price_update_date] &#8211; <span class=\"wp_automatic_amazon_disclaimer\" title=\"Product prices and availability are accurate as of the date\/time indicated and are subject to change. Any price and availability information displayed on [relevant Amazon Site(s), as applicable] at the time of purchase will apply to the purchase of this product.\">Details<\/span>)<\/small><\/i><\/p>\n<p><a href=\"https:\/\/amazon.de\/dp\/B07F2Q511B?tag=topgetestet09-21\"><img decoding=\"async\" src=\"https:\/\/i.imgur.com\/ISRHEWs.png\"><\/a><br \/>\n[ad_1]<br \/>\n <span>&#8211; Der neue Fashion-Trainer cilia lux stellt eine neue wns spezifische klobige Silhouette mit einem Obermaterial aus hochwertigem Leder &#8211; zus\u00e4tzliche Details wie gepolsterter Kragen und Zunge, Spitzengewebe mit silbernem Druck, Metall\u00f6sen, Perforationen und Folienlogos &#8211; unterst\u00fctzende imeva Zwischensohle bietet Sto\u00dfd\u00e4mpfung f\u00fcr einen gem\u00fctlichen Schritt, w\u00e4hrend die Gummisohle Haltbarkeit und Halt bietet die SoftFoam+ Einlegesohle f\u00fcr hervorragende D\u00e4mpfung und optimalen Komfort f\u00fcr jeden Schritt.<\/span> <br \/> Produktabmessungen \u200f : \u200e  10 x 2 x 2.7 cm; 500 Gramm <br \/> Im Angebot von Amazon.de seit \u200f : \u200e  14. Februar 2019 <br \/> Hersteller \u200f : \u200e  Puma <br \/> ASIN \u200f : \u200e  B07NQL3N2S <br \/> Modellnummer \u200f : \u200e  369778 <br \/> Kategorie \u200f : \u200e  Damen <\/p>\n<p>Verschluss: Schn\u00fcrung<br \/>Absatzform: Plateauabsatz<br \/>Schuhweite: medium<br \/>\n<br \/>[ad_2]<\/p>\n","protected":false},"excerpt":{"rendered":"<p>Price: [price_with_discount](as of [price_update_date] &#8211; Details) [ad_1] &#8211; Der neue Fashion-Trainer cilia lux stellt eine neue wns spezifische klobige Silhouette mit einem Obermaterial aus hochwertigem Leder &#8211; zus\u00e4tzliche Details wie<\/p>\n","protected":false},"featured_media":30546,"comment_status":"open","ping_status":"closed","template":"","meta":[],"product_cat":[230],"product_tag":[266],"class_list":{"0":"post-30545","1":"product","2":"type-product","3":"status-publish","4":"has-post-thumbnail","6":"product_cat-fashion","7":"product_tag-womens-fashion-sneakers","9":"first","10":"instock","11":"shipping-taxable","12":"product-type-external"},"aioseo_notices":[],"_links":{"self":[{"href":"https:\/\/topgetestet.de\/index.php?rest_route=\/wp\/v2\/product\/30545","targetHints":{"allow":["GET"]}}],"collection":[{"href":"https:\/\/topgetestet.de\/index.php?rest_route=\/wp\/v2\/product"}],"about":[{"href":"https:\/\/topgetestet.de\/index.php?rest_route=\/wp\/v2\/types\/product"}],"replies":[{"embeddable":true,"href":"https:\/\/topgetestet.de\/index.php?rest_route=%2Fwp%2Fv2%2Fcomments&post=30545"}],"wp:featuredmedia":[{"embeddable":true,"href":"https:\/\/topgetestet.de\/index.php?rest_route=\/wp\/v2\/media\/30546"}],"wp:attachment":[{"href":"https:\/\/topgetestet.de\/index.php?rest_route=%2Fwp%2Fv2%2Fmedia&parent=30545"}],"wp:term":[{"taxonomy":"product_cat","embeddable":true,"href":"https:\/\/topgetestet.de\/index.php?rest_route=%2Fwp%2Fv2%2Fproduct_cat&post=30545"},{"taxonomy":"product_tag","embeddable":true,"href":"https:\/\/topgetestet.de\/index.php?rest_route=%2Fwp%2Fv2%2Fproduct_tag&post=30545"}],"curies":[{"name":"wp","href":"https:\/\/api.w.org\/{rel}","templated":true}]}}