{"id":29873,"date":"2022-09-26T03:45:49","date_gmt":"2022-09-26T03:45:49","guid":{"rendered":"https:\/\/topgetestet.de\/?product=demon-slayer-kimetsu-no-yaiba-the-hinokami-chronicles-playstation-5"},"modified":"2022-09-26T03:45:49","modified_gmt":"2022-09-26T03:45:49","slug":"demon-slayer-kimetsu-no-yaiba-the-hinokami-chronicles-playstation-5","status":"publish","type":"product","link":"https:\/\/topgetestet.de\/?product=demon-slayer-kimetsu-no-yaiba-the-hinokami-chronicles-playstation-5","title":{"rendered":"Demon Slayer -Kimetsu no Yaiba- The Hinokami Chronicles (Playstation 5)"},"content":{"rendered":"<p>Price: <span style=\"color:#b12704\">[price_with_discount]<\/span><br \/><i><small>(as of [price_update_date] &#8211; <span class=\"wp_automatic_amazon_disclaimer\" title=\"Product prices and availability are accurate as of the date\/time indicated and are subject to change. Any price and availability information displayed on [relevant Amazon Site(s), as applicable] at the time of purchase will apply to the purchase of this product.\">Details<\/span>)<\/small><\/i><\/p>\n<p><a href=\"https:\/\/amazon.de\/dp\/B097XFC8RG?tag=topgetestet09-21\"><img decoding=\"async\" src=\"https:\/\/i.imgur.com\/ISRHEWs.png\"><\/a><br \/>\n[ad_1]<br \/>\n <span>Sei die Klinge, die D\u00e4monen richtet!<br \/>Es ist die Taisho-Zeit in Japan. Tanjiro, ein gutherziger Junge, der seinen Lebensunterhalt mit Holzkohle verdient, findet seine Familie von einem D\u00e4mon ermordet vor. Erschwerend kommt hinzu, dass seine j\u00fcngere Schwester Nezuko, die einzige \u00dcberlebende, selbst in einen D\u00e4mon verwandelt wurde. Obwohl Tanjiro von dieser d\u00fcsteren Realit\u00e4t am Boden zerst\u00f6rt ist, beschlie\u00dft er, ein &#8220;D\u00e4monent\u00f6ter&#8221; zu werden, damit er seine Schwester wieder in einen Menschen verwandeln und den D\u00e4mon t\u00f6ten kann, der seine Familie massakriert hat. Eine traurige Geschichte von Geschwistern, in der sich die Schicksale von Menschen und D\u00e4monen verflechten\u2026 beginnt jetzt!<\/p>\n<p>\u00dcber Demon Slayer -Kimetsu no Yaiba- Die Hinokami Chronik<br \/>The Hinokami Chronicles ist ein spektakul\u00e4rer Arenak\u00e4mpfer des Teams von CyberConnect2, mit dem Spieler die denkw\u00fcrdigen Momente von &#8220;Tanjiro Kamado, Unwavering Resolve Arc&#8221; und &#8220;Mugen Train Arc&#8221; noch einmal erleben k\u00f6nnen. Folge Tanjiro durch die Geschichte aus dem Anime &#8220;Demon Slayer: Kimetsu no Yaiba&#8221;, w\u00e4hrend er sich D\u00e4monen stellt, um seine Schwester Nezuko, die ein D\u00e4mon geworden ist, wieder in einen Menschen zu verwandeln.<\/p>\n<p>Berauschende Arenak\u00e4mpfe &#8211; Meistere die Vielzahl spektakul\u00e4rer F\u00e4higkeiten einer Menge von Charakteren aus dem Anime, darunter Tanjiro und Nezuko, um Herausforderer in Kopf-an-Kopf-K\u00e4mpfen lokal und online zu besiegen.<br \/>Bewegendes Drama &#8211; Nimm das Schwert von Tanjiro Kamado und leite seine Reise, um ein D\u00e4monent\u00f6ter zu werden und seine Schwester Nezuko wieder in einen Menschen zu verwandeln.<br \/>Spannende Bossk\u00e4mpfe &#8211; Action und Drama erreichen ihren H\u00f6hepunkt in speziell entwickelten Schlachten gegen m\u00e4chtige D\u00e4monen, die Tanjiros Mut auf die Probe stellen.<br \/>Original-Anime-Stimmenbesetzung &#8211; Die englischen und japanischen Originalbesetzungen des Anime kehren zur\u00fcck, um ihre authentischen Darstellungen in das Spiel einzubringen.<\/span> <br \/> Alterseinstufung \u200f : \u200e  USK ab 16 freigegeben <br \/> Sprache \u200f : \u200e  Englisch, Japanisch <br \/> Handbuch \u200f : \u200e  Deutsch <br \/> Produktabmessungen \u200f : \u200e  13.8 x 1.7 x 16.8 cm; 82 Gramm <br \/> Erscheinungstermin \u200f : \u200e  15. Oktober 2021 <br \/> Untertitel: \u200f : \u200e  Englisch, Franz\u00f6sisch, Deutsch, Italienisch, Spanisch <br \/> ASIN \u200f : \u200e  B097XFC8RG <br \/> Herstellerreferenz \u200f : \u200e  438535 <br \/> Herkunftsland \u200f : \u200e  \u00d6sterreich <\/p>\n<p>Nimm das Schwert von Tanjiro Kamado und leite seine Reise, um ein D\u00e4monent\u00f6ter zu werden und Nezuko wieder in einen Menschen zu verwandeln<br \/>Action und Drama erreichen ihren H\u00f6hepunkt in speziell entwickelten Schlachten gegen m\u00e4chtige D\u00e4monen, die Tanjiros Mut auf die Probe stellen<br \/>Die englischen und japanischen Originalbesetzungen des Anime kehren zur\u00fcck, um ihre authentischen Darstellungen in das Spiel einzubringen<br \/>\n<br \/>[ad_2]<\/p>\n","protected":false},"excerpt":{"rendered":"<p>Price: [price_with_discount](as of [price_update_date] &#8211; Details) [ad_1] Sei die Klinge, die D\u00e4monen richtet!Es ist die Taisho-Zeit in Japan. Tanjiro, ein gutherziger Junge, der seinen Lebensunterhalt mit Holzkohle verdient, findet seine<\/p>\n","protected":false},"featured_media":29874,"comment_status":"open","ping_status":"closed","template":"","meta":[],"product_cat":[227],"product_tag":[261],"class_list":{"0":"post-29873","1":"product","2":"type-product","3":"status-publish","4":"has-post-thumbnail","6":"product_cat-gaming","7":"product_tag-playstation-legacy-games","9":"first","10":"instock","11":"sale","12":"shipping-taxable","13":"product-type-external"},"aioseo_notices":[],"_links":{"self":[{"href":"https:\/\/topgetestet.de\/index.php?rest_route=\/wp\/v2\/product\/29873","targetHints":{"allow":["GET"]}}],"collection":[{"href":"https:\/\/topgetestet.de\/index.php?rest_route=\/wp\/v2\/product"}],"about":[{"href":"https:\/\/topgetestet.de\/index.php?rest_route=\/wp\/v2\/types\/product"}],"replies":[{"embeddable":true,"href":"https:\/\/topgetestet.de\/index.php?rest_route=%2Fwp%2Fv2%2Fcomments&post=29873"}],"wp:featuredmedia":[{"embeddable":true,"href":"https:\/\/topgetestet.de\/index.php?rest_route=\/wp\/v2\/media\/29874"}],"wp:attachment":[{"href":"https:\/\/topgetestet.de\/index.php?rest_route=%2Fwp%2Fv2%2Fmedia&parent=29873"}],"wp:term":[{"taxonomy":"product_cat","embeddable":true,"href":"https:\/\/topgetestet.de\/index.php?rest_route=%2Fwp%2Fv2%2Fproduct_cat&post=29873"},{"taxonomy":"product_tag","embeddable":true,"href":"https:\/\/topgetestet.de\/index.php?rest_route=%2Fwp%2Fv2%2Fproduct_tag&post=29873"}],"curies":[{"name":"wp","href":"https:\/\/api.w.org\/{rel}","templated":true}]}}