{"id":29528,"date":"2022-09-26T00:59:55","date_gmt":"2022-09-26T00:59:55","guid":{"rendered":"https:\/\/topgetestet.de\/?product=apple-lightning-auf-35%e2%80%91mm-kopfhoreranschluss-adapter"},"modified":"2022-09-26T00:59:55","modified_gmt":"2022-09-26T00:59:55","slug":"apple-lightning-auf-35%e2%80%91mm-kopfhoreranschluss-adapter","status":"publish","type":"product","link":"https:\/\/topgetestet.de\/?product=apple-lightning-auf-35%e2%80%91mm-kopfhoreranschluss-adapter","title":{"rendered":"Apple Lightning auf 3,5\u2011mm-Kopfh\u00f6reranschluss Adapter"},"content":{"rendered":"<p>Price: <span style=\"color:#b12704\">[price_with_discount]<\/span><br \/><i><small>(as of [price_update_date] &#8211; <span class=\"wp_automatic_amazon_disclaimer\" title=\"Product prices and availability are accurate as of the date\/time indicated and are subject to change. Any price and availability information displayed on [relevant Amazon Site(s), as applicable] at the time of purchase will apply to the purchase of this product.\">Details<\/span>)<\/small><\/i><\/p>\n<p><a href=\"https:\/\/amazon.de\/dp\/B01LWAUW1P?tag=topgetestet09-21\"><img decoding=\"async\" src=\"https:\/\/i.imgur.com\/ISRHEWs.png\"><\/a><br \/>\n[ad_1]<br \/>\n<br \/>Kompatibel mit allen Ger\u00e4ten mit Lightning Connector, die iOS 10 oder unterst\u00fctzen, einschlie\u00dflich iPod touch, iPad und iPhone<br \/>Hergestellt von Apple<br \/>\n<br \/>[ad_2]<\/p>\n","protected":false},"excerpt":{"rendered":"<p>Price: [price_with_discount](as of [price_update_date] &#8211; Details) [ad_1] Kompatibel mit allen Ger\u00e4ten mit Lightning Connector, die iOS 10 oder unterst\u00fctzen, einschlie\u00dflich iPod touch, iPad und iPhoneHergestellt von Apple [ad_2]<\/p>\n","protected":false},"featured_media":29529,"comment_status":"open","ping_status":"closed","template":"","meta":[],"product_cat":[225],"product_tag":[],"class_list":{"0":"post-29528","1":"product","2":"type-product","3":"status-publish","4":"has-post-thumbnail","6":"product_cat-electronics","8":"first","9":"instock","10":"shipping-taxable","11":"product-type-external"},"aioseo_notices":[],"_links":{"self":[{"href":"https:\/\/topgetestet.de\/index.php?rest_route=\/wp\/v2\/product\/29528","targetHints":{"allow":["GET"]}}],"collection":[{"href":"https:\/\/topgetestet.de\/index.php?rest_route=\/wp\/v2\/product"}],"about":[{"href":"https:\/\/topgetestet.de\/index.php?rest_route=\/wp\/v2\/types\/product"}],"replies":[{"embeddable":true,"href":"https:\/\/topgetestet.de\/index.php?rest_route=%2Fwp%2Fv2%2Fcomments&post=29528"}],"wp:featuredmedia":[{"embeddable":true,"href":"https:\/\/topgetestet.de\/index.php?rest_route=\/wp\/v2\/media\/29529"}],"wp:attachment":[{"href":"https:\/\/topgetestet.de\/index.php?rest_route=%2Fwp%2Fv2%2Fmedia&parent=29528"}],"wp:term":[{"taxonomy":"product_cat","embeddable":true,"href":"https:\/\/topgetestet.de\/index.php?rest_route=%2Fwp%2Fv2%2Fproduct_cat&post=29528"},{"taxonomy":"product_tag","embeddable":true,"href":"https:\/\/topgetestet.de\/index.php?rest_route=%2Fwp%2Fv2%2Fproduct_tag&post=29528"}],"curies":[{"name":"wp","href":"https:\/\/api.w.org\/{rel}","templated":true}]}}