{"id":29362,"date":"2022-09-25T23:55:55","date_gmt":"2022-09-25T23:55:55","guid":{"rendered":"https:\/\/topgetestet.de\/?product=gant-herren-t-shirt"},"modified":"2022-09-25T23:55:55","modified_gmt":"2022-09-25T23:55:55","slug":"gant-herren-t-shirt","status":"publish","type":"product","link":"https:\/\/topgetestet.de\/?product=gant-herren-t-shirt","title":{"rendered":"GANT Herren T-Shirt"},"content":{"rendered":"<p>Price: <span style=\"color:#b12704\">[price_with_discount]<\/span><br \/><i><small>(as of [price_update_date] &#8211; <span class=\"wp_automatic_amazon_disclaimer\" title=\"Product prices and availability are accurate as of the date\/time indicated and are subject to change. Any price and availability information displayed on [relevant Amazon Site(s), as applicable] at the time of purchase will apply to the purchase of this product.\">Details<\/span>)<\/small><\/i><\/p>\n<p><a href=\"https:\/\/amazon.de\/dp\/B09HMW3SHN?tag=topgetestet09-21\"><img decoding=\"async\" src=\"https:\/\/i.imgur.com\/ISRHEWs.png\"><\/a><br \/>\n[ad_1]<\/p>\n<p>       Produktbeschreibung des Herstellers <\/p>\n<p>              <img decoding=\"async\" alt=\"Man with colourfull hat \" src=\"https:\/\/images-na.ssl-images-amazon.com\/images\/G\/01\/x-locale\/common\/grey-pixel.gif\" class=\"a-lazy-loaded\" data-src=\"https:\/\/m.media-amazon.com\/images\/S\/aplus-media\/sota\/2e1127ee-5bc4-4658-8316-fde9becaac61.__CR0,0,2079,643_PT0_SX970_V1___.jpg\"><\/p>\n<p>               <img decoding=\"async\" alt=\"Man with colourfull hat \" src=\"https:\/\/m.media-amazon.com\/images\/S\/aplus-media\/sota\/2e1127ee-5bc4-4658-8316-fde9becaac61.__CR0,0,2079,643_PT0_SX970_V1___.jpg\"><\/p>\n<p>              <img decoding=\"async\" alt=\"Man with checkered shirt\" src=\"https:\/\/images-na.ssl-images-amazon.com\/images\/G\/01\/x-locale\/common\/grey-pixel.gif\" class=\"a-lazy-loaded\" data-src=\"https:\/\/m.media-amazon.com\/images\/S\/aplus-media\/sota\/bb37431c-1727-4747-8f92-f64bfbb00744.__CR42,0,2145,2145_PT0_SX300_V1___.jpg\"><\/p>\n<p>               <img decoding=\"async\" alt=\"Man with checkered shirt\" src=\"https:\/\/m.media-amazon.com\/images\/S\/aplus-media\/sota\/bb37431c-1727-4747-8f92-f64bfbb00744.__CR42,0,2145,2145_PT0_SX300_V1___.jpg\"><\/p>\n<h3 class=\"a-spacing-mini\"> Die Lifestylemarke GANT steht f\u00fcr die Kombination von europ\u00e4ischer Eleganz und American Sportswear <\/h3>\n<p> In der N\u00e4he der Yale Universit\u00e4t gegr\u00fcndet, mit dem legend\u00e4ren Oxford Button-Down-Shirt der amerikanischen Elite-Universit\u00e4ten bekannt geworden, orientiert sich GANT bis heute am Eastcoast-Lifestyle. Ein Versprechen an Authentizit\u00e4t, Innovation \u2013 \u201enever stop learning\u201c und Leidenschaft. <\/p>\n<p>              <img decoding=\"async\" alt=\"Man in striped GANT shirt\" src=\"https:\/\/images-na.ssl-images-amazon.com\/images\/G\/01\/x-locale\/common\/grey-pixel.gif\" class=\"a-spacing-mini a-lazy-loaded\" data-src=\"https:\/\/m.media-amazon.com\/images\/S\/aplus-media\/sota\/a1aba48a-993a-49cb-8741-9bbec523ee20.__CR25,0,1127,1127_PT0_SX300_V1___.jpg\"><\/p>\n<p>               <img decoding=\"async\" alt=\"Man in striped GANT shirt\" src=\"https:\/\/m.media-amazon.com\/images\/S\/aplus-media\/sota\/a1aba48a-993a-49cb-8741-9bbec523ee20.__CR25,0,1127,1127_PT0_SX300_V1___.jpg\"><\/p>\n<h3 class=\"a-spacing-mini\"> Das kultige Kleidungsst\u00fcck <\/h3>\n<p> Wir als traditioneller Hemdenmacher k\u00f6nnen behaupten, Ahnung davon zu haben, wie man ein richtig stylisches Hemd schneidert. F\u00fcr uns ist das Anzugshemd das vielseitigste Teil jeder Garderobe. Zwar gilt das Anzugshemd oft blo\u00df als nicht weiter bemerkenswerte Schicht in der Bekleidung, doch ist es viel mehr als das. Tragen Sie es zusammen mit Ihren Lieblingsjeans oder lassen Sie es unter Ihrem Pullover hervorlugen. Egal zu welchem Anlass: Anzugshemden von GANT machen sich immer gut. <\/p>\n<p>                 \u00c4rmell\u00e4nge<br \/>\n                 Lang<br \/>\n                 Kurz<br \/>\n                 Kurz<br \/>\n                 Kurz<br \/>\n                 Lang   <\/p>\n<p>                 100% Baumwolle<br \/>\n                 \u2713<br \/>\n                 \u2713<br \/>\n                 \u2713<br \/>\n                 \u2713<br \/>\n                 \u2713   <\/p>\n<p>                 Gesticktes Logo<br \/>\n                 \u2713<br \/>\n                 \u2713<br \/>\n                 \u2713<br \/>\n                 \u2713<br \/>\n                 \u2713   <\/p>\n<p>                 Kn\u00f6pfe<br \/>\n                 \u2713<br \/>\n                 \u2713<br \/>\n                 \u2713   <\/p>\n<p>                 \u2713   <\/p>\n<p>              <img decoding=\"async\" alt=\"Size chart for men's shirts\" src=\"https:\/\/images-na.ssl-images-amazon.com\/images\/G\/01\/x-locale\/common\/grey-pixel.gif\" class=\"a-lazy-loaded\" data-src=\"https:\/\/m.media-amazon.com\/images\/S\/aplus-media\/sota\/692639ac-f3aa-4fb4-a479-5274957e9b03.__CR0,58,1280,396_PT0_SX970_V1___.jpg\"><\/p>\n<p>               <img decoding=\"async\" alt=\"Size chart for men's shirts\" src=\"https:\/\/m.media-amazon.com\/images\/S\/aplus-media\/sota\/692639ac-f3aa-4fb4-a479-5274957e9b03.__CR0,58,1280,396_PT0_SX970_V1___.jpg\"><\/p>\n<p> Verpackungsabmessungen \u200f : \u200e  36.4 x 25.1 x 6.2 cm; 170 Gramm <br \/> Im Angebot von Amazon.de seit \u200f : \u200e  1. Oktober 2021 <br \/> Hersteller \u200f : \u200e  GANT <br \/> ASIN \u200f : \u200e  B09HMYBFQW <br \/> Modellnummer \u200f : \u200e  2003138 <br \/> Kategorie \u200f : \u200e  Herren <\/p>\n<p>[ad_2]<\/p>\n","protected":false},"excerpt":{"rendered":"<p>Price: [price_with_discount](as of [price_update_date] &#8211; Details) [ad_1] Produktbeschreibung des Herstellers Die Lifestylemarke GANT steht f\u00fcr die Kombination von europ\u00e4ischer Eleganz und American Sportswear In der N\u00e4he der Yale Universit\u00e4t gegr\u00fcndet,<\/p>\n","protected":false},"featured_media":29363,"comment_status":"open","ping_status":"closed","template":"","meta":[],"product_cat":[231],"product_tag":[],"class_list":{"0":"post-29362","1":"product","2":"type-product","3":"status-publish","4":"has-post-thumbnail","6":"product_cat-mens-fashion","8":"first","9":"instock","10":"shipping-taxable","11":"product-type-external"},"aioseo_notices":[],"_links":{"self":[{"href":"https:\/\/topgetestet.de\/index.php?rest_route=\/wp\/v2\/product\/29362","targetHints":{"allow":["GET"]}}],"collection":[{"href":"https:\/\/topgetestet.de\/index.php?rest_route=\/wp\/v2\/product"}],"about":[{"href":"https:\/\/topgetestet.de\/index.php?rest_route=\/wp\/v2\/types\/product"}],"replies":[{"embeddable":true,"href":"https:\/\/topgetestet.de\/index.php?rest_route=%2Fwp%2Fv2%2Fcomments&post=29362"}],"wp:featuredmedia":[{"embeddable":true,"href":"https:\/\/topgetestet.de\/index.php?rest_route=\/wp\/v2\/media\/29363"}],"wp:attachment":[{"href":"https:\/\/topgetestet.de\/index.php?rest_route=%2Fwp%2Fv2%2Fmedia&parent=29362"}],"wp:term":[{"taxonomy":"product_cat","embeddable":true,"href":"https:\/\/topgetestet.de\/index.php?rest_route=%2Fwp%2Fv2%2Fproduct_cat&post=29362"},{"taxonomy":"product_tag","embeddable":true,"href":"https:\/\/topgetestet.de\/index.php?rest_route=%2Fwp%2Fv2%2Fproduct_tag&post=29362"}],"curies":[{"name":"wp","href":"https:\/\/api.w.org\/{rel}","templated":true}]}}