{"id":29255,"date":"2022-09-25T23:28:06","date_gmt":"2022-09-25T23:28:06","guid":{"rendered":"https:\/\/topgetestet.de\/?product=credo-hornhaut-safetyhobel-pop-art-verchromt-orange"},"modified":"2022-09-25T23:28:06","modified_gmt":"2022-09-25T23:28:06","slug":"credo-hornhaut-safetyhobel-pop-art-verchromt-orange","status":"publish","type":"product","link":"https:\/\/topgetestet.de\/?product=credo-hornhaut-safetyhobel-pop-art-verchromt-orange","title":{"rendered":"CREDO Hornhaut Safetyhobel POP ART, verchromt, orange"},"content":{"rendered":"<p>Price: <span style=\"color:#b12704\">[price_with_discount]<\/span><br \/><i><small>(as of [price_update_date] &#8211; <span class=\"wp_automatic_amazon_disclaimer\" title=\"Product prices and availability are accurate as of the date\/time indicated and are subject to change. Any price and availability information displayed on [relevant Amazon Site(s), as applicable] at the time of purchase will apply to the purchase of this product.\">Details<\/span>)<\/small><\/i><\/p>\n<p><a href=\"https:\/\/amazon.de\/dp\/B082LG4BJ9?tag=topgetestet09-21\"><img decoding=\"async\" src=\"https:\/\/i.imgur.com\/ISRHEWs.png\"><\/a><br \/>\n[ad_1]<br \/>\n <span>Der CREDO PopArt &#8220;Safety&#8221;-Hornhauthobel kann als die Vollendung der technischen Entwicklung eines Hornhauthobels bezeichnet werden: Die original CREDO-Hobelklinge liegt gesch\u00fctzt in einem Plastikclip, der das Wechseln der Klinge besonders sicher gestaltet. Die genau bema\u00dfte Kr\u00fcmmung des Clips garantiert eine Abtragung der Hornhaut von max. ca. 0,6mm und damit eine sehr sichere Handhabung. Die Safety-Klinge kann gedreht werden und damit je Fu\u00df eine Klingenseite zum Einsatz kommen. Die Bezeichnung &#8220;L\u00e4ngshobel&#8221; erhielt dieser Hornhauthobel da er &#8220;l\u00e4ngs&#8221; zu seinem Griff eingesetzt wird. Auschlie\u00dflich die CREDO Safety-Klingen im 6er Vorratspack passen zu diesem Hobel. Die Klingen sollten nach jeder Verwendung entsorgt werden um eine m\u00f6gliche \u00dcbertragung von Keimen und Bakterien auf andere Verwender zu vermeiden. Nicht in der Toilette absp\u00fclen sondern im Hausm\u00fcll entsorgen. In bunten PopArt Farben erh\u00e4ltlich. Griff aus ABS-Kunststoff. F\u00fcr Nickel-Allergiker geeignet. Diabetiker und Bluter sollten vor der Verwendung Ihren Arzt konsultieren. Verpackt im Blister. Made in Solingen, Germany.<\/span> <br \/>Die genau bema\u00dfte Kr\u00fcmmung des Clips garantiert eine Abtragung der Hornhaut von max. ca. 0,6mm und damit eine sehr sichere Handhabung.<br \/>Die Safety-Klinge kann gedreht werden und damit je Fu\u00df eine Klingenseite zum Einsatz kommen.<br \/>Die Klingen sollten nach jeder Verwendung entsorgt werden um eine m\u00f6gliche \u00dcbertragung von Keimen und Bakterien auf andere Verwender zu vermeiden.<br \/>Made in Solingen, Germany.<br \/>\n<br \/>[ad_2]<\/p>\n","protected":false},"excerpt":{"rendered":"<p>Price: [price_with_discount](as of [price_update_date] &#8211; Details) [ad_1] Der CREDO PopArt &#8220;Safety&#8221;-Hornhauthobel kann als die Vollendung der technischen Entwicklung eines Hornhauthobels bezeichnet werden: Die original CREDO-Hobelklinge liegt gesch\u00fctzt in einem Plastikclip,<\/p>\n","protected":false},"featured_media":29256,"comment_status":"open","ping_status":"closed","template":"","meta":[],"product_cat":[228],"product_tag":[237],"class_list":{"0":"post-29255","1":"product","2":"type-product","3":"status-publish","4":"has-post-thumbnail","6":"product_cat-beauty","7":"product_tag-personal-care","9":"first","10":"instock","11":"shipping-taxable","12":"product-type-external"},"aioseo_notices":[],"_links":{"self":[{"href":"https:\/\/topgetestet.de\/index.php?rest_route=\/wp\/v2\/product\/29255","targetHints":{"allow":["GET"]}}],"collection":[{"href":"https:\/\/topgetestet.de\/index.php?rest_route=\/wp\/v2\/product"}],"about":[{"href":"https:\/\/topgetestet.de\/index.php?rest_route=\/wp\/v2\/types\/product"}],"replies":[{"embeddable":true,"href":"https:\/\/topgetestet.de\/index.php?rest_route=%2Fwp%2Fv2%2Fcomments&post=29255"}],"wp:featuredmedia":[{"embeddable":true,"href":"https:\/\/topgetestet.de\/index.php?rest_route=\/wp\/v2\/media\/29256"}],"wp:attachment":[{"href":"https:\/\/topgetestet.de\/index.php?rest_route=%2Fwp%2Fv2%2Fmedia&parent=29255"}],"wp:term":[{"taxonomy":"product_cat","embeddable":true,"href":"https:\/\/topgetestet.de\/index.php?rest_route=%2Fwp%2Fv2%2Fproduct_cat&post=29255"},{"taxonomy":"product_tag","embeddable":true,"href":"https:\/\/topgetestet.de\/index.php?rest_route=%2Fwp%2Fv2%2Fproduct_tag&post=29255"}],"curies":[{"name":"wp","href":"https:\/\/api.w.org\/{rel}","templated":true}]}}