{"id":29190,"date":"2022-09-25T23:12:23","date_gmt":"2022-09-25T23:12:23","guid":{"rendered":"https:\/\/topgetestet.de\/?product=eurotondisplay-mh-2-schaufensterpuppe-mannequin-figur-mannlich"},"modified":"2022-09-25T23:12:23","modified_gmt":"2022-09-25T23:12:23","slug":"eurotondisplay-mh-2-schaufensterpuppe-mannequin-figur-mannlich","status":"publish","type":"product","link":"https:\/\/topgetestet.de\/?product=eurotondisplay-mh-2-schaufensterpuppe-mannequin-figur-mannlich","title":{"rendered":"Eurotondisplay MH-2 Schaufensterpuppe Mannequin Figur m\u00e4nnlich"},"content":{"rendered":"<p>Price: <span style=\"color:#b12704\">[price_with_discount]<\/span><br \/><i><small>(as of [price_update_date] &#8211; <span class=\"wp_automatic_amazon_disclaimer\" title=\"Product prices and availability are accurate as of the date\/time indicated and are subject to change. Any price and availability information displayed on [relevant Amazon Site(s), as applicable] at the time of purchase will apply to the purchase of this product.\">Details<\/span>)<\/small><\/i><\/p>\n<p><a href=\"https:\/\/amazon.de\/dp\/B008BSU102?tag=topgetestet09-21\"><img decoding=\"async\" src=\"https:\/\/i.imgur.com\/ISRHEWs.png\"><\/a><br \/>\n[ad_1]<br \/>\n <span>K\u00f6rpergr\u00f6\u00dfe 195cm Schulterbreite 50cm Brustumfang 99cm Taillenumfang 80cm H\u00fcftungumfang 94cm <\/span><br \/>Lebensechte Figur &#8211; Eine gute schlanke sportliche m\u00e4nnliche Schaufensterfigur mit nat\u00fcrlicher Hautfarbe und naturgetreuem Aussehen, langen Wimpern und naturgetreuen Pupillen, zudem imitiert ihr K\u00f6rper die menschliche Knochenstruktur. Wirkt sehr realistisch und zieht zahlreiche Blicke auf sich<br \/>Sicher und haltbar &#8211; Durch den Wadendorn aus Aluminium wird die Puppe mit dem Glas-Standfu\u00df verbunden. Die Gute Stabilit\u00e4t wird gew\u00e4hrleistet, die Puppe kann nicht leicht umfallen. Dank des Designs und Materials ist die Schaufensterfigur leicht zu zerlegen und zu transportieren<br \/>Modernes Design &#8211; Die Puppe f\u00fcgt sich locker in jeder Art der Kleidung ein, ist sehr gut zum Aufstellen von Mode und Accessoires geeignet, ein toller Anblick f\u00fcr Schaufenster, Haus, Party, Ausstellungen usw. Auch zum Fotografieren im Fotostudio. Man kann ihr Schuhe anziehen<br \/>K\u00f6rpergr\u00f6\u00dfe 190cm Schulterbreite 47cm Brustumfang 99cm Taillenumfang 80cm H\u00fcftungumfang 98cm<br \/>\n<br \/>[ad_2]<\/p>\n","protected":false},"excerpt":{"rendered":"<p>Price: [price_with_discount](as of [price_update_date] &#8211; Details) [ad_1] K\u00f6rpergr\u00f6\u00dfe 195cm Schulterbreite 50cm Brustumfang 99cm Taillenumfang 80cm H\u00fcftungumfang 94cm Lebensechte Figur &#8211; Eine gute schlanke sportliche m\u00e4nnliche Schaufensterfigur mit nat\u00fcrlicher Hautfarbe und<\/p>\n","protected":false},"featured_media":29191,"comment_status":"open","ping_status":"closed","template":"","meta":[],"product_cat":[230],"product_tag":[260],"class_list":{"0":"post-29190","1":"product","2":"type-product","3":"status-publish","4":"has-post-thumbnail","6":"product_cat-fashion","7":"product_tag-clothing-shoes-jewelry","9":"first","10":"instock","11":"shipping-taxable","12":"product-type-external"},"aioseo_notices":[],"_links":{"self":[{"href":"https:\/\/topgetestet.de\/index.php?rest_route=\/wp\/v2\/product\/29190","targetHints":{"allow":["GET"]}}],"collection":[{"href":"https:\/\/topgetestet.de\/index.php?rest_route=\/wp\/v2\/product"}],"about":[{"href":"https:\/\/topgetestet.de\/index.php?rest_route=\/wp\/v2\/types\/product"}],"replies":[{"embeddable":true,"href":"https:\/\/topgetestet.de\/index.php?rest_route=%2Fwp%2Fv2%2Fcomments&post=29190"}],"wp:featuredmedia":[{"embeddable":true,"href":"https:\/\/topgetestet.de\/index.php?rest_route=\/wp\/v2\/media\/29191"}],"wp:attachment":[{"href":"https:\/\/topgetestet.de\/index.php?rest_route=%2Fwp%2Fv2%2Fmedia&parent=29190"}],"wp:term":[{"taxonomy":"product_cat","embeddable":true,"href":"https:\/\/topgetestet.de\/index.php?rest_route=%2Fwp%2Fv2%2Fproduct_cat&post=29190"},{"taxonomy":"product_tag","embeddable":true,"href":"https:\/\/topgetestet.de\/index.php?rest_route=%2Fwp%2Fv2%2Fproduct_tag&post=29190"}],"curies":[{"name":"wp","href":"https:\/\/api.w.org\/{rel}","templated":true}]}}