{"id":29122,"date":"2022-09-25T22:31:07","date_gmt":"2022-09-25T22:31:07","guid":{"rendered":"https:\/\/topgetestet.de\/?product=s-oliver-damen-5-5-28126-26-601-flache-sandale"},"modified":"2022-09-25T22:31:07","modified_gmt":"2022-09-25T22:31:07","slug":"s-oliver-damen-5-5-28126-26-601-flache-sandale","status":"publish","type":"product","link":"https:\/\/topgetestet.de\/?product=s-oliver-damen-5-5-28126-26-601-flache-sandale","title":{"rendered":"s.Oliver Damen 5-5-28126-26 601 Flache Sandale"},"content":{"rendered":"<p>Price: <span style=\"color:#b12704\">[price_with_discount]<\/span><br \/><i><small>(as of [price_update_date] &#8211; <span class=\"wp_automatic_amazon_disclaimer\" title=\"Product prices and availability are accurate as of the date\/time indicated and are subject to change. Any price and availability information displayed on [relevant Amazon Site(s), as applicable] at the time of purchase will apply to the purchase of this product.\">Details<\/span>)<\/small><\/i><\/p>\n<p><a href=\"https:\/\/amazon.de\/dp\/B089NXN355?tag=topgetestet09-21\"><img decoding=\"async\" src=\"https:\/\/i.imgur.com\/ISRHEWs.png\"><\/a><br \/>\n[ad_1]<\/p>\n<p>       Produktbeschreibung des Herstellers <\/p>\n<p>          <img decoding=\"async\" alt=\"s.Oliver Shoes\" src=\"https:\/\/images-na.ssl-images-amazon.com\/images\/G\/01\/x-locale\/common\/grey-pixel.gif\" class=\"a-lazy-loaded\" data-src=\"https:\/\/m.media-amazon.com\/images\/S\/aplus-media\/vc\/5182ff61-03bc-4beb-a3fe-ab7fe0e8d071.__CR0,0,1250,375_PT0_SX600_V1___.png\"><\/p>\n<p>           <img decoding=\"async\" alt=\"s.Oliver Shoes\" src=\"https:\/\/m.media-amazon.com\/images\/S\/aplus-media\/vc\/5182ff61-03bc-4beb-a3fe-ab7fe0e8d071.__CR0,0,1250,375_PT0_SX600_V1___.png\"><\/p>\n<p>              <img decoding=\"async\" alt=\"s.Oliver Shoes\" src=\"https:\/\/images-na.ssl-images-amazon.com\/images\/G\/01\/x-locale\/common\/grey-pixel.gif\" class=\"a-lazy-loaded\" data-src=\"https:\/\/m.media-amazon.com\/images\/S\/aplus-media\/vc\/584cb1fa-e7bd-4bfc-8edb-c8dde1edaf47.__CR0,0,300,300_PT0_SX300_V1___.png\"><\/p>\n<p>               <img decoding=\"async\" alt=\"s.Oliver Shoes\" src=\"https:\/\/m.media-amazon.com\/images\/S\/aplus-media\/vc\/584cb1fa-e7bd-4bfc-8edb-c8dde1edaf47.__CR0,0,300,300_PT0_SX300_V1___.png\"><\/p>\n<h3 class=\"a-spacing-mini\"> s.Oliver \u2013 Eine Marke f\u00fcr die ganze Familie <\/h3>\n<p> s.Oliver f\u00fcllt Ihre W\u00fcnsche mit Leben und pr\u00e4sentiert Mode f\u00fcr die gesamte Familie, stets mit besonderem Fokus auf Tragbarkeit. <\/p>\n<p> Moderne Styles, die allen Anforderungen des Alltags gerecht werden und dabei stets den modischen Anspruch im Auge behalten. <\/p>\n<p> Die Marke ist l\u00e4ssig, authentisch und leicht zu kombinieren. Dabei zeigt sie sich modern, farbenfroh und sportiv. <\/p>\n<p> Eine Kollektion, mit der sich garantiert jeder wohl f\u00fchlt. <\/p>\n<h3 class=\"a-spacing-small\"> Produkttechnologie <\/h3>\n<p> <img decoding=\"async\" alt=\"s.Oliver Shoes\" src=\"https:\/\/images-na.ssl-images-amazon.com\/images\/G\/01\/x-locale\/common\/grey-pixel.gif\" class=\"a-lazy-loaded\" data-src=\"https:\/\/m.media-amazon.com\/images\/S\/aplus-media\/vc\/46761484-2be2-4954-b5b9-b03496af6a0b.__CR0,0,220,220_PT0_SX220_V1___.png\">\n                     <\/p>\n<p>                      <img decoding=\"async\" alt=\"s.Oliver Shoes\" src=\"https:\/\/m.media-amazon.com\/images\/S\/aplus-media\/vc\/46761484-2be2-4954-b5b9-b03496af6a0b.__CR0,0,220,220_PT0_SX220_V1___.png\"><\/p>\n<p> <img decoding=\"async\" alt=\"s.Oliver Shoes\" src=\"https:\/\/images-na.ssl-images-amazon.com\/images\/G\/01\/x-locale\/common\/grey-pixel.gif\" class=\"a-lazy-loaded\" data-src=\"https:\/\/m.media-amazon.com\/images\/S\/aplus-media\/vc\/1b9fe832-b97c-49d6-9c82-ee693fff3b3c.__CR0,0,220,220_PT0_SX220_V1___.png\">\n                     <\/p>\n<p>                      <img decoding=\"async\" alt=\"s.Oliver Shoes\" src=\"https:\/\/m.media-amazon.com\/images\/S\/aplus-media\/vc\/1b9fe832-b97c-49d6-9c82-ee693fff3b3c.__CR0,0,220,220_PT0_SX220_V1___.png\"><\/p>\n<p> <img decoding=\"async\" alt=\"s.Oliver Shoes\" src=\"https:\/\/images-na.ssl-images-amazon.com\/images\/G\/01\/x-locale\/common\/grey-pixel.gif\" class=\"a-lazy-loaded\" data-src=\"https:\/\/m.media-amazon.com\/images\/S\/aplus-media\/vc\/4280aa7a-c890-4694-b593-43c17d1e5fcb.__CR0,0,220,220_PT0_SX220_V1___.png\">\n                     <\/p>\n<p>                      <img decoding=\"async\" alt=\"s.Oliver Shoes\" src=\"https:\/\/m.media-amazon.com\/images\/S\/aplus-media\/vc\/4280aa7a-c890-4694-b593-43c17d1e5fcb.__CR0,0,220,220_PT0_SX220_V1___.png\"><\/p>\n<p> <img decoding=\"async\" alt=\"s.Oliver Shoes\" src=\"https:\/\/images-na.ssl-images-amazon.com\/images\/G\/01\/x-locale\/common\/grey-pixel.gif\" class=\"a-lazy-loaded\" data-src=\"https:\/\/m.media-amazon.com\/images\/S\/aplus-media\/vc\/ad2e5dae-be18-4571-a89f-e5325e697af2.__CR0,0,220,220_PT0_SX220_V1___.png\">\n                     <\/p>\n<p>                      <img decoding=\"async\" alt=\"s.Oliver Shoes\" src=\"https:\/\/m.media-amazon.com\/images\/S\/aplus-media\/vc\/ad2e5dae-be18-4571-a89f-e5325e697af2.__CR0,0,220,220_PT0_SX220_V1___.png\"><\/p>\n<p>                     SOFT FOAM  <\/p>\n<p class=\"a-size-small\"> Mit unserer SOFT FOAM Sohle wird das Laufen noch bequemer &#8211; und zwar den ganzen Tag \u00fcber! Daf\u00fcr sorgt eine weiche Schaumschicht zwischen Deck- und Brandsohle, die sich der Fu\u00dfform optimal und individuell anpasst. <\/p>\n<p> Verpackungsabmessungen \u200f : \u200e  1 x 1 x 1 cm; 1 Kilogramm <br \/> Im Angebot von Amazon.de seit \u200f : \u200e  4. Juni 2020 <br \/> Hersteller \u200f : \u200e  shoe.com GmbH &#038; Co. KG <br \/> ASIN \u200f : \u200e  B089NWV6LB <br \/> Modellnummer \u200f : \u200e  5-5-28126-26 601 <br \/> Kategorie \u200f : \u200e  Damen <\/p>\n<p>[ad_2]<\/p>\n","protected":false},"excerpt":{"rendered":"<p>Price: [price_with_discount](as of [price_update_date] &#8211; Details) [ad_1] Produktbeschreibung des Herstellers s.Oliver \u2013 Eine Marke f\u00fcr die ganze Familie s.Oliver f\u00fcllt Ihre W\u00fcnsche mit Leben und pr\u00e4sentiert Mode f\u00fcr die gesamte<\/p>\n","protected":false},"featured_media":29123,"comment_status":"open","ping_status":"closed","template":"","meta":[],"product_cat":[230],"product_tag":[266],"class_list":{"0":"post-29122","1":"product","2":"type-product","3":"status-publish","4":"has-post-thumbnail","6":"product_cat-fashion","7":"product_tag-womens-fashion-sneakers","9":"first","10":"instock","11":"shipping-taxable","12":"product-type-external"},"aioseo_notices":[],"_links":{"self":[{"href":"https:\/\/topgetestet.de\/index.php?rest_route=\/wp\/v2\/product\/29122","targetHints":{"allow":["GET"]}}],"collection":[{"href":"https:\/\/topgetestet.de\/index.php?rest_route=\/wp\/v2\/product"}],"about":[{"href":"https:\/\/topgetestet.de\/index.php?rest_route=\/wp\/v2\/types\/product"}],"replies":[{"embeddable":true,"href":"https:\/\/topgetestet.de\/index.php?rest_route=%2Fwp%2Fv2%2Fcomments&post=29122"}],"wp:featuredmedia":[{"embeddable":true,"href":"https:\/\/topgetestet.de\/index.php?rest_route=\/wp\/v2\/media\/29123"}],"wp:attachment":[{"href":"https:\/\/topgetestet.de\/index.php?rest_route=%2Fwp%2Fv2%2Fmedia&parent=29122"}],"wp:term":[{"taxonomy":"product_cat","embeddable":true,"href":"https:\/\/topgetestet.de\/index.php?rest_route=%2Fwp%2Fv2%2Fproduct_cat&post=29122"},{"taxonomy":"product_tag","embeddable":true,"href":"https:\/\/topgetestet.de\/index.php?rest_route=%2Fwp%2Fv2%2Fproduct_tag&post=29122"}],"curies":[{"name":"wp","href":"https:\/\/api.w.org\/{rel}","templated":true}]}}