{"id":28853,"date":"2022-09-25T21:45:37","date_gmt":"2022-09-25T21:45:37","guid":{"rendered":"https:\/\/topgetestet.de\/?product=stereo-bluetooth-dual-pod-earbuds-lcd-cool-air-pro-weis"},"modified":"2022-09-25T21:45:37","modified_gmt":"2022-09-25T21:45:37","slug":"stereo-bluetooth-dual-pod-earbuds-lcd-cool-air-pro-weis","status":"publish","type":"product","link":"https:\/\/topgetestet.de\/?product=stereo-bluetooth-dual-pod-earbuds-lcd-cool-air-pro-weis","title":{"rendered":"Stereo Bluetooth Dual POD Earbuds LCD Cool Air Pro Wei\u00df"},"content":{"rendered":"<p>Price: <span style=\"color:#b12704\">[price_with_discount]<\/span><br \/><i><small>(as of [price_update_date] &#8211; <span class=\"wp_automatic_amazon_disclaimer\" title=\"Product prices and availability are accurate as of the date\/time indicated and are subject to change. Any price and availability information displayed on [relevant Amazon Site(s), as applicable] at the time of purchase will apply to the purchase of this product.\">Details<\/span>)<\/small><\/i><\/p>\n<p><a href=\"https:\/\/amazon.de\/dp\/B08Z8J6VB9?tag=topgetestet09-21\"><img decoding=\"async\" src=\"https:\/\/i.imgur.com\/ISRHEWs.png\"><\/a><br \/>\n[ad_1]<br \/>\n <span>Cool Air Pro Bluetooth-Kopfh\u00f6rer, kabellos. Verbesserte Version mit neuem Bluetooth 5.0 Chip (Musik und Anrufe durch die 2 Kopfh\u00f6rer). Bluetooth Stereo-Kopfh\u00f6rer zum Musikh\u00f6ren und Telefonieren dank Bluetooth-Verbindung. Neues, kompaktes Design, mit LCD-Display zeigt den Akku-Pegel an. Kabelsalat wird ein Problem der Vergangenheit sein, denn diese kabellosen Kopfh\u00f6rer bieten Ihnen ein vielseitiges und komfortables Zubeh\u00f6r. Einzigartiger Sound: Die Dual Pod Kopfh\u00f6rer sind ein Muss f\u00fcr alle Musikliebhaber. Mit tiefen, intensiven B\u00e4ssen und klaren H\u00f6hen h\u00f6ren Sie Ihre Lieblings-Playliste wie noch nie zuvor geh\u00f6rt. Eigenschaften: Bluetooth UNIVERSAL V 5.0 Technologie Kompatibel mit iOs und Android. Akku: Li-Ion Wiederaufladbare Kopfh\u00f6rer 30mAh Ladeger\u00e4t: 300 mAh Akkulaufzeit: 3-4 Stunden (bis zu 12 Stunden bei Eingabe der Ladestation) Akkulaufzeit im Standby: bis zu 72 Stunden Touch-Steuerung. Funktionen: Pause, Lautst\u00e4rkereduzierung, SIRI, Anruf Bluetooth-Reichweite: bis zu 12-15 Meter Bluetooth-Modus: A2DP1.3\/HFP1.6\/HSP1.2\/AVRCP1.6\/D113 Frequenz: 2. .4 GHz V. Ladespannung: 5 V Die Box wird in einer Stunde vollst\u00e4ndig aufgeladen. Das digitale Display zeigt an, dass der Ladevorgang vollst\u00e4ndig ist, wenn die Nummer 100 angezeigt wird. Bedienungsanleitung: Spanisch und Englisch. Wie setzen Sie sie ein? Um diese COOL Air Pro aufzuladen, m\u00fcssen wir das erste, was wir tun m\u00fcssen, ist, die Basis ohne die Kopfh\u00f6rer voll aufzuladen, nachdem wir 100% aufgeladen haben, f\u00fchren wir die Helme ein, damit diese aufgeladen werden und die Basis wird vom Ladekabel getrennt. \u00d6ffnen Sie die obere Abdeckung der Ladekaste. Nehmen Sie das Headset und verbinden Sie es automatisch. \u00d6ffnen Sie die Bluetooth-Einstellungen des Handys\/Ger\u00e4ts, suchen Sie nach &#8220;COOL Air Pro&#8221; und verbinden Sie das Bluetooth. Legen Sie das Headset in die Ladebox und es wird ausgeschaltet. Wenn sich das COOL Air Pro Headset innerhalb von 5 Minuten nicht mit dem Bluetooth-Ger\u00e4t verbindet, schaltet es sich automatisch aus. Falls einer der 2 Kopfh\u00f6rer ist, wird es desynchron gemacht. Die Kopfh\u00f6rer m\u00fcssen wieder in die Ladebox gesteckt werden. Trennen Sie das Bluetooth vom Handy. Verbinden Sie jetzt das Bluetooth Ihres Handys. Nehmen Sie die Kopfh\u00f6rer wieder heraus, geben Sie ihm ein paar Sekunden zum Synchronisieren. Und legen Sie sie 2 in die Ohren, damit die Kopfh\u00f6rer direkt erkennen, dass sie verwendet werden. Um die Lautst\u00e4rke in der Musik zu erh\u00f6hen: im rechten Headset, im Touch-Bereich 2 mal dr\u00fccken. Und um die Lautst\u00e4rke zu verringern, dr\u00fccken Sie auf den Touch-Bereich, 2 mal.<\/span> <br \/>COOL Air Pro Bluetooth Kopfh\u00f6rer<br \/>Universale Bluetooth-Technologie V 5.0.<br \/>Kompatibel mit iOS und Android.<br \/>LCD-Display zeigt den Batteriestand an.<br \/>Funktionen: Pause, Lautst\u00e4rkeregler, Lautst\u00e4rkeregler, SIRI, Anruf<br \/>\n<br \/>[ad_2]<\/p>\n","protected":false},"excerpt":{"rendered":"<p>Price: [price_with_discount](as of [price_update_date] &#8211; Details) [ad_1] Cool Air Pro Bluetooth-Kopfh\u00f6rer, kabellos. Verbesserte Version mit neuem Bluetooth 5.0 Chip (Musik und Anrufe durch die 2 Kopfh\u00f6rer). Bluetooth Stereo-Kopfh\u00f6rer zum Musikh\u00f6ren<\/p>\n","protected":false},"featured_media":28854,"comment_status":"open","ping_status":"closed","template":"","meta":[],"product_cat":[225],"product_tag":[],"class_list":{"0":"post-28853","1":"product","2":"type-product","3":"status-publish","4":"has-post-thumbnail","6":"product_cat-electronics","8":"first","9":"instock","10":"shipping-taxable","11":"product-type-external"},"aioseo_notices":[],"_links":{"self":[{"href":"https:\/\/topgetestet.de\/index.php?rest_route=\/wp\/v2\/product\/28853","targetHints":{"allow":["GET"]}}],"collection":[{"href":"https:\/\/topgetestet.de\/index.php?rest_route=\/wp\/v2\/product"}],"about":[{"href":"https:\/\/topgetestet.de\/index.php?rest_route=\/wp\/v2\/types\/product"}],"replies":[{"embeddable":true,"href":"https:\/\/topgetestet.de\/index.php?rest_route=%2Fwp%2Fv2%2Fcomments&post=28853"}],"wp:featuredmedia":[{"embeddable":true,"href":"https:\/\/topgetestet.de\/index.php?rest_route=\/wp\/v2\/media\/28854"}],"wp:attachment":[{"href":"https:\/\/topgetestet.de\/index.php?rest_route=%2Fwp%2Fv2%2Fmedia&parent=28853"}],"wp:term":[{"taxonomy":"product_cat","embeddable":true,"href":"https:\/\/topgetestet.de\/index.php?rest_route=%2Fwp%2Fv2%2Fproduct_cat&post=28853"},{"taxonomy":"product_tag","embeddable":true,"href":"https:\/\/topgetestet.de\/index.php?rest_route=%2Fwp%2Fv2%2Fproduct_tag&post=28853"}],"curies":[{"name":"wp","href":"https:\/\/api.w.org\/{rel}","templated":true}]}}