{"id":28846,"date":"2022-09-25T21:45:01","date_gmt":"2022-09-25T21:45:01","guid":{"rendered":"https:\/\/topgetestet.de\/?product=hd-kamera-playstation-5"},"modified":"2022-09-25T21:45:01","modified_gmt":"2022-09-25T21:45:01","slug":"hd-kamera-playstation-5","status":"publish","type":"product","link":"https:\/\/topgetestet.de\/?product=hd-kamera-playstation-5","title":{"rendered":"HD-Kamera [PlayStation 5]"},"content":{"rendered":"<p>Price: <span style=\"color:#b12704\">[price_with_discount]<\/span><br \/><i><small>(as of [price_update_date] &#8211; <span class=\"wp_automatic_amazon_disclaimer\" title=\"Product prices and availability are accurate as of the date\/time indicated and are subject to change. Any price and availability information displayed on [relevant Amazon Site(s), as applicable] at the time of purchase will apply to the purchase of this product.\">Details<\/span>)<\/small><\/i><\/p>\n<p><a href=\"https:\/\/amazon.de\/dp\/B08H9724CC?tag=topgetestet09-21\"><img decoding=\"async\" src=\"https:\/\/i.imgur.com\/ISRHEWs.png\"><\/a><br \/>\n[ad_1]<br \/>\n <span>Internetverbindung und PlayStation Network-Konto erforderlich. Kontoinhaber m\u00fcssen mindestens 7 Jahre alt sein, Personen unter 18 Jahren ben\u00f6tigen die Zustimmung eines Erziehungsberechtigten. Es gelten die vollst\u00e4ndigen Nutzungsbedingungen: playstation.com\/PSNTerms. F\u00fcr Streamingdienste ist ein Drittanbieter-Konto erforderlich.<\/span> <br \/> Alterseinstufung \u200f : \u200e  Unbekannt <br \/> Sprache \u200f : \u200e  Deutsch <br \/> Handbuch \u200f : \u200e  Deutsch <br \/> Produktabmessungen \u200f : \u200e  19.8 x 12.1 x 7 cm; 303 Gramm <br \/> Erscheinungstermin \u200f : \u200e  12. November 2020 <br \/> Untertitel: \u200f : \u200e  Deutsch <br \/> ASIN \u200f : \u200e  B08H9724CC <br \/> Modellnummer \u200f : \u200e  9321200 <br \/> Herkunftsland \u200f : \u200e  Deutschland <\/p>\n<p>Nimm dich selbst in fl\u00fcssigem und scharfem Full-HD mit den Dual-Weitwinkelobjektiven der Kamera auf, wenn du besonders epische Gaming-Momente erlebst<br \/>Sie arbeitet nahtlos mit den Tools zum Entfernen des Hintergrunds der PS5 zusammen, damit du im Rampenlicht stehst. Erstelle mit der Create-Taste des DualSense Wireless-Controllers sofort Aufnahmen oder streame dich und dein Gameplay.<br \/>\n<br \/>[ad_2]<\/p>\n","protected":false},"excerpt":{"rendered":"<p>Price: [price_with_discount](as of [price_update_date] &#8211; Details) [ad_1] Internetverbindung und PlayStation Network-Konto erforderlich. Kontoinhaber m\u00fcssen mindestens 7 Jahre alt sein, Personen unter 18 Jahren ben\u00f6tigen die Zustimmung eines Erziehungsberechtigten. Es gelten<\/p>\n","protected":false},"featured_media":28847,"comment_status":"open","ping_status":"closed","template":"","meta":[],"product_cat":[227],"product_tag":[264],"class_list":{"0":"post-28846","1":"product","2":"type-product","3":"status-publish","4":"has-post-thumbnail","6":"product_cat-gaming","7":"product_tag-playstation-4-accessories","9":"first","10":"instock","11":"sale","12":"shipping-taxable","13":"product-type-external"},"aioseo_notices":[],"_links":{"self":[{"href":"https:\/\/topgetestet.de\/index.php?rest_route=\/wp\/v2\/product\/28846","targetHints":{"allow":["GET"]}}],"collection":[{"href":"https:\/\/topgetestet.de\/index.php?rest_route=\/wp\/v2\/product"}],"about":[{"href":"https:\/\/topgetestet.de\/index.php?rest_route=\/wp\/v2\/types\/product"}],"replies":[{"embeddable":true,"href":"https:\/\/topgetestet.de\/index.php?rest_route=%2Fwp%2Fv2%2Fcomments&post=28846"}],"wp:featuredmedia":[{"embeddable":true,"href":"https:\/\/topgetestet.de\/index.php?rest_route=\/wp\/v2\/media\/28847"}],"wp:attachment":[{"href":"https:\/\/topgetestet.de\/index.php?rest_route=%2Fwp%2Fv2%2Fmedia&parent=28846"}],"wp:term":[{"taxonomy":"product_cat","embeddable":true,"href":"https:\/\/topgetestet.de\/index.php?rest_route=%2Fwp%2Fv2%2Fproduct_cat&post=28846"},{"taxonomy":"product_tag","embeddable":true,"href":"https:\/\/topgetestet.de\/index.php?rest_route=%2Fwp%2Fv2%2Fproduct_tag&post=28846"}],"curies":[{"name":"wp","href":"https:\/\/api.w.org\/{rel}","templated":true}]}}