{"id":28769,"date":"2022-09-25T21:34:16","date_gmt":"2022-09-25T21:34:16","guid":{"rendered":"https:\/\/topgetestet.de\/?product=alan-wake-remastered-ps4"},"modified":"2022-09-25T21:34:16","modified_gmt":"2022-09-25T21:34:16","slug":"alan-wake-remastered-ps4","status":"publish","type":"product","link":"https:\/\/topgetestet.de\/?product=alan-wake-remastered-ps4","title":{"rendered":"Alan Wake Remastered &#8211; PS4"},"content":{"rendered":"<p>Price: <span style=\"color:#b12704\">[price_with_discount]<\/span><br \/><i><small>(as of [price_update_date] &#8211; <span class=\"wp_automatic_amazon_disclaimer\" title=\"Product prices and availability are accurate as of the date\/time indicated and are subject to change. Any price and availability information displayed on [relevant Amazon Site(s), as applicable] at the time of purchase will apply to the purchase of this product.\">Details<\/span>)<\/small><\/i><\/p>\n<p><a href=\"https:\/\/amazon.de\/dp\/B09FMHWDKB?tag=topgetestet09-21\"><img decoding=\"async\" src=\"https:\/\/i.imgur.com\/ISRHEWs.png\"><\/a><br \/>\n[ad_1]<br \/>\n <span>In diesem preisgekr\u00f6nten filmischen Action-Thriller begibt sich der angeschlagene Autor Alan Wake auf die verzweifelte Suche nach seiner vermissten Frau Alice. Als er die Seiten einer Horrorgeschichte entdeckt, die er angeblich geschrieben hat, an die er sich aber nicht erinnern kann, wird Wakes Griff zur Realit\u00e4t bedroht, als er sich der immer n\u00e4her r\u00fcckenden Dunkelheit stellt. Die Horrorgeschichte wird wahr&#8230;<\/span> <br \/> Alterseinstufung \u200f : \u200e  USK ab 16 freigegeben <br \/> Verpackungsabmessungen \u200f : \u200e  16.9 x 13.6 x 1.7 cm; 80 Gramm <br \/> Erscheinungstermin \u200f : \u200e  5. Oktober 2021 <br \/> ASIN \u200f : \u200e  B09FMHWDKB <\/p>\n<p>Schw\u00e4cht \u2018The Taken\u2019 mit Licht, bevor ihr sie endg\u00fcltig fertigstellt<br \/>Verwenden Sie Lichter in der Umgebung als Inseln der Sicherheit in einer Welt, in der Dunkelheit t\u00f6dlich ist<br \/>Finden Sie Manuskriptseiten aus einem Roman Wake kann sich nicht daran erinnern, geschrieben zu haben<br \/>Reise durch eine visuell beeindruckende und furchterregende Version des pazifischen Nordwestens, mit neu \u00fcberarbeiteter visueller Wiedergabetreue, die ein klassisches Spiel auf neue Plattformen und Spieler bringt<br \/>\n<br \/>[ad_2]<\/p>\n","protected":false},"excerpt":{"rendered":"<p>Price: [price_with_discount](as of [price_update_date] &#8211; Details) [ad_1] In diesem preisgekr\u00f6nten filmischen Action-Thriller begibt sich der angeschlagene Autor Alan Wake auf die verzweifelte Suche nach seiner vermissten Frau Alice. Als er<\/p>\n","protected":false},"featured_media":28770,"comment_status":"open","ping_status":"closed","template":"","meta":[],"product_cat":[227],"product_tag":[261],"class_list":{"0":"post-28769","1":"product","2":"type-product","3":"status-publish","4":"has-post-thumbnail","6":"product_cat-gaming","7":"product_tag-playstation-legacy-games","9":"first","10":"instock","11":"sale","12":"shipping-taxable","13":"product-type-external"},"aioseo_notices":[],"_links":{"self":[{"href":"https:\/\/topgetestet.de\/index.php?rest_route=\/wp\/v2\/product\/28769","targetHints":{"allow":["GET"]}}],"collection":[{"href":"https:\/\/topgetestet.de\/index.php?rest_route=\/wp\/v2\/product"}],"about":[{"href":"https:\/\/topgetestet.de\/index.php?rest_route=\/wp\/v2\/types\/product"}],"replies":[{"embeddable":true,"href":"https:\/\/topgetestet.de\/index.php?rest_route=%2Fwp%2Fv2%2Fcomments&post=28769"}],"wp:featuredmedia":[{"embeddable":true,"href":"https:\/\/topgetestet.de\/index.php?rest_route=\/wp\/v2\/media\/28770"}],"wp:attachment":[{"href":"https:\/\/topgetestet.de\/index.php?rest_route=%2Fwp%2Fv2%2Fmedia&parent=28769"}],"wp:term":[{"taxonomy":"product_cat","embeddable":true,"href":"https:\/\/topgetestet.de\/index.php?rest_route=%2Fwp%2Fv2%2Fproduct_cat&post=28769"},{"taxonomy":"product_tag","embeddable":true,"href":"https:\/\/topgetestet.de\/index.php?rest_route=%2Fwp%2Fv2%2Fproduct_tag&post=28769"}],"curies":[{"name":"wp","href":"https:\/\/api.w.org\/{rel}","templated":true}]}}