{"id":28664,"date":"2022-09-25T21:00:45","date_gmt":"2022-09-25T21:00:45","guid":{"rendered":"https:\/\/topgetestet.de\/?product=asics-damen-gel-cumulus-22-laufschuh"},"modified":"2022-09-25T21:00:45","modified_gmt":"2022-09-25T21:00:45","slug":"asics-damen-gel-cumulus-22-laufschuh","status":"publish","type":"product","link":"https:\/\/topgetestet.de\/?product=asics-damen-gel-cumulus-22-laufschuh","title":{"rendered":"ASICS Damen Gel-Cumulus 22 Laufschuh"},"content":{"rendered":"<p>Price: <span style=\"color:#b12704\">[price_with_discount]<\/span><br \/><i><small>(as of [price_update_date] &#8211; <span class=\"wp_automatic_amazon_disclaimer\" title=\"Product prices and availability are accurate as of the date\/time indicated and are subject to change. Any price and availability information displayed on [relevant Amazon Site(s), as applicable] at the time of purchase will apply to the purchase of this product.\">Details<\/span>)<\/small><\/i><\/p>\n<p><a href=\"https:\/\/amazon.de\/dp\/B09MWHHGKV?tag=topgetestet09-21\"><img decoding=\"async\" src=\"https:\/\/i.imgur.com\/ISRHEWs.png\"><\/a><br \/>\n[ad_1]<br \/>\n <span>Der GEL-CUMULUS\u00ae 22 Laufschuh ist die empfohlene Wahl f\u00fcr neutrale L\u00e4ufer, die einen weichen und flexiblen Alltag mit optimaler Passform suchen. Dieses Upgrade verf\u00fcgt \u00fcber ein einteiliges Obermaterial aus Mesh kombiniert mit einer nahtlosen 3D-Druckstruktur, die Unterst\u00fctzung und Komfort um den Fu\u00df ausbalanciert und eine hervorragende Passform bietet. Die FLYTEFOAM\u00ae-Mittelsohle ist weicher als die vorherige Version f\u00fcr ein komfortables Fahren. Unter der Ferse wo der Fu\u00df erstmals auf den Boden trifft, wurde neu gestaltet, um den Aufprall besser zu isolieren. Dieses neue Fersendesign hat tiefere Rillen im Vorfu\u00df und eine weichere Zwischensohle aus Schaumstoff f\u00fcr eine weiche Fahrt. Eine robuste AHAR\u00ae Gummisohle wurde in Schl\u00fcsselkontaktbereichen platziert, um dem GEL-CUMULUS\u00ae 22 einen Tonnen Meilen standzuhalten.<\/span> <br \/> Verpackungsabmessungen \u200f : \u200e  32.1 x 19.8 x 12.2 cm; 710 Gramm <br \/> Im Angebot von Amazon.de seit \u200f : \u200e  2. Dezember 2021 <br \/> Hersteller \u200f : \u200e  Asics <br \/> ASIN \u200f : \u200e  B09MWH6187 <br \/> Modellnummer \u200f : \u200e  1011B189-005 <br \/> Kategorie \u200f : \u200e  Herren <\/p>\n<p>[ad_2]<\/p>\n","protected":false},"excerpt":{"rendered":"<p>Price: [price_with_discount](as of [price_update_date] &#8211; Details) [ad_1] Der GEL-CUMULUS\u00ae 22 Laufschuh ist die empfohlene Wahl f\u00fcr neutrale L\u00e4ufer, die einen weichen und flexiblen Alltag mit optimaler Passform suchen. Dieses Upgrade<\/p>\n","protected":false},"featured_media":28665,"comment_status":"open","ping_status":"closed","template":"","meta":[],"product_cat":[234],"product_tag":[235],"class_list":{"0":"post-28664","1":"product","2":"type-product","3":"status-publish","4":"has-post-thumbnail","6":"product_cat-shoes","7":"product_tag-mens-road-running-shoes","9":"first","10":"instock","11":"shipping-taxable","12":"product-type-external"},"aioseo_notices":[],"_links":{"self":[{"href":"https:\/\/topgetestet.de\/index.php?rest_route=\/wp\/v2\/product\/28664","targetHints":{"allow":["GET"]}}],"collection":[{"href":"https:\/\/topgetestet.de\/index.php?rest_route=\/wp\/v2\/product"}],"about":[{"href":"https:\/\/topgetestet.de\/index.php?rest_route=\/wp\/v2\/types\/product"}],"replies":[{"embeddable":true,"href":"https:\/\/topgetestet.de\/index.php?rest_route=%2Fwp%2Fv2%2Fcomments&post=28664"}],"wp:featuredmedia":[{"embeddable":true,"href":"https:\/\/topgetestet.de\/index.php?rest_route=\/wp\/v2\/media\/28665"}],"wp:attachment":[{"href":"https:\/\/topgetestet.de\/index.php?rest_route=%2Fwp%2Fv2%2Fmedia&parent=28664"}],"wp:term":[{"taxonomy":"product_cat","embeddable":true,"href":"https:\/\/topgetestet.de\/index.php?rest_route=%2Fwp%2Fv2%2Fproduct_cat&post=28664"},{"taxonomy":"product_tag","embeddable":true,"href":"https:\/\/topgetestet.de\/index.php?rest_route=%2Fwp%2Fv2%2Fproduct_tag&post=28664"}],"curies":[{"name":"wp","href":"https:\/\/api.w.org\/{rel}","templated":true}]}}